{"id":7518,"date":"2024-12-06T09:53:34","date_gmt":"2024-12-06T09:53:34","guid":{"rendered":"https:\/\/veda.polac.cz\/?page_id=7518"},"modified":"2024-12-06T09:55:47","modified_gmt":"2024-12-06T09:55:47","slug":"7518-2","status":"publish","type":"page","link":"https:\/\/veda.polac.cz\/?page_id=7518","title":{"rendered":""},"content":{"rendered":"<p style=\"text-align: center;\">Resum\u00e9 \u010dl\u00e1nku<\/p>\n<p><strong>Prevence proti covidu-19 ve v\u00fdkonu trestu odn\u011bt\u00ed svobody: nezam\u00fd\u0161len\u00e9 bezpe\u010dnostn\u00ed d\u016fsledky?<\/strong><\/p>\n<p><em>PhDr. Petr Ju\u0159\u00ed\u010dek, Ph.D., AMBIS vysok\u00e1 \u0161kola, a.s., katedra bezpe\u010dnosti a\u00a0pr\u00e1va<\/em><\/p>\n<p><em>doc. PhDr. Josef Smol\u00edk, Ph.D., <\/em><em>MBA, LL.M., MSc., Policejn\u00ed akademie \u010cesk\u00e9 republiky v\u00a0Praze, Fakulta bezpe\u010dnostn\u00edho managementu, katedra bezpe\u010dnostn\u00edch studi\u00ed<\/em><\/p>\n<p><strong>Abstrakt<\/strong><\/p>\n<p>Text se zam\u011b\u0159uje na souvislost mezi protipandemick\u00fdmi opat\u0159en\u00edmi a\u00a0jejich realizac\u00ed ve v\u00fdkonu trestu. \u010cl\u00e1nek na konkr\u00e9tn\u00edch p\u0159\u00edkladech a\u00a0legislativn\u00edch opat\u0159en\u00edch analyzuje vliv pandemie covidu-19 na chod v\u011bze\u0148sk\u00e9ho za\u0159\u00edzen\u00ed. \u010cl\u00e1nek bl\u00ed\u017ee popisuje p\u0159edev\u0161\u00edm opat\u0159en\u00ed t\u00fdkaj\u00edc\u00ed se dezinfek\u010dn\u00edch prost\u0159edk\u016f v\u00a0kontextu jejich zneu\u017e\u00edv\u00e1n\u00ed v\u011bzn\u011bn\u00fdmi osobami, kdy jsou tyto prost\u0159edky vn\u00edm\u00e1ny jako rizikov\u00fd faktor l\u00e9\u010dby u\u00a0odsouzen\u00fdch alkoholik\u016f. B\u011bhem pandemie covidu-19 doch\u00e1zelo ke zneu\u017e\u00edv\u00e1n\u00ed dezinfek\u010dn\u00edch prost\u0159edk\u016f a\u00a0jejich r\u016fznorod\u00e9 konzumaci. Po\u017e\u00edv\u00e1n\u00ed dezinfek\u010dn\u00edch prost\u0159edk\u016f mohlo nejenom po\u0161kodit zdrav\u00ed odsouzen\u00fdch, ale tak\u00e9 v\u00e9st ke zv\u00fd\u0161en\u00e9 konfliktnosti a\u00a0agresivit\u011b intoxikovan\u00fdch osob. Sou\u010d\u00e1st\u00ed textu je i\u00a0sociologick\u00e9 \u0161et\u0159en\u00ed, kter\u00e9 p\u0159ibli\u017euje probl\u00e9m na omezen\u00e9m po\u010dtu respondent\u016f. Toto sociologick\u00e9 \u0161et\u0159en\u00ed dokresluje teoretick\u00fd text a\u00a0diagnostikuje v\u00fdzkumn\u00fd probl\u00e9m, kter\u00fd by si zaslou\u017eil rozs\u00e1hlej\u0161\u00ed v\u00fdzkum. Zku\u0161enosti s\u00a0pandemi\u00ed covidu-19 ve v\u011bze\u0148sk\u00e9m prost\u0159ed\u00ed mohou b\u00fdt prosp\u011b\u0161n\u00e9, pokud by se situace opakovala. Text je teoreticky ukotven v\u00a0p\u0159\u00edstupu Roberta Mertona, kter\u00fd popsal fenom\u00e9n nezam\u00fd\u0161len\u00fdch d\u016fsledk\u016f.<\/p>\n<p><strong>Kl\u00ed\u010dov\u00e1 slova: <\/strong>bezpe\u010dnost, dezinfekce, covid-19, alkohol, agresivita, konflikty.<\/p>\n<hr \/>\n<p><a href=\"https:\/\/veda.polac.cz\/?page_id=7514\">Zp\u011bt<\/a><\/p>\n","protected":false},"excerpt":{"rendered":"<p>Resum\u00e9 \u010dl\u00e1nku Prevence proti covidu-19 ve v\u00fdkonu trestu odn\u011bt\u00ed svobody: nezam\u00fd\u0161len\u00e9 bezpe\u010dnostn\u00ed d\u016fsledky? PhDr. Petr Ju\u0159\u00ed\u010dek, Ph.D., AMBIS vysok\u00e1 \u0161kola, a.s., katedra bezpe\u010dnosti a\u00a0pr\u00e1va doc. PhDr. Josef Smol\u00edk, Ph.D., MBA, LL.M., MSc., Policejn\u00ed akademie \u010cesk\u00e9 republiky v\u00a0Praze, Fakulta bezpe\u010dnostn\u00edho managementu, katedra bezpe\u010dnostn\u00edch studi\u00ed Abstrakt Text se zam\u011b\u0159uje na souvislost mezi protipandemick\u00fdmi opat\u0159en\u00edmi a\u00a0jejich realizac\u00ed ve [&hellip;]<\/p>\n","protected":false},"author":6,"featured_media":0,"parent":0,"menu_order":0,"comment_status":"closed","ping_status":"closed","template":"","meta":{"footnotes":""},"class_list":["post-7518","page","type-page","status-publish","hentry"],"_links":{"self":[{"href":"https:\/\/veda.polac.cz\/index.php?rest_route=\/wp\/v2\/pages\/7518","targetHints":{"allow":["GET"]}}],"collection":[{"href":"https:\/\/veda.polac.cz\/index.php?rest_route=\/wp\/v2\/pages"}],"about":[{"href":"https:\/\/veda.polac.cz\/index.php?rest_route=\/wp\/v2\/types\/page"}],"author":[{"embeddable":true,"href":"https:\/\/veda.polac.cz\/index.php?rest_route=\/wp\/v2\/users\/6"}],"replies":[{"embeddable":true,"href":"https:\/\/veda.polac.cz\/index.php?rest_route=%2Fwp%2Fv2%2Fcomments&post=7518"}],"version-history":[{"count":2,"href":"https:\/\/veda.polac.cz\/index.php?rest_route=\/wp\/v2\/pages\/7518\/revisions"}],"predecessor-version":[{"id":7523,"href":"https:\/\/veda.polac.cz\/index.php?rest_route=\/wp\/v2\/pages\/7518\/revisions\/7523"}],"wp:attachment":[{"href":"https:\/\/veda.polac.cz\/index.php?rest_route=%2Fwp%2Fv2%2Fmedia&parent=7518"}],"curies":[{"name":"wp","href":"https:\/\/api.w.org\/{rel}","templated":true}]}}