{"id":7516,"date":"2024-12-06T09:49:40","date_gmt":"2024-12-06T09:49:40","guid":{"rendered":"https:\/\/veda.polac.cz\/?page_id=7516"},"modified":"2024-12-06T09:49:40","modified_gmt":"2024-12-06T09:49:40","slug":"7516-2","status":"publish","type":"page","link":"https:\/\/veda.polac.cz\/?page_id=7516","title":{"rendered":""},"content":{"rendered":"<p style=\"text-align: center;\">Resum\u00e9 \u010dl\u00e1nku<\/p>\n<p><strong>Role Crowdsourcingu p\u0159i dokumentaci a vy\u0161et\u0159ov\u00e1n\u00ed v\u00e1le\u010dn\u00fdch zlo\u010din\u016f<\/strong><\/p>\n<p><em>Mgr. Karel Pe\u0161ek, Univerzita obrany, Brno, \u00dastav zpravodajsk\u00fdch studi\u00ed<\/em><\/p>\n<p><em>prof. JUDr. PhDr. Miroslav Mare\u0161, Ph.D., Masarykova univerzita, Brno, Fakulta soci\u00e1ln\u00edch studi\u00ed, katedra politologie<\/em><\/p>\n<p><strong>Abstrakt<\/strong><\/p>\n<p>Tento p\u0159\u00edsp\u011bvek se v\u011bnuje vyu\u017eit\u00ed specifick\u00e9ho n\u00e1stroje pro shroma\u017e\u010fov\u00e1n\u00ed d\u016fkazn\u00edho materi\u00e1lu v\u00a0prost\u0159ed\u00ed konflikt\u016f \u2013 crowdsourcingu \u2013 v\u00a0procesech dokumentace a\u00a0vy\u0161et\u0159ov\u00e1n\u00ed v\u00e1le\u010dn\u00fdch zlo\u010din\u016f. Auto\u0159i objas\u0148uj\u00ed hlavn\u00ed soudob\u00e9 v\u00fdzvy a\u00a0demonstruj\u00ed je s\u00a0pomoc\u00ed p\u0159\u00edklad\u016f ze soudob\u00fdch konflikt\u016f (v\u010detn\u011b v\u00e1lky na Ukrajin\u011b).<\/p>\n<p><strong>Kl\u00ed\u010dov\u00e1 slova: <\/strong>crowdsourcing, ob\u010dansk\u00e9 zpravodajstv\u00ed, v\u00e1le\u010dn\u00e9 zlo\u010diny, p\u0159\u00edpustnost, dokumentace, vy\u0161et\u0159ov\u00e1n\u00ed.<\/p>\n<hr \/>\n<p><a href=\"https:\/\/veda.polac.cz\/?page_id=7514\">Zp\u011bt<\/a><\/p>\n","protected":false},"excerpt":{"rendered":"<p>Resum\u00e9 \u010dl\u00e1nku Role Crowdsourcingu p\u0159i dokumentaci a vy\u0161et\u0159ov\u00e1n\u00ed v\u00e1le\u010dn\u00fdch zlo\u010din\u016f Mgr. Karel Pe\u0161ek, Univerzita obrany, Brno, \u00dastav zpravodajsk\u00fdch studi\u00ed prof. JUDr. PhDr. Miroslav Mare\u0161, Ph.D., Masarykova univerzita, Brno, Fakulta soci\u00e1ln\u00edch studi\u00ed, katedra politologie Abstrakt Tento p\u0159\u00edsp\u011bvek se v\u011bnuje vyu\u017eit\u00ed specifick\u00e9ho n\u00e1stroje pro shroma\u017e\u010fov\u00e1n\u00ed d\u016fkazn\u00edho materi\u00e1lu v\u00a0prost\u0159ed\u00ed konflikt\u016f \u2013 crowdsourcingu \u2013 v\u00a0procesech dokumentace a\u00a0vy\u0161et\u0159ov\u00e1n\u00ed v\u00e1le\u010dn\u00fdch zlo\u010din\u016f. [&hellip;]<\/p>\n","protected":false},"author":6,"featured_media":0,"parent":0,"menu_order":0,"comment_status":"closed","ping_status":"closed","template":"","meta":{"footnotes":""},"class_list":["post-7516","page","type-page","status-publish","hentry"],"_links":{"self":[{"href":"https:\/\/veda.polac.cz\/index.php?rest_route=\/wp\/v2\/pages\/7516","targetHints":{"allow":["GET"]}}],"collection":[{"href":"https:\/\/veda.polac.cz\/index.php?rest_route=\/wp\/v2\/pages"}],"about":[{"href":"https:\/\/veda.polac.cz\/index.php?rest_route=\/wp\/v2\/types\/page"}],"author":[{"embeddable":true,"href":"https:\/\/veda.polac.cz\/index.php?rest_route=\/wp\/v2\/users\/6"}],"replies":[{"embeddable":true,"href":"https:\/\/veda.polac.cz\/index.php?rest_route=%2Fwp%2Fv2%2Fcomments&post=7516"}],"version-history":[{"count":1,"href":"https:\/\/veda.polac.cz\/index.php?rest_route=\/wp\/v2\/pages\/7516\/revisions"}],"predecessor-version":[{"id":7517,"href":"https:\/\/veda.polac.cz\/index.php?rest_route=\/wp\/v2\/pages\/7516\/revisions\/7517"}],"wp:attachment":[{"href":"https:\/\/veda.polac.cz\/index.php?rest_route=%2Fwp%2Fv2%2Fmedia&parent=7516"}],"curies":[{"name":"wp","href":"https:\/\/api.w.org\/{rel}","templated":true}]}}