{"id":7514,"date":"2024-12-06T09:39:03","date_gmt":"2024-12-06T09:39:03","guid":{"rendered":"https:\/\/veda.polac.cz\/?page_id=7514"},"modified":"2024-12-06T13:36:52","modified_gmt":"2024-12-06T13:36:52","slug":"04-2024","status":"publish","type":"page","link":"https:\/\/veda.polac.cz\/?page_id=7514","title":{"rendered":"04\/2024"},"content":{"rendered":"<p><a href=\"https:\/\/veda.polac.cz\/?page_id=7516\"><strong>Role Crowdsourcingu p\u0159i dokumentaci a vy\u0161et\u0159ov\u00e1n\u00ed v\u00e1le\u010dn\u00fdch zlo\u010din\u016f<\/strong><\/a><\/p>\n<p>Mgr. Karel Pe\u0161ek, Univerzita obrany, Brno, \u00dastav zpravodajsk\u00fdch studi\u00ed<br \/>\nprof. JUDr. PhDr. Miroslav Mare\u0161, Ph.D., Masarykova univerzita, Brno,<br \/>\nFakulta soci\u00e1ln\u00edch studi\u00ed, katedra politologie<\/p>\n<p><a href=\"https:\/\/veda.polac.cz\/wp-content\/uploads\/2024\/12\/Role-Crowdsourcingu-pri-dokumentaci-a-vysetrovani-valecnych-zlocinu.pdf\" target=\"_blank\" rel=\"noopener\">pdf format<\/a><\/p>\n<hr \/>\n<p><a href=\"https:\/\/veda.polac.cz\/?page_id=7518\"><strong>Prevence proti Covid-19 ve v\u00fdkonu trestu odn\u011bt\u00ed svobody: nezam\u00fd\u0161len\u00e9 bezpe\u010dnostn\u00ed d\u016fsledky?<\/strong><\/a><\/p>\n<p>PhDr. Petr Ju\u0159\u00ed\u010dek, Ph.D., AMBIS vysok\u00e1 \u0161kola, a.s., katedra bezpe\u010dnosti a pr\u00e1va<br \/>\ndoc. PhDr. Josef Smol\u00edk, Ph.D., MBA, LL.M., MSc., Policejn\u00ed akademie \u010cesk\u00e9 republiky v Praze, Fakulta bezpe\u010dnostn\u00edho managementu, katedra bezpe\u010dnostn\u00edch studi\u00ed<\/p>\n<p><a href=\"https:\/\/veda.polac.cz\/wp-content\/uploads\/2024\/12\/Prevence-proti-Covid-19-ve-vykonu-trestu-odneti-svobody-nezamyslene-bezpecnostni-dusledky.pdf\" target=\"_blank\" rel=\"noopener\">pdf format<\/a><\/p>\n<hr \/>\n<p><strong><a href=\"https:\/\/veda.polac.cz\/?page_id=7524\">Kvalitativn\u00ed posilov\u00e1n\u00ed trestn\u011bpr\u00e1vn\u00ed ochrany p\u0159ed n\u00e1sil\u00edm v\u016f\u010di \u017een\u00e1m a dom\u00e1c\u00edho n\u00e1sil\u00ed v EU<\/a><\/strong><\/p>\n<p>JUDr. Mgr. Bc. \u0160t\u011bp\u00e1n Ko\u0159\u00ednek, Univerzita Mateja Bela v Bansk\u00e9 Bystrici, Slovensk\u00e1 republika, Pr\u00e1vnick\u00e1 fakulta, katedra trestn\u00e9ho pr\u00e1va, kriminol\u00f3gie, kriminalistiky a forenznych vied<\/p>\n<p><a href=\"https:\/\/veda.polac.cz\/wp-content\/uploads\/2024\/12\/Kvalitativni-posilovani-trestnepravni-ochrany-pred-nasilim-vuci-zenam-a-domaciho-nasili-v-EU.pdf\" target=\"_blank\" rel=\"noopener\">pdf format<\/a><\/p>\n<hr \/>\n<p><a href=\"https:\/\/veda.polac.cz\/?page_id=7527\"><strong>Mo\u017enosti vyu\u017eit\u00ed neuropsychologick\u00fdch a projektivn\u00edch metod v detekci typu fabulace a simulace u delikvent\u016f<\/strong><\/a><\/p>\n<p>Mgr. Martin Antu\u0161\u00e1k, Vzd\u011bl\u00e1vac\u00ed institut, D\u011b\u010d\u00edn, V\u011bznice Ruzyn\u011b<br \/>\nprof. PhDr. Lenka Kr\u00e1msk\u00e1, Ph.D., Nemocnice Na Homolce, Praha<\/p>\n<p><a href=\"https:\/\/veda.polac.cz\/wp-content\/uploads\/2024\/12\/Moznosti-vyuziti-neuropsychologickych-a-projektivnich-metod-v-detekci-typu-fabulace-a-simulace-u-delikventu.pdf\" target=\"_blank\" rel=\"noopener\">pdf format<\/a><\/p>\n<hr \/>\n<p><a href=\"https:\/\/veda.polac.cz\/?page_id=7529\"><strong>Posouzen\u00ed v\u00fdznamu dekontaminace osob po zasa\u017een\u00ed bojov\u00fdmi chemick\u00fdmi l\u00e1tkami teroristick\u00fdm zp\u016fsobem<\/strong><\/a><\/p>\n<p>Ing. Lubom\u00edr Pol\u00edvka, Policejn\u00ed akademie \u010cesk\u00e9 republiky v Praze, Fakulta bezpe\u010dnostn\u00edho managementu, katedra krizov\u00e9ho \u0159\u00edzen\u00ed<\/p>\n<p><a href=\"https:\/\/veda.polac.cz\/wp-content\/uploads\/2024\/12\/Posouzeni-vyznamu-dekontaminace-osob-po-zasazeni-bojovymi-chemickymi-latkami-teroristickym-zpusobem.pdf\" target=\"_blank\" rel=\"noopener\">pdf format<\/a><\/p>\n<hr \/>\n<p><a href=\"https:\/\/veda.polac.cz\/?page_id=7531\"><strong>Z\u00e1sady komunikace rizika CBRN s ve\u0159ejnost\u00ed s d\u016frazem na oblast radia\u010dn\u00edho a jadern\u00e9ho nebezpe\u010d\u00ed v \u010cR<\/strong><\/a><\/p>\n<p>Ing. Karel Malinovsk\u00fd, Policejn\u00ed akademie \u010cesk\u00e9 republiky v Praze,<br \/>\nFakulta bezpe\u010dnostn\u00edho managementu, katedra krizov\u00e9ho \u0159\u00edzen\u00ed<br \/>\ndoc. Ing. Jozef Sabol, DrSc., Policejn\u00ed akademie \u010cesk\u00e9 republiky v Praze,<br \/>\nFakulta bezpe\u010dnostn\u00edho managementu, katedra krizov\u00e9ho \u0159\u00edzen\u00ed<\/p>\n<p><a href=\"https:\/\/veda.polac.cz\/wp-content\/uploads\/2024\/12\/Zasady-komunikace-rizika-CBRN-s-verejnosti-s-durazem-na-oblast-radiacniho-a-jaderneho-nebezpeci-v-CR.pdf\" target=\"_blank\" rel=\"noopener\">pdf format<\/a><\/p>\n<hr \/>\n<p><a href=\"https:\/\/veda.polac.cz\/?page_id=7533\"><strong>Finan\u010dn\u00e9 spravodajstvo ako n\u00e1stroj boja proti legaliz\u00e1cii v\u00fdnosu z trestnej \u010dinnosti<\/strong><\/a><\/p>\n<p>JUDr. Juraj Hollan, Finan\u010dn\u00ed zpravodajsk\u00e1 jednotka, Bratislava, Slovensk\u00e1 republika<\/p>\n<p><a href=\"https:\/\/veda.polac.cz\/wp-content\/uploads\/2024\/12\/Financne-spravodajstvo-ako-nastroj-boja-proti-legalizacii-vynosu-z-trestnej-cinnosti.pdf\" target=\"_blank\" rel=\"noopener\">pdf format<\/a><\/p>\n<hr \/>\n<p><a href=\"https:\/\/veda.polac.cz\/?page_id=7535\"><strong>Posilnenie bezpe\u010dnosti prostredn\u00edctvom vzdel\u00e1vania<\/strong><\/a><\/p>\n<p>mjr. doc. PhDr. JUDr. Mgr. Jozef Medelsk\u00fd, PhD., Akad\u00e9mia Policajn\u00e9ho zboru, Bratislava, Slovensk\u00e1 republika, katedra verejnopr\u00e1vnych vied<\/p>\n<p><a href=\"https:\/\/veda.polac.cz\/wp-content\/uploads\/2024\/12\/Posilnenie-bezpecnosti-prostrednictvom-vzdelavania.pdf\" target=\"_blank\" rel=\"noopener\">pdf format<\/a><\/p>\n<hr \/>\n","protected":false},"excerpt":{"rendered":"<p>Role Crowdsourcingu p\u0159i dokumentaci a vy\u0161et\u0159ov\u00e1n\u00ed v\u00e1le\u010dn\u00fdch zlo\u010din\u016f Mgr. Karel Pe\u0161ek, Univerzita obrany, Brno, \u00dastav zpravodajsk\u00fdch studi\u00ed prof. JUDr. PhDr. Miroslav Mare\u0161, Ph.D., Masarykova univerzita, Brno, Fakulta soci\u00e1ln\u00edch studi\u00ed, katedra politologie pdf format Prevence proti Covid-19 ve v\u00fdkonu trestu odn\u011bt\u00ed svobody: nezam\u00fd\u0161len\u00e9 bezpe\u010dnostn\u00ed d\u016fsledky? PhDr. Petr Ju\u0159\u00ed\u010dek, Ph.D., AMBIS vysok\u00e1 \u0161kola, a.s., katedra bezpe\u010dnosti a [&hellip;]<\/p>\n","protected":false},"author":6,"featured_media":0,"parent":0,"menu_order":0,"comment_status":"closed","ping_status":"closed","template":"","meta":{"footnotes":""},"class_list":["post-7514","page","type-page","status-publish","hentry"],"_links":{"self":[{"href":"https:\/\/veda.polac.cz\/index.php?rest_route=\/wp\/v2\/pages\/7514","targetHints":{"allow":["GET"]}}],"collection":[{"href":"https:\/\/veda.polac.cz\/index.php?rest_route=\/wp\/v2\/pages"}],"about":[{"href":"https:\/\/veda.polac.cz\/index.php?rest_route=\/wp\/v2\/types\/page"}],"author":[{"embeddable":true,"href":"https:\/\/veda.polac.cz\/index.php?rest_route=\/wp\/v2\/users\/6"}],"replies":[{"embeddable":true,"href":"https:\/\/veda.polac.cz\/index.php?rest_route=%2Fwp%2Fv2%2Fcomments&post=7514"}],"version-history":[{"count":5,"href":"https:\/\/veda.polac.cz\/index.php?rest_route=\/wp\/v2\/pages\/7514\/revisions"}],"predecessor-version":[{"id":7547,"href":"https:\/\/veda.polac.cz\/index.php?rest_route=\/wp\/v2\/pages\/7514\/revisions\/7547"}],"wp:attachment":[{"href":"https:\/\/veda.polac.cz\/index.php?rest_route=%2Fwp%2Fv2%2Fmedia&parent=7514"}],"curies":[{"name":"wp","href":"https:\/\/api.w.org\/{rel}","templated":true}]}}