{"id":751,"date":"2018-09-13T20:23:16","date_gmt":"2018-09-13T20:23:16","guid":{"rendered":"http:\/\/veda.polac.cz\/?page_id=751"},"modified":"2018-10-27T18:53:25","modified_gmt":"2018-10-27T18:53:25","slug":"2-2","status":"publish","type":"page","link":"https:\/\/veda.polac.cz\/?page_id=751","title":{"rendered":""},"content":{"rendered":"<p style=\"text-align: center;\">Resum\u00e9 \u010dl\u00e1nku<\/p>\n<p><strong>Vybran\u00e9 ot\u00e1zky viktimiza\u010dn\u00edch syndrom\u016f<br \/>\n<\/strong><i>doc. PhDr. Ludmila \u010c\u00edrtkov\u00e1, CSc., Fakulta bezpe\u010dnostn\u00edho managementu PA \u010cR v Praze, katedra spole\u010densk\u00fdch v\u011bd<\/p>\n<p><\/i>Viktimiza\u010dn\u00ed syndromy jako rape trauma \u010di syndrom t\u00fdran\u00e9ho partnera slou\u017e\u00ed ve forenzn\u00ed praxi pro popisov\u00e1n\u00ed a hodnocen\u00ed n\u00e1sledk\u016f viktimizace. Autorka \u010dl\u00e1nku charakterizuje podstatu viktimiza\u010dn\u00edch syndrom\u016f a analyzuje jejich vztah k ofici\u00e1ln\u00edm diagnostick\u00fdm kategori\u00edm v ICD-10 nebo DSM-V. Podrobn\u011bji popisuje typick\u00e9 p\u0159\u00edznaky tzv. traumatu zn\u00e1siln\u011bn\u00ed a syndromu t\u00fdran\u00e9 osoby, kter\u00fd je n\u00e1sledkem viktimizace u n\u011bkter\u00fdch podob dom\u00e1c\u00edho n\u00e1sil\u00ed.<br \/>\n<strong>Kl\u00ed\u010dov\u00e1 slova:<\/strong>\u00a0teorie viktimizace, viktimiza\u010dn\u00ed syndrom, diagnostick\u00e9 kategorie, rape trauma, syndrom t\u00fdran\u00e9 \u017eeny, syndrom t\u00fdran\u00e9ho partnera.<\/p>\n<p><a href=\"https:\/\/veda.polac.cz\/?page_id=747\">04\/2014<\/a><\/p>\n","protected":false},"excerpt":{"rendered":"<p>Resum\u00e9 \u010dl\u00e1nku Vybran\u00e9 ot\u00e1zky viktimiza\u010dn\u00edch syndrom\u016f doc. PhDr. Ludmila \u010c\u00edrtkov\u00e1, CSc., Fakulta bezpe\u010dnostn\u00edho managementu PA \u010cR v Praze, katedra spole\u010densk\u00fdch v\u011bd Viktimiza\u010dn\u00ed syndromy jako rape trauma \u010di syndrom t\u00fdran\u00e9ho partnera slou\u017e\u00ed ve forenzn\u00ed praxi pro popisov\u00e1n\u00ed a hodnocen\u00ed n\u00e1sledk\u016f viktimizace. Autorka \u010dl\u00e1nku charakterizuje podstatu viktimiza\u010dn\u00edch syndrom\u016f a analyzuje jejich vztah k ofici\u00e1ln\u00edm diagnostick\u00fdm kategori\u00edm v [&hellip;]<\/p>\n","protected":false},"author":2,"featured_media":0,"parent":747,"menu_order":2,"comment_status":"closed","ping_status":"closed","template":"","meta":{"footnotes":""},"class_list":["post-751","page","type-page","status-publish","hentry"],"_links":{"self":[{"href":"https:\/\/veda.polac.cz\/index.php?rest_route=\/wp\/v2\/pages\/751","targetHints":{"allow":["GET"]}}],"collection":[{"href":"https:\/\/veda.polac.cz\/index.php?rest_route=\/wp\/v2\/pages"}],"about":[{"href":"https:\/\/veda.polac.cz\/index.php?rest_route=\/wp\/v2\/types\/page"}],"author":[{"embeddable":true,"href":"https:\/\/veda.polac.cz\/index.php?rest_route=\/wp\/v2\/users\/2"}],"replies":[{"embeddable":true,"href":"https:\/\/veda.polac.cz\/index.php?rest_route=%2Fwp%2Fv2%2Fcomments&post=751"}],"version-history":[{"count":2,"href":"https:\/\/veda.polac.cz\/index.php?rest_route=\/wp\/v2\/pages\/751\/revisions"}],"predecessor-version":[{"id":783,"href":"https:\/\/veda.polac.cz\/index.php?rest_route=\/wp\/v2\/pages\/751\/revisions\/783"}],"up":[{"embeddable":true,"href":"https:\/\/veda.polac.cz\/index.php?rest_route=\/wp\/v2\/pages\/747"}],"wp:attachment":[{"href":"https:\/\/veda.polac.cz\/index.php?rest_route=%2Fwp%2Fv2%2Fmedia&parent=751"}],"curies":[{"name":"wp","href":"https:\/\/api.w.org\/{rel}","templated":true}]}}