{"id":7490,"date":"2024-09-27T12:15:34","date_gmt":"2024-09-27T12:15:34","guid":{"rendered":"https:\/\/veda.polac.cz\/?page_id=7490"},"modified":"2024-12-09T11:51:30","modified_gmt":"2024-12-09T11:51:30","slug":"7490-2","status":"publish","type":"page","link":"https:\/\/veda.polac.cz\/?page_id=7490&lang=en","title":{"rendered":""},"content":{"rendered":"<p style=\"text-align: center;\">Resume<\/p>\n<p><strong>The Issue of Collecting Biometric Data for the Purpose of Future Identification of Soldiers by the Military Police or Organisations Cooperating with the Military Police in the Territory of the V4 States<\/strong><\/p>\n<p><em>Mgr. Jarom\u00edr \u0160t\u011bp\u00e1nek, Police Academy of the Czech Republic in Prague, Security Legal Studies<\/em><\/p>\n<p><strong>Abstract<\/strong><\/p>\n<p>A comparative study of the activities of the Military Police of the V4 states, or of organisations cooperating with the Military Police, in the area of collecting biometric data of soldiers for the purposes of their possible future identification, including their legal subjectivity, scope of biometric data collected, and current applied practice.<\/p>\n<p><strong>Keywords:<\/strong> Military Police, Visegrad Four \u2013 V4, biometric data, individual identification<\/p>\n<hr \/>\n<p><a href=\"https:\/\/veda.polac.cz\/?page_id=7475&amp;lang=en\">Back<\/a><\/p>\n","protected":false},"excerpt":{"rendered":"<p>Resume The Issue of Collecting Biometric Data for the Purpose of Future Identification of Soldiers by the Military Police or Organisations Cooperating with the Military Police in the Territory of the V4 States Mgr. Jarom\u00edr \u0160t\u011bp\u00e1nek, Police Academy of the Czech Republic in Prague, Security Legal Studies Abstract A comparative study of the activities of [&hellip;]<\/p>\n","protected":false},"author":6,"featured_media":0,"parent":0,"menu_order":0,"comment_status":"closed","ping_status":"closed","template":"","meta":{"footnotes":""},"class_list":["post-7490","page","type-page","status-publish","hentry"],"_links":{"self":[{"href":"https:\/\/veda.polac.cz\/index.php?rest_route=\/wp\/v2\/pages\/7490","targetHints":{"allow":["GET"]}}],"collection":[{"href":"https:\/\/veda.polac.cz\/index.php?rest_route=\/wp\/v2\/pages"}],"about":[{"href":"https:\/\/veda.polac.cz\/index.php?rest_route=\/wp\/v2\/types\/page"}],"author":[{"embeddable":true,"href":"https:\/\/veda.polac.cz\/index.php?rest_route=\/wp\/v2\/users\/6"}],"replies":[{"embeddable":true,"href":"https:\/\/veda.polac.cz\/index.php?rest_route=%2Fwp%2Fv2%2Fcomments&post=7490"}],"version-history":[{"count":2,"href":"https:\/\/veda.polac.cz\/index.php?rest_route=\/wp\/v2\/pages\/7490\/revisions"}],"predecessor-version":[{"id":7580,"href":"https:\/\/veda.polac.cz\/index.php?rest_route=\/wp\/v2\/pages\/7490\/revisions\/7580"}],"wp:attachment":[{"href":"https:\/\/veda.polac.cz\/index.php?rest_route=%2Fwp%2Fv2%2Fmedia&parent=7490"}],"curies":[{"name":"wp","href":"https:\/\/api.w.org\/{rel}","templated":true}]}}