{"id":7488,"date":"2024-09-27T12:13:54","date_gmt":"2024-09-27T12:13:54","guid":{"rendered":"https:\/\/veda.polac.cz\/?page_id=7488"},"modified":"2024-12-09T11:51:56","modified_gmt":"2024-12-09T11:51:56","slug":"7488-2","status":"publish","type":"page","link":"https:\/\/veda.polac.cz\/?page_id=7488&lang=en","title":{"rendered":""},"content":{"rendered":"<p style=\"text-align: center;\">Resume<\/p>\n<p><strong>Football Hooliganism as a Criminal Activity: The Case of the Czech Republic<\/strong><\/p>\n<p><em>Mgr. Ond\u0159ej Kol\u00e1\u0159, Ph.D., Police Academy of the Czech Republic in Prague, Faculty of Security Management, Department of Security Studies<\/em><\/p>\n<p><em>Bc. Linda Dole\u017ealov\u00e1, Police Academy of the Czech Republic in Prague, Faculty of Security Management, Department of Security Studies<\/em><\/p>\n<p><em>doc. PhDr. Josef Smol\u00edk, Ph.D., MBA, LL.M., MSc., Police Academy of the Czech Republic in Prague, Faculty of Security Management, Department of Security Studies<\/em><\/p>\n<p><strong>Abstract<\/strong><\/p>\n<p>Football hooliganism is not only in the focus of sociology, psychology, or cultural anthropology, but it can also be approached from the point of view of criminology, security studies, or legal sciences. The paper comes with the definition of football hooliganism, which is seen as referring to specific crimes. Thus, football hooliganism is defined as a set of specific crimes or individual crimes listed in Act No. 40\/2009 Coll., the Criminal Code, as amended. The text is based on secondary data recorded by the Police of the Czech Republic for the period 2011-2021, but it is supplemented by statistics of the courts of law. The basic aim of the text is to present the phenomenon of football hooliganism from the point of view of criminology and to discuss trends in this criminal activity over the last 12 years. At the end of the article, possible preventive measures against this specific crime are also discussed.<\/p>\n<p><strong>Keywords: <\/strong>Football hooliganism, criminal activity, statistical data, violence prevention, racism.<\/p>\n<hr \/>\n<p><a href=\"https:\/\/veda.polac.cz\/?page_id=7475&amp;lang=en\">Back<\/a><\/p>\n","protected":false},"excerpt":{"rendered":"<p>Resume Football Hooliganism as a Criminal Activity: The Case of the Czech Republic Mgr. Ond\u0159ej Kol\u00e1\u0159, Ph.D., Police Academy of the Czech Republic in Prague, Faculty of Security Management, Department of Security Studies Bc. Linda Dole\u017ealov\u00e1, Police Academy of the Czech Republic in Prague, Faculty of Security Management, Department of Security Studies doc. PhDr. Josef [&hellip;]<\/p>\n","protected":false},"author":6,"featured_media":0,"parent":0,"menu_order":0,"comment_status":"closed","ping_status":"closed","template":"","meta":{"footnotes":""},"class_list":["post-7488","page","type-page","status-publish","hentry"],"_links":{"self":[{"href":"https:\/\/veda.polac.cz\/index.php?rest_route=\/wp\/v2\/pages\/7488","targetHints":{"allow":["GET"]}}],"collection":[{"href":"https:\/\/veda.polac.cz\/index.php?rest_route=\/wp\/v2\/pages"}],"about":[{"href":"https:\/\/veda.polac.cz\/index.php?rest_route=\/wp\/v2\/types\/page"}],"author":[{"embeddable":true,"href":"https:\/\/veda.polac.cz\/index.php?rest_route=\/wp\/v2\/users\/6"}],"replies":[{"embeddable":true,"href":"https:\/\/veda.polac.cz\/index.php?rest_route=%2Fwp%2Fv2%2Fcomments&post=7488"}],"version-history":[{"count":3,"href":"https:\/\/veda.polac.cz\/index.php?rest_route=\/wp\/v2\/pages\/7488\/revisions"}],"predecessor-version":[{"id":7581,"href":"https:\/\/veda.polac.cz\/index.php?rest_route=\/wp\/v2\/pages\/7488\/revisions\/7581"}],"wp:attachment":[{"href":"https:\/\/veda.polac.cz\/index.php?rest_route=%2Fwp%2Fv2%2Fmedia&parent=7488"}],"curies":[{"name":"wp","href":"https:\/\/api.w.org\/{rel}","templated":true}]}}