{"id":7475,"date":"2024-09-25T12:41:34","date_gmt":"2024-09-25T12:41:34","guid":{"rendered":"https:\/\/veda.polac.cz\/?page_id=7475"},"modified":"2024-09-27T12:22:23","modified_gmt":"2024-09-27T12:22:23","slug":"03-2024-2","status":"publish","type":"page","link":"https:\/\/veda.polac.cz\/?page_id=7475&lang=en","title":{"rendered":"03\/2024"},"content":{"rendered":"<p><a href=\"https:\/\/veda.polac.cz\/?page_id=7479&amp;lang=en\"><strong>Polish Police in the Security and Public Order Management System <\/strong><strong>in the Perspective of the war in Ukraine in 2022<\/strong><\/a><br \/>\ncol. Piotr Zalewski, PhD., Jan Kochanowski University of Kielce, Poland<br \/>\nFaculty of Law and Social Sciences, Institute of Security Sciences<br \/>\nDeputy Provincial Police Commander in Rzesz\u00f3w, Poland<\/p>\n<p><a href=\"https:\/\/veda.polac.cz\/wp-content\/uploads\/2024\/09\/Polska-policie-v-systemu-rizeni-bezpecnosti-a-verejneho-poradku-v-perspektive-valky-na-Ukrajine-v-roce-2022.pdf\" target=\"_blank\" rel=\"noopener\">download (pdf format)<\/a><\/p>\n<hr \/>\n<p><a href=\"https:\/\/veda.polac.cz\/?page_id=7481&amp;lang=en\"><strong>Information from Intelligence Services in Criminal Proceedings <\/strong><strong>in the Czech Republic<\/strong><\/a><br \/>\ndoc. JUDr. Ladislav Pokorn\u00fd, Ph.D., Police Academy of the Czech Republic in Prague, Faculty of Security and Law, Department of Criminal Police and Intelligence Services<\/p>\n<p><a href=\"https:\/\/veda.polac.cz\/wp-content\/uploads\/2024\/09\/Zpravodajske-informace-v-trestnim-rizeni-v-Ceske-republice.pdf\" target=\"_blank\" rel=\"noopener\">download (pdf format)<\/a><\/p>\n<hr \/>\n<p><a href=\"https:\/\/veda.polac.cz\/?page_id=7484&amp;lang=en\"><strong>Information Sources in the Process of Revealing the Legalization <\/strong><strong>of Proceeds of Crime<\/strong><\/a><br \/>\nprof. Ing. Jozef Stieranka, PhD., Academy of the Police Force in Bratislava,<br \/>\nSlovak Republic, Departmenf of Criminal Police<br \/>\nIng. Jana Hudecov\u00e1, LL.M., Academy of the Police Force in Bratislava, Slovak Republic, Departmenf of Criminal Police, external PhD. student<\/p>\n<p><a href=\"https:\/\/veda.polac.cz\/wp-content\/uploads\/2024\/09\/Zdroje-informacii-v-procese-odhalovania-legalizacie-prijmov-z-trestnej-cinnosti.pdf\" target=\"_blank\" rel=\"noopener\">download (pdf format)<\/a><\/p>\n<hr \/>\n<p><a href=\"https:\/\/veda.polac.cz\/?page_id=7486&amp;lang=en\"><strong>Where to Find Information on Foreign Registered Crime Statistics?<\/strong><\/a><br \/>\ndoc. Ing. Otakar Ji\u0159\u00ed Mika, CSc., Police Academy of the Czech Republic in Prague, Faculty of Security Management, Department of Crisis Management<br \/>\nplk. JUDr. Martin Bohman, Ph.D., Police of the Czech Republic, Headquarters of the Criminal Police and Investigation Service, Department of Strategic Analysis and Innovation, Department of Central Analytics<br \/>\ndoc. Mgr. Old\u0159ich Krul\u00edk, Ph.D., AMBIS College, Police of the Czech Republic, Headquarters of the Criminal Police and Investigation Service, Department of Strategic Analysis and Innovation, Department of Central Analytics<br \/>\nMgr. Marie Ma\u0161kov\u00e1, pplk. Mgr. Lenka Jir\u00e1tov\u00e1, Police of the Czech Republic, Headquarters of the Criminal Police and Investigation Service, Department of Strategic Analysis and Innovation, Department of Central Analytics<\/p>\n<p><a href=\"https:\/\/veda.polac.cz\/wp-content\/uploads\/2024\/09\/Kde-hledat-informace-o-zahranicnich-statistikach-registrovane-kriminality.pdf\" target=\"_blank\" rel=\"noopener\">download (pdf format)<\/a><\/p>\n<hr \/>\n<p><a href=\"https:\/\/veda.polac.cz\/?page_id=7488&amp;lang=en\"><strong>Football Hooliganism as a Criminal Activity: The Case of the Czech Republic<\/strong><\/a><br \/>\nMgr. Ond\u0159ej Kol\u00e1\u0159, Ph.D., Police Academy of the Czech Republic in Prague<br \/>\nFaculty of Security Management, Department of Security Studies<br \/>\ndoc. PhDr. Josef Smol\u00edk, Ph.D., MBA, LL.M., MSc., Police Academy of the Czech Republic in Prague, Faculty of Security Management, Department of Security Studies<br \/>\nBc. Linda Dole\u017ealov\u00e1, Police Academy of the Czech Republic in Prague, student<\/p>\n<p><a href=\"https:\/\/veda.polac.cz\/wp-content\/uploads\/2024\/09\/Fotbalove-chuliganstvi-jako-trestna-cinnost-priklad-Ceske-republiky.pdf\" target=\"_blank\" rel=\"noopener\">download (pdf format)<\/a><\/p>\n<hr \/>\n<p><a href=\"https:\/\/veda.polac.cz\/?page_id=7490&amp;lang=en\"><strong>The Issue of Collecting Biometric Data for the Purpose of Future Identification of Soldiers by the Military Police or Organisations Cooperating with the Military Police in the Territory of the V4 States<\/strong><\/a><br \/>\nMgr. Jarom\u00edr \u0160t\u011bp\u00e1nek, Police Academy of the Czech Republic in Prague, PhD. student<\/p>\n<p><a href=\"https:\/\/veda.polac.cz\/wp-content\/uploads\/2024\/09\/Problematika-odebirani-biometrickych-udaju-pro-ucely-budouci-identifikace-vojaku-ze-strany-Vojenske-policie-popripade-organizaci-spolupracujicich-s-Vojenskou-policii.pdf\" target=\"_blank\" rel=\"noopener\">download (pdf format)<\/a><\/p>\n<hr \/>\n","protected":false},"excerpt":{"rendered":"<p>Polish Police in the Security and Public Order Management System in the Perspective of the war in Ukraine in 2022 col. Piotr Zalewski, PhD., Jan Kochanowski University of Kielce, Poland Faculty of Law and Social Sciences, Institute of Security Sciences Deputy Provincial Police Commander in Rzesz\u00f3w, Poland download (pdf format) Information from Intelligence Services in [&hellip;]<\/p>\n","protected":false},"author":6,"featured_media":0,"parent":0,"menu_order":0,"comment_status":"closed","ping_status":"closed","template":"","meta":{"footnotes":""},"class_list":["post-7475","page","type-page","status-publish","hentry"],"_links":{"self":[{"href":"https:\/\/veda.polac.cz\/index.php?rest_route=\/wp\/v2\/pages\/7475","targetHints":{"allow":["GET"]}}],"collection":[{"href":"https:\/\/veda.polac.cz\/index.php?rest_route=\/wp\/v2\/pages"}],"about":[{"href":"https:\/\/veda.polac.cz\/index.php?rest_route=\/wp\/v2\/types\/page"}],"author":[{"embeddable":true,"href":"https:\/\/veda.polac.cz\/index.php?rest_route=\/wp\/v2\/users\/6"}],"replies":[{"embeddable":true,"href":"https:\/\/veda.polac.cz\/index.php?rest_route=%2Fwp%2Fv2%2Fcomments&post=7475"}],"version-history":[{"count":4,"href":"https:\/\/veda.polac.cz\/index.php?rest_route=\/wp\/v2\/pages\/7475\/revisions"}],"predecessor-version":[{"id":7494,"href":"https:\/\/veda.polac.cz\/index.php?rest_route=\/wp\/v2\/pages\/7475\/revisions\/7494"}],"wp:attachment":[{"href":"https:\/\/veda.polac.cz\/index.php?rest_route=%2Fwp%2Fv2%2Fmedia&parent=7475"}],"curies":[{"name":"wp","href":"https:\/\/api.w.org\/{rel}","templated":true}]}}