{"id":747,"date":"2018-09-13T20:20:55","date_gmt":"2018-09-13T20:20:55","guid":{"rendered":"http:\/\/veda.polac.cz\/?page_id=747"},"modified":"2019-04-18T10:49:18","modified_gmt":"2019-04-18T10:49:18","slug":"04-2014","status":"publish","type":"page","link":"https:\/\/veda.polac.cz\/?page_id=747","title":{"rendered":"04\/2014"},"content":{"rendered":"<p><a href=\"https:\/\/veda.polac.cz\/?page_id=735\"><strong>Odhalov\u00e1n\u00ed a identifikace trestn\u00e9 \u010dinnosti s extremistick\u00fdm podtextem\u00a0<\/strong><\/a><br \/>\npplk. Mgr. Barbora Vegrichtov\u00e1, MBA<\/p>\n<hr \/>\n<p><a href=\"https:\/\/veda.polac.cz\/?page_id=751\"><strong>Vybran\u00e9 ot\u00e1zky viktimiza\u010dn\u00edch syndrom\u016f\u00a0<\/strong><\/a><br \/>\ndoc. PhDr. Ludmila \u010c\u00edrtkov\u00e1, CSc.<\/p>\n<hr \/>\n<p><a href=\"https:\/\/veda.polac.cz\/?page_id=753\"><strong>M\u00e1 policista povinnost sd\u011blit p\u0159i projedn\u00e1v\u00e1n\u00ed jeho deliktu p\u0159\u00edslu\u0161nost k bezpe\u010dnostn\u00edmu sboru?\u00a0<\/strong><\/a><br \/>\nJUDr. Zden\u011bk Fiala, Ph.D., Mgr. Krist\u00fdna Bene\u0161ov\u00e1<\/p>\n<hr \/>\n<p><a href=\"https:\/\/veda.polac.cz\/?page_id=755\"><strong>Zranitelnost postmodern\u00ed spole\u010dnosti\u00a0<\/strong><\/a><br \/>\nMgr. \u0160t\u011bp\u00e1n Strnad<\/p>\n<hr \/>\n<p><a href=\"https:\/\/veda.polac.cz\/?page_id=757\"><strong>Energetick\u00e1 politika v Evrop\u011b: Turbulence na obzoru\u00a0<\/strong><\/a><br \/>\nMgr. Luk\u00e1\u0161 Harazin, prof. Ing. Bed\u0159ich \u0160est\u00e1k, DrSc., Mgr. Old\u0159ich Krul\u00edk, Ph.D.<\/p>\n<hr \/>\n<p><a href=\"https:\/\/veda.polac.cz\/?page_id=759\"><strong>Hrozby a nov\u00e9 v\u00fdzvy pro zaji\u0161\u0165ov\u00e1n\u00ed bezpe\u010dnosti \u010cesk\u00e9 republiky\u00a0<\/strong><\/a><br \/>\nMgr. Martin Linhart<\/p>\n<hr \/>\n<p><a href=\"https:\/\/veda.polac.cz\/?page_id=761\"><strong>N\u011bkolik pozn\u00e1mek k trestn\u00e9mu \u010dinu neposkytnut\u00ed pomoci\u00a0<\/strong><\/a><br \/>\nJUDr. Miroslav Polcar, Ph.D.<\/p>\n<hr \/>\n<p><a href=\"https:\/\/veda.polac.cz\/?page_id=763\"><strong>Nutn\u00e1 obrana\u00a0<\/strong><\/a><br \/>\ndoc. JUDr. Franti\u0161ek Novotn\u00fd, CSc., JUDr. Petr Hulinsk\u00fd, Ph.D.<\/p>\n<hr \/>\n<p><a href=\"https:\/\/veda.polac.cz\/?page_id=765\"><strong>Krajn\u00ed pravice a populist\u00e9 v Evropsk\u00e9m parlamentu\u00a0<\/strong><\/a><br \/>\nPhDr. Ladislava Tejchmanov\u00e1, Ph.D.<\/p>\n<hr \/>\n<p><a href=\"https:\/\/veda.polac.cz\/?page_id=767\"><strong>St\u0159edisko pro koordinaci odezvy na mimo\u0159\u00e1dn\u00e9 ud\u00e1losti jako n\u00e1stupce unijn\u00edho Monitorovac\u00edho a informa\u010dn\u00edho st\u0159ediska\u00a0<\/strong><\/a><br \/>\nMgr. Lenka Jakubcov\u00e1; Mgr. Old\u0159ich Krul\u00edk, Ph.D.<\/p>\n<hr \/>\n<p><a href=\"https:\/\/veda.polac.cz\/?page_id=769\"><strong>&#8222;Ledov\u00e1 apokalypsa&#8220; ve Slovinsku a pomoc \u010cesk\u00e9 republiky\u00a0<\/strong><\/a><br \/>\nTom\u00e1\u0161 \u010cech, DiS.<\/p>\n<hr \/>\n<p><a href=\"https:\/\/veda.polac.cz\/?page_id=235\">Zp\u011bt<\/a><\/p>\n","protected":false},"excerpt":{"rendered":"<p>Odhalov\u00e1n\u00ed a identifikace trestn\u00e9 \u010dinnosti s extremistick\u00fdm podtextem\u00a0 pplk. Mgr. Barbora Vegrichtov\u00e1, MBA Vybran\u00e9 ot\u00e1zky viktimiza\u010dn\u00edch syndrom\u016f\u00a0 doc. PhDr. Ludmila \u010c\u00edrtkov\u00e1, CSc. M\u00e1 policista povinnost sd\u011blit p\u0159i projedn\u00e1v\u00e1n\u00ed jeho deliktu p\u0159\u00edslu\u0161nost k bezpe\u010dnostn\u00edmu sboru?\u00a0 JUDr. Zden\u011bk Fiala, Ph.D., Mgr. Krist\u00fdna Bene\u0161ov\u00e1 Zranitelnost postmodern\u00ed spole\u010dnosti\u00a0 Mgr. \u0160t\u011bp\u00e1n Strnad Energetick\u00e1 politika v Evrop\u011b: Turbulence na obzoru\u00a0 Mgr. [&hellip;]<\/p>\n","protected":false},"author":2,"featured_media":0,"parent":235,"menu_order":9,"comment_status":"closed","ping_status":"closed","template":"","meta":{"footnotes":""},"class_list":["post-747","page","type-page","status-publish","hentry"],"_links":{"self":[{"href":"https:\/\/veda.polac.cz\/index.php?rest_route=\/wp\/v2\/pages\/747","targetHints":{"allow":["GET"]}}],"collection":[{"href":"https:\/\/veda.polac.cz\/index.php?rest_route=\/wp\/v2\/pages"}],"about":[{"href":"https:\/\/veda.polac.cz\/index.php?rest_route=\/wp\/v2\/types\/page"}],"author":[{"embeddable":true,"href":"https:\/\/veda.polac.cz\/index.php?rest_route=\/wp\/v2\/users\/2"}],"replies":[{"embeddable":true,"href":"https:\/\/veda.polac.cz\/index.php?rest_route=%2Fwp%2Fv2%2Fcomments&post=747"}],"version-history":[{"count":3,"href":"https:\/\/veda.polac.cz\/index.php?rest_route=\/wp\/v2\/pages\/747\/revisions"}],"predecessor-version":[{"id":2639,"href":"https:\/\/veda.polac.cz\/index.php?rest_route=\/wp\/v2\/pages\/747\/revisions\/2639"}],"up":[{"embeddable":true,"href":"https:\/\/veda.polac.cz\/index.php?rest_route=\/wp\/v2\/pages\/235"}],"wp:attachment":[{"href":"https:\/\/veda.polac.cz\/index.php?rest_route=%2Fwp%2Fv2%2Fmedia&parent=747"}],"curies":[{"name":"wp","href":"https:\/\/api.w.org\/{rel}","templated":true}]}}