{"id":7462,"date":"2024-09-25T09:48:30","date_gmt":"2024-09-25T09:48:30","guid":{"rendered":"https:\/\/veda.polac.cz\/?page_id=7462"},"modified":"2024-09-25T09:48:30","modified_gmt":"2024-09-25T09:48:30","slug":"7462-2","status":"publish","type":"page","link":"https:\/\/veda.polac.cz\/?page_id=7462","title":{"rendered":""},"content":{"rendered":"<p style=\"text-align: center;\">Resum\u00e9 \u010dl\u00e1nku<\/p>\n<p><strong>Problematika odeb\u00edr\u00e1n\u00ed biometrick\u00fdch \u00fadaj\u016f pro \u00fa\u010dely budouc\u00ed identifikace voj\u00e1k\u016f ze strany Vojensk\u00e9 policie, pop\u0159\u00edpad\u011b organizac\u00ed spolupracuj\u00edc\u00edch s\u00a0Vojenskou polici\u00ed na \u00fazem\u00ed st\u00e1t\u016f V4<\/strong><\/p>\n<p><em>Mgr. Jarom\u00edr \u0160t\u011bp\u00e1nek, Policejn\u00ed akademie \u010cesk\u00e9 republiky v Praze, student doktorsk\u00e9ho studijn\u00edho programu<\/em><\/p>\n<p><strong>Abstrakt<\/strong><\/p>\n<p>Komparativn\u00ed studie \u010dinnost\u00ed Vojensk\u00fdch polici\u00ed st\u00e1t\u016f V4, pop\u0159\u00edpad\u011b organizac\u00ed spolupracuj\u00edc\u00edch s\u00a0Vojensk\u00fdmi policiemi na \u00faseku zaji\u0161\u0165ov\u00e1n\u00ed biometrick\u00fdch dat voj\u00e1k\u016f pro \u00fa\u010dely jejich mo\u017en\u00e9 budouc\u00ed identifikace, v\u010detn\u011b jejich pr\u00e1vn\u00ed subjektivity, rozsahu zaji\u0161\u0165ovan\u00fdch biometrick\u00fdch dat a\u00a0jejich dosavadn\u00ed aplikovan\u00e9 praxe.<\/p>\n<p><strong>Kl\u00ed\u010dov\u00e1 slova:<\/strong> Vojensk\u00e1 policie, Visegr\u00e1dsk\u00e1 \u010dty\u0159ka \u2013 V4, biometrick\u00e1 data, individu\u00e1ln\u00ed identifikace<\/p>\n<hr \/>\n<p><a href=\"https:\/\/veda.polac.cz\/?page_id=7449\">Zp\u011bt<\/a><\/p>\n","protected":false},"excerpt":{"rendered":"<p>Resum\u00e9 \u010dl\u00e1nku Problematika odeb\u00edr\u00e1n\u00ed biometrick\u00fdch \u00fadaj\u016f pro \u00fa\u010dely budouc\u00ed identifikace voj\u00e1k\u016f ze strany Vojensk\u00e9 policie, pop\u0159\u00edpad\u011b organizac\u00ed spolupracuj\u00edc\u00edch s\u00a0Vojenskou polici\u00ed na \u00fazem\u00ed st\u00e1t\u016f V4 Mgr. Jarom\u00edr \u0160t\u011bp\u00e1nek, Policejn\u00ed akademie \u010cesk\u00e9 republiky v Praze, student doktorsk\u00e9ho studijn\u00edho programu Abstrakt Komparativn\u00ed studie \u010dinnost\u00ed Vojensk\u00fdch polici\u00ed st\u00e1t\u016f V4, pop\u0159\u00edpad\u011b organizac\u00ed spolupracuj\u00edc\u00edch s\u00a0Vojensk\u00fdmi policiemi na \u00faseku zaji\u0161\u0165ov\u00e1n\u00ed biometrick\u00fdch dat [&hellip;]<\/p>\n","protected":false},"author":6,"featured_media":0,"parent":0,"menu_order":0,"comment_status":"closed","ping_status":"closed","template":"","meta":{"footnotes":""},"class_list":["post-7462","page","type-page","status-publish","hentry"],"_links":{"self":[{"href":"https:\/\/veda.polac.cz\/index.php?rest_route=\/wp\/v2\/pages\/7462","targetHints":{"allow":["GET"]}}],"collection":[{"href":"https:\/\/veda.polac.cz\/index.php?rest_route=\/wp\/v2\/pages"}],"about":[{"href":"https:\/\/veda.polac.cz\/index.php?rest_route=\/wp\/v2\/types\/page"}],"author":[{"embeddable":true,"href":"https:\/\/veda.polac.cz\/index.php?rest_route=\/wp\/v2\/users\/6"}],"replies":[{"embeddable":true,"href":"https:\/\/veda.polac.cz\/index.php?rest_route=%2Fwp%2Fv2%2Fcomments&post=7462"}],"version-history":[{"count":1,"href":"https:\/\/veda.polac.cz\/index.php?rest_route=\/wp\/v2\/pages\/7462\/revisions"}],"predecessor-version":[{"id":7463,"href":"https:\/\/veda.polac.cz\/index.php?rest_route=\/wp\/v2\/pages\/7462\/revisions\/7463"}],"wp:attachment":[{"href":"https:\/\/veda.polac.cz\/index.php?rest_route=%2Fwp%2Fv2%2Fmedia&parent=7462"}],"curies":[{"name":"wp","href":"https:\/\/api.w.org\/{rel}","templated":true}]}}