{"id":7460,"date":"2024-09-25T09:46:44","date_gmt":"2024-09-25T09:46:44","guid":{"rendered":"https:\/\/veda.polac.cz\/?page_id=7460"},"modified":"2024-09-25T09:46:44","modified_gmt":"2024-09-25T09:46:44","slug":"7460-2","status":"publish","type":"page","link":"https:\/\/veda.polac.cz\/?page_id=7460","title":{"rendered":""},"content":{"rendered":"<p style=\"text-align: center;\">Rersum\u00e9 \u010dl\u00e1nku<\/p>\n<p><strong>Fotbalov\u00e9 chulig\u00e1nstv\u00ed jako trestn\u00e1 \u010dinnost: p\u0159\u00edklad \u010cesk\u00e9 republiky<\/strong><\/p>\n<p><em>Mgr. Ond\u0159ej Kol\u00e1\u0159, Ph.D., Policejn\u00ed akademie \u010cesk\u00e9 republiky v\u00a0Praze, Fakulta bezpe\u010dnostn\u00edho managementu, katedra bezpe\u010dnostn\u00edch studi\u00ed<\/em><\/p>\n<p><em>doc. PhDr. Josef Smol\u00edk, Ph.D., MBA, LL.M., MSc., Policejn\u00ed akademie \u010cesk\u00e9 republiky v\u00a0Praze, Fakulta bezpe\u010dnostn\u00edho managementu, katedra bezpe\u010dnostn\u00edch studi\u00ed<\/em><\/p>\n<p><em>Bc. Linda Dole\u017ealov\u00e1, Policejn\u00ed akademie \u010cesk\u00e9 republiky v\u00a0Praze, Fakulta bezpe\u010dnostn\u00edho managementu, studentka<\/em><\/p>\n<p><strong>Abstrakt<\/strong><\/p>\n<p>Fotbalov\u00e9 chulig\u00e1nstv\u00ed je v\u00a0centru pozornosti nejenom sociologie, psychologie \u010di\u00a0kulturn\u00ed antropologie, ale na toto jedn\u00e1n\u00ed lze nahl\u00ed\u017eet i\u00a0z\u00a0pohledu kriminologie, bezpe\u010dnostn\u00edch studi\u00ed \u010di pr\u00e1vn\u00edch v\u011bd. Text p\u0159ich\u00e1z\u00ed s\u00a0vymezen\u00edm fotbalov\u00e9ho chulig\u00e1nstv\u00ed, na kter\u00e9 je nahl\u00ed\u017eeno jako na konkr\u00e9tn\u00ed trestn\u00e9 \u010diny. Fotbalov\u00e9 chulig\u00e1nstv\u00ed je tedy vymezeno jako soubor specifick\u00e9 trestn\u00e9 \u010dinnosti \u010di jednotliv\u00fdch trestn\u00fdch \u010din\u016f, kter\u00e9 jsou uvedeny v\u00a0z\u00e1konu \u010d.\u00a040\/2009 Sb., trestn\u00ed z\u00e1kon\u00edk v\u00a0platn\u00e9m zn\u011bn\u00ed. Text vych\u00e1z\u00ed ze sekund\u00e1rn\u00edch dat, kter\u00e9 jsou evidov\u00e1ny Polici\u00ed \u010cesk\u00e9 republiky za obdob\u00ed let 2011\u20132021, ov\u0161em dopln\u011bn je ze statistik soud\u016f. Z\u00e1kladn\u00edm c\u00edlem textu je p\u0159edstavit fenom\u00e9n fotbalov\u00e9ho chulig\u00e1nstv\u00ed z\u00a0pohledu kriminologie a\u00a0diskutovat trendy t\u00e9to trestn\u00e9 \u010dinnosti za obdob\u00ed posledn\u00edch 12\u00a0let. V\u00a0z\u00e1v\u011bru textu jsou diskutov\u00e1na i\u00a0mo\u017en\u00e1 preventivn\u00ed opat\u0159en\u00ed proti t\u00e9to specifick\u00e9 trestn\u00e9 \u010dinnosti.<\/p>\n<p><strong>Kl\u00ed\u010dov\u00e1 slova: <\/strong>Fotbalov\u00e9 chulig\u00e1nstv\u00ed, trestn\u00e1 \u010dinnost, statistick\u00e9 \u00fadaje, prevence n\u00e1sil\u00ed, rasismus.<\/p>\n<hr \/>\n<p><a href=\"https:\/\/veda.polac.cz\/?page_id=7449\">Zp\u011bt<\/a><\/p>\n","protected":false},"excerpt":{"rendered":"<p>Rersum\u00e9 \u010dl\u00e1nku Fotbalov\u00e9 chulig\u00e1nstv\u00ed jako trestn\u00e1 \u010dinnost: p\u0159\u00edklad \u010cesk\u00e9 republiky Mgr. Ond\u0159ej Kol\u00e1\u0159, Ph.D., Policejn\u00ed akademie \u010cesk\u00e9 republiky v\u00a0Praze, Fakulta bezpe\u010dnostn\u00edho managementu, katedra bezpe\u010dnostn\u00edch studi\u00ed doc. PhDr. Josef Smol\u00edk, Ph.D., MBA, LL.M., MSc., Policejn\u00ed akademie \u010cesk\u00e9 republiky v\u00a0Praze, Fakulta bezpe\u010dnostn\u00edho managementu, katedra bezpe\u010dnostn\u00edch studi\u00ed Bc. Linda Dole\u017ealov\u00e1, Policejn\u00ed akademie \u010cesk\u00e9 republiky v\u00a0Praze, Fakulta bezpe\u010dnostn\u00edho managementu, [&hellip;]<\/p>\n","protected":false},"author":6,"featured_media":0,"parent":0,"menu_order":0,"comment_status":"closed","ping_status":"closed","template":"","meta":{"footnotes":""},"class_list":["post-7460","page","type-page","status-publish","hentry"],"_links":{"self":[{"href":"https:\/\/veda.polac.cz\/index.php?rest_route=\/wp\/v2\/pages\/7460","targetHints":{"allow":["GET"]}}],"collection":[{"href":"https:\/\/veda.polac.cz\/index.php?rest_route=\/wp\/v2\/pages"}],"about":[{"href":"https:\/\/veda.polac.cz\/index.php?rest_route=\/wp\/v2\/types\/page"}],"author":[{"embeddable":true,"href":"https:\/\/veda.polac.cz\/index.php?rest_route=\/wp\/v2\/users\/6"}],"replies":[{"embeddable":true,"href":"https:\/\/veda.polac.cz\/index.php?rest_route=%2Fwp%2Fv2%2Fcomments&post=7460"}],"version-history":[{"count":1,"href":"https:\/\/veda.polac.cz\/index.php?rest_route=\/wp\/v2\/pages\/7460\/revisions"}],"predecessor-version":[{"id":7461,"href":"https:\/\/veda.polac.cz\/index.php?rest_route=\/wp\/v2\/pages\/7460\/revisions\/7461"}],"wp:attachment":[{"href":"https:\/\/veda.polac.cz\/index.php?rest_route=%2Fwp%2Fv2%2Fmedia&parent=7460"}],"curies":[{"name":"wp","href":"https:\/\/api.w.org\/{rel}","templated":true}]}}