{"id":7458,"date":"2024-09-25T09:44:57","date_gmt":"2024-09-25T09:44:57","guid":{"rendered":"https:\/\/veda.polac.cz\/?page_id=7458"},"modified":"2024-09-25T09:44:57","modified_gmt":"2024-09-25T09:44:57","slug":"7458-2","status":"publish","type":"page","link":"https:\/\/veda.polac.cz\/?page_id=7458","title":{"rendered":""},"content":{"rendered":"<p style=\"text-align: center;\">Resum\u00e9 \u010dl\u00e1nku<\/p>\n<p><strong>Kde hledat informace o\u00a0zahrani\u010dn\u00edch statistik\u00e1ch registrovan\u00e9 kriminality?<\/strong><\/p>\n<p><em>doc. Ing. Otakar Ji\u0159\u00ed Mika, CSc., Policejn\u00ed akademie \u010cesk\u00e9 republiky v Praze, fakulta bezpe\u010dnostn\u00edho management, katedra krizov\u00e9ho \u0159\u00edzen\u00ed<\/em><\/p>\n<p><em>plk. Martin Bohman, Ph.D., Policie \u010cesk\u00e9 republiky, <\/em><em>\u00da\u0159ad slu\u017eby krimin\u00e1ln\u00ed policie a\u00a0vy\u0161et\u0159ov\u00e1n\u00ed, odd\u011blen\u00ed strategick\u00fdch anal\u00fdz a inovac\u00ed, odbor centr\u00e1ln\u00ed analytiky<\/em><\/p>\n<p><em>doc. Mgr. Old\u0159ich Krul\u00edk, Ph.D., Policie \u010cesk\u00e9 republiky, AMBIS College, Police of the Czech Republic, <\/em><em>\u00da\u0159ad slu\u017eby krimin\u00e1ln\u00ed policie a vy\u0161et\u0159ov\u00e1n\u00ed, odd\u011blen\u00ed strategick\u00fdch anal\u00fdz a inovac\u00ed, odbor centr\u00e1ln\u00ed analytiky<\/em><\/p>\n<p><em>Mgr. Marie Ma\u0161kov\u00e1, Policie \u010cesk\u00e9 republiky, <\/em><em>\u00da\u0159ad slu\u017eby krimin\u00e1ln\u00ed policie a\u00a0vy\u0161et\u0159ov\u00e1n\u00ed, odd\u011blen\u00ed strategick\u00fdch anal\u00fdz a inovac\u00ed, odbor centr\u00e1ln\u00ed analytiky<\/em><\/p>\n<p><em>pplk. Mgr. Lenka Jir\u00e1tov\u00e1, Policie \u010cesk\u00e9 republiky, <\/em><em>\u00da\u0159ad slu\u017eby krimin\u00e1ln\u00ed policie a\u00a0vy\u0161et\u0159ov\u00e1n\u00ed, odd\u011blen\u00ed strategick\u00fdch anal\u00fdz a inovac\u00ed, odbor centr\u00e1ln\u00ed analytiky<\/em><\/p>\n<p><strong>Abstrakt<\/strong><\/p>\n<p>T\u00e9matem p\u0159\u00edsp\u011bvku je \u201emapov\u00e1n\u00ed\u201c informa\u010dn\u00edch zdroj\u016f o\u00a0registrovan\u00e9 kriminalit\u011b ve \u010dlensk\u00fdch st\u00e1tech Evropsk\u00e9 unie. Podrobn\u011bj\u0161\u00ed pozornost bude p\u0159itom v\u011bnov\u00e1na situaci ve t\u0159ech st\u00e1tech \u2013 D\u00e1nsku, Irsku a\u00a0Lucembursku, ale indikativn\u011b i\u00a0v\u00a0zem\u00edch soused\u00edc\u00edch s\u00a0\u010ceskou republikou a\u00a0n\u011bkter\u00fdch dal\u0161\u00edch zem\u00edch (Ma\u010farsku, Norsku, Chorvatsku). Sledov\u00e1na je rovn\u011b\u017e, mimo jin\u00e9, struktura statistiky, d\u016fraz na n\u011bkter\u00e9 v\u00fdznamn\u00e9 prom\u011bnn\u00e9 a\u00a0vyu\u017eitelnost souvisej\u00edc\u00edch zji\u0161t\u011bn\u00ed pro \u010ceskou republiku (nejenom co se t\u00fd\u010de formy a\u00a0obsahu, ale i\u00a0co se t\u00fd\u010de spektra, frekvence a\u00a0u\u017eivatelsk\u00e9 vst\u0159\u00edcnosti informac\u00ed). \u010cten\u00e1\u0159i jsou zprost\u0159edkov\u00e1ny i\u00a0n\u011bkter\u00e9 trendy t\u00fdkaj\u00edc\u00ed se registrovan\u00e9 kriminality ve sledovan\u00fdch zem\u00edch.<\/p>\n<p><strong>Kl\u00ed\u010dov\u00e1 slova: <\/strong>Registrovan\u00e1 kriminalita, statistika, u\u017eivatelsk\u00e1 vst\u0159\u00edcnost, komparace, inspirace, trendy.<\/p>\n<hr \/>\n<p><a href=\"https:\/\/veda.polac.cz\/?page_id=7449\">Zp\u011bt<\/a><\/p>\n","protected":false},"excerpt":{"rendered":"<p>Resum\u00e9 \u010dl\u00e1nku Kde hledat informace o\u00a0zahrani\u010dn\u00edch statistik\u00e1ch registrovan\u00e9 kriminality? doc. Ing. Otakar Ji\u0159\u00ed Mika, CSc., Policejn\u00ed akademie \u010cesk\u00e9 republiky v Praze, fakulta bezpe\u010dnostn\u00edho management, katedra krizov\u00e9ho \u0159\u00edzen\u00ed plk. Martin Bohman, Ph.D., Policie \u010cesk\u00e9 republiky, \u00da\u0159ad slu\u017eby krimin\u00e1ln\u00ed policie a\u00a0vy\u0161et\u0159ov\u00e1n\u00ed, odd\u011blen\u00ed strategick\u00fdch anal\u00fdz a inovac\u00ed, odbor centr\u00e1ln\u00ed analytiky doc. Mgr. Old\u0159ich Krul\u00edk, Ph.D., Policie \u010cesk\u00e9 republiky, [&hellip;]<\/p>\n","protected":false},"author":6,"featured_media":0,"parent":0,"menu_order":0,"comment_status":"closed","ping_status":"closed","template":"","meta":{"footnotes":""},"class_list":["post-7458","page","type-page","status-publish","hentry"],"_links":{"self":[{"href":"https:\/\/veda.polac.cz\/index.php?rest_route=\/wp\/v2\/pages\/7458","targetHints":{"allow":["GET"]}}],"collection":[{"href":"https:\/\/veda.polac.cz\/index.php?rest_route=\/wp\/v2\/pages"}],"about":[{"href":"https:\/\/veda.polac.cz\/index.php?rest_route=\/wp\/v2\/types\/page"}],"author":[{"embeddable":true,"href":"https:\/\/veda.polac.cz\/index.php?rest_route=\/wp\/v2\/users\/6"}],"replies":[{"embeddable":true,"href":"https:\/\/veda.polac.cz\/index.php?rest_route=%2Fwp%2Fv2%2Fcomments&post=7458"}],"version-history":[{"count":1,"href":"https:\/\/veda.polac.cz\/index.php?rest_route=\/wp\/v2\/pages\/7458\/revisions"}],"predecessor-version":[{"id":7459,"href":"https:\/\/veda.polac.cz\/index.php?rest_route=\/wp\/v2\/pages\/7458\/revisions\/7459"}],"wp:attachment":[{"href":"https:\/\/veda.polac.cz\/index.php?rest_route=%2Fwp%2Fv2%2Fmedia&parent=7458"}],"curies":[{"name":"wp","href":"https:\/\/api.w.org\/{rel}","templated":true}]}}