{"id":7454,"date":"2024-09-25T09:39:26","date_gmt":"2024-09-25T09:39:26","guid":{"rendered":"https:\/\/veda.polac.cz\/?page_id=7454"},"modified":"2024-09-25T09:39:26","modified_gmt":"2024-09-25T09:39:26","slug":"7454-2","status":"publish","type":"page","link":"https:\/\/veda.polac.cz\/?page_id=7454","title":{"rendered":""},"content":{"rendered":"<p style=\"text-align: center;\">Resum\u00e9 \u010dl\u00e1nku<\/p>\n<p><strong>Zpravodajsk\u00e9 informace v\u00a0trestn\u00edm \u0159\u00edzen\u00ed v\u00a0\u010cR<\/strong><\/p>\n<p><em>doc. JUDr. Ladislav Pokorn\u00fd, Ph.D., Policejn\u00ed akademie \u010cesk\u00e9 republiky v Praze, Fakulta bezpe\u010dnostn\u011b pr\u00e1vn\u00ed, katedra krimin\u00e1ln\u00ed policie a zpravodajsk\u00fdch slu\u017eeb<\/em><\/p>\n<p><strong>Abstrakt<\/strong><\/p>\n<p>\u010cl\u00e1nek se zab\u00fdv\u00e1 t\u00e9matem mo\u017enosti pou\u017eit\u00ed informac\u00ed poch\u00e1zej\u00edc\u00edch od zpravodajsk\u00fdch slu\u017eeb v\u00a0\u010cR v\u00a0trestn\u00edm \u0159\u00edzen\u00ed, zejm\u00e9na ot\u00e1zkou jejich p\u0159\u00edpadn\u00e9ho pou\u017eit\u00ed jako d\u016fkazu. V\u00a0sou\u010dasn\u00e9 dob\u011b maj\u00ed tyto informace v\u00a0trestn\u00edm \u0159\u00edzen\u00ed pouze charakter operativn\u00ed informace. Tento z\u00e1v\u011br vych\u00e1z\u00ed z\u00a0jedin\u00e9ho n\u00e1lezu \u00daS, kter\u00fd se stal z\u00e1kladem pro pau\u0161\u00e1ln\u00ed a\u00a0apriorn\u00ed odm\u00edtnut\u00ed d\u016fkazn\u00edho pou\u017eit\u00ed zpravodajsk\u00fdch informac\u00ed v\u00a0trestn\u00edm \u0159\u00edzen\u00ed. N\u00e1lez ov\u0161em mimo jin\u00e9 s\u00e1m ozna\u010duje argumenty od\u016fvod\u0148uj\u00edc\u00ed re\u00e1lnou pot\u0159ebu zm\u011bny i\u00a0\u00fastavn\u011b konformn\u00ed zp\u016fsob jej\u00edho \u0159e\u0161en\u00ed. Aktu\u00e1ln\u011b je p\u0159ipravov\u00e1n legislativn\u00ed n\u00e1vrh novely trestn\u00edho \u0159\u00e1du, kter\u00fd by m\u011bl v\u00a0p\u0159\u00edpad\u011b extr\u00e9mn\u011b z\u00e1va\u017en\u00fdch trestn\u00fdch \u010din\u016f teroristick\u00e9ho charakteru a\u00a0vyzv\u011bda\u010dstv\u00ed umo\u017enit d\u016fkazn\u011b pou\u017e\u00edt zpravodajsk\u00e9 informace z\u00edskan\u00e9 p\u0159esn\u011b vymezen\u00fdm a\u00a0soudem povolen\u00fdm zp\u016fsobem.<\/p>\n<p><strong>Kl\u00ed\u010dov\u00e1 slova: <\/strong>zpravodajsk\u00e9 slu\u017eby, zpravodajsk\u00e9 informace, trestn\u00ed \u0159\u00edzen\u00ed, d\u016fkaz, \u010cesk\u00e1 republika.<\/p>\n<hr \/>\n<p><a href=\"https:\/\/veda.polac.cz\/?page_id=7449\">Zp\u011bt<\/a><\/p>\n","protected":false},"excerpt":{"rendered":"<p>Resum\u00e9 \u010dl\u00e1nku Zpravodajsk\u00e9 informace v\u00a0trestn\u00edm \u0159\u00edzen\u00ed v\u00a0\u010cR doc. JUDr. Ladislav Pokorn\u00fd, Ph.D., Policejn\u00ed akademie \u010cesk\u00e9 republiky v Praze, Fakulta bezpe\u010dnostn\u011b pr\u00e1vn\u00ed, katedra krimin\u00e1ln\u00ed policie a zpravodajsk\u00fdch slu\u017eeb Abstrakt \u010cl\u00e1nek se zab\u00fdv\u00e1 t\u00e9matem mo\u017enosti pou\u017eit\u00ed informac\u00ed poch\u00e1zej\u00edc\u00edch od zpravodajsk\u00fdch slu\u017eeb v\u00a0\u010cR v\u00a0trestn\u00edm \u0159\u00edzen\u00ed, zejm\u00e9na ot\u00e1zkou jejich p\u0159\u00edpadn\u00e9ho pou\u017eit\u00ed jako d\u016fkazu. V\u00a0sou\u010dasn\u00e9 dob\u011b maj\u00ed tyto informace v\u00a0trestn\u00edm [&hellip;]<\/p>\n","protected":false},"author":6,"featured_media":0,"parent":0,"menu_order":0,"comment_status":"closed","ping_status":"closed","template":"","meta":{"footnotes":""},"class_list":["post-7454","page","type-page","status-publish","hentry"],"_links":{"self":[{"href":"https:\/\/veda.polac.cz\/index.php?rest_route=\/wp\/v2\/pages\/7454","targetHints":{"allow":["GET"]}}],"collection":[{"href":"https:\/\/veda.polac.cz\/index.php?rest_route=\/wp\/v2\/pages"}],"about":[{"href":"https:\/\/veda.polac.cz\/index.php?rest_route=\/wp\/v2\/types\/page"}],"author":[{"embeddable":true,"href":"https:\/\/veda.polac.cz\/index.php?rest_route=\/wp\/v2\/users\/6"}],"replies":[{"embeddable":true,"href":"https:\/\/veda.polac.cz\/index.php?rest_route=%2Fwp%2Fv2%2Fcomments&post=7454"}],"version-history":[{"count":1,"href":"https:\/\/veda.polac.cz\/index.php?rest_route=\/wp\/v2\/pages\/7454\/revisions"}],"predecessor-version":[{"id":7455,"href":"https:\/\/veda.polac.cz\/index.php?rest_route=\/wp\/v2\/pages\/7454\/revisions\/7455"}],"wp:attachment":[{"href":"https:\/\/veda.polac.cz\/index.php?rest_route=%2Fwp%2Fv2%2Fmedia&parent=7454"}],"curies":[{"name":"wp","href":"https:\/\/api.w.org\/{rel}","templated":true}]}}