{"id":7449,"date":"2024-09-24T10:05:58","date_gmt":"2024-09-24T10:05:58","guid":{"rendered":"https:\/\/veda.polac.cz\/?page_id=7449"},"modified":"2024-09-25T12:31:09","modified_gmt":"2024-09-25T12:31:09","slug":"03-2024","status":"publish","type":"page","link":"https:\/\/veda.polac.cz\/?page_id=7449","title":{"rendered":"03\/2024"},"content":{"rendered":"<p><a href=\"https:\/\/veda.polac.cz\/?page_id=7451\" rel=\"noopener\"><strong>Polsk\u00e1 policie v syst\u00e9mu \u0159\u00edzen\u00ed bezpe\u010dnosti a ve\u0159ejn\u00e9ho po\u0159\u00e1dku v perspektiv\u011b v\u00e1lky na Ukrajin\u011b v roce 2022<\/strong><\/a><\/p>\n<p>col. Piotr Zalewski, PhD., Uniwersytet Jana Kochanowskiego w Kielcach, Polsko,<br \/>\nFakulta pr\u00e1vn\u00edch a soci\u00e1ln\u00edch v\u011bd, \u00dastav bezpe\u010dnostn\u00edch v\u011bd,<br \/>\nz\u00e1stupce zemsk\u00e9ho policejn\u00edho velitele v Rzesz\u00f3w\u011b, Polsko<\/p>\n<p><a href=\"https:\/\/veda.polac.cz\/wp-content\/uploads\/2024\/09\/Polska-policie-v-systemu-rizeni-bezpecnosti-a-verejneho-poradku-v-perspektive-valky-na-Ukrajine-v-roce-2022.pdf\" target=\"_blank\" rel=\"noopener\">pdf form\u00e1t<\/a><\/p>\n<hr \/>\n<p><a href=\"https:\/\/veda.polac.cz\/?page_id=7454\" rel=\"noopener\"><strong>Zpravodajsk\u00e9 informace v trestn\u00edm \u0159\u00edzen\u00ed v \u010cesk\u00e9 republice<\/strong><\/a><\/p>\n<p>doc. JUDr. Ladislav Pokorn\u00fd, Ph.D., Policejn\u00ed akademie \u010cesk\u00e9 republiky v Praze, Fakulta bezpe\u010dnostn\u011b pr\u00e1vn\u00ed, katedra krimin\u00e1ln\u00ed policie a zpravodajsk\u00fdch slu\u017eeb<\/p>\n<p><a href=\"https:\/\/veda.polac.cz\/wp-content\/uploads\/2024\/09\/Zpravodajske-informace-v-trestnim-rizeni-v-Ceske-republice.pdf\" target=\"_blank\" rel=\"noopener\">pdf form\u00e1t<\/a><\/p>\n<hr \/>\n<p><a href=\"https:\/\/veda.polac.cz\/?page_id=7456\" rel=\"noopener\"><strong>Zdroje inform\u00e1ci\u00ed v procese odha\u013eovania legaliz\u00e1cie pr\u00edjmov z trestnej \u010dinnosti<\/strong><\/a><\/p>\n<p>prof. Ing. Jozef Stieranka, PhD., Akad\u00e9mia Policajn\u00e9ho zboru v Bratislave,<br \/>\nSlovensk\u00e1 republika, katedra krimin\u00e1lnej pol\u00edcie<br \/>\nIng. Jana Hudecov\u00e1, LL.M., Akad\u00e9mia Policajn\u00e9ho zboru v Bratislave,<br \/>\nSlovensk\u00e1 republika, katedra krimin\u00e1lnej pol\u00edcie, studentka doktorsk\u00e9ho programu<\/p>\n<p><a href=\"https:\/\/veda.polac.cz\/wp-content\/uploads\/2024\/09\/Zdroje-informacii-v-procese-odhalovania-legalizacie-prijmov-z-trestnej-cinnosti.pdf\" target=\"_blank\" rel=\"noopener\">pdf form\u00e1t<\/a><\/p>\n<hr \/>\n<p><a href=\"https:\/\/veda.polac.cz\/?page_id=7458\" rel=\"noopener\"><strong>Kde hledat informace o zahrani\u010dn\u00edch statistik\u00e1ch registrovan\u00e9 kriminality?<\/strong><\/a><\/p>\n<p>doc. Ing. Otakar Ji\u0159\u00ed Mika, CSc., Policejn\u00ed akademie \u010cesk\u00e9 republiky v Praze,<br \/>\nFakulta bezpe\u010dnostn\u00edho managementu, katedra krizov\u00e9ho \u0159\u00edzen\u00ed<br \/>\nplk. JUDr. Martin Bohman, Ph.D., Policie \u010cesk\u00e9 republiky, \u00da\u0159ad slu\u017eby krimin\u00e1ln\u00ed policie a vy\u0161et\u0159ov\u00e1n\u00ed, odd\u011blen\u00ed strategick\u00fdch anal\u00fdz a inovac\u00ed, odbor centr\u00e1ln\u00ed analytiky<br \/>\ndoc. Mgr. Old\u0159ich Krul\u00edk, Ph.D., AMBIS, vysok\u00e1 \u0161kola, \u00da\u0159ad slu\u017eby krimin\u00e1ln\u00ed policie a vy\u0161et\u0159ov\u00e1n\u00ed, odd\u011blen\u00ed strategick\u00fdch anal\u00fdz a inovac\u00ed, odbor centr\u00e1ln\u00ed analytiky<br \/>\nMgr. Marie Ma\u0161kov\u00e1, pplk. Mgr. Lenka Jir\u00e1tov\u00e1, \u00da\u0159ad slu\u017eby krimin\u00e1ln\u00ed policie<br \/>\na vy\u0161et\u0159ov\u00e1n\u00ed, odd\u011blen\u00ed strategick\u00fdch anal\u00fdz a inovac\u00ed, odbor centr\u00e1ln\u00ed analytiky<\/p>\n<p><a href=\"https:\/\/veda.polac.cz\/wp-content\/uploads\/2024\/09\/Kde-hledat-informace-o-zahranicnich-statistikach-registrovane-kriminality.pdf\" target=\"_blank\" rel=\"noopener\">pdf form\u00e1t<\/a><\/p>\n<hr \/>\n<p><a href=\"https:\/\/veda.polac.cz\/?page_id=7460\" rel=\"noopener\"><strong>Fotbalov\u00e9 chulig\u00e1nstv\u00ed jako trestn\u00e1 \u010dinnost: p\u0159\u00edklad \u010cesk\u00e9 republiky<\/strong><\/a><\/p>\n<p>Mgr. Ond\u0159ej Kol\u00e1\u0159, Ph.D., Policejn\u00ed akademie \u010cesk\u00e9 republiky v Praze,<br \/>\nFakulta bezpe\u010dnostn\u00edho managementu, katedra bezpe\u010dnostn\u00edch studi\u00ed<br \/>\ndoc. PhDr. Josef Smol\u00edk, Ph.D., MBA, LL.M., MSc., Policejn\u00ed akademie \u010cesk\u00e9 republiky v Praze, fakulta bezpe\u010dnostn\u00edho managementu, katedra bezpe\u010dnostn\u00edch studi\u00ed<br \/>\nBc. Linda Dole\u017ealov\u00e1, Policejn\u00ed akademie \u010cesk\u00e9 republiky v Praze, studentka<\/p>\n<p><a href=\"https:\/\/veda.polac.cz\/wp-content\/uploads\/2024\/09\/Fotbalove-chuliganstvi-jako-trestna-cinnost-priklad-Ceske-republiky.pdf\" target=\"_blank\" rel=\"noopener\">pdf fdorm\u00e1t<\/a><\/p>\n<hr \/>\n<p><a href=\"https:\/\/veda.polac.cz\/?page_id=7462\" rel=\"noopener\"><strong>Problematika odeb\u00edr\u00e1n\u00ed biometrick\u00fdch \u00fadaj\u016f pro \u00fa\u010dely budouc\u00ed identifikace voj\u00e1k\u016f ze strany Vojensk\u00e9 policie, pop\u0159\u00edpad\u011b organizac\u00ed spolupracuj\u00edc\u00edch s Vojenskou polici\u00ed na \u00fazem\u00ed st\u00e1t\u016f V4<\/strong><\/a><\/p>\n<p>Mgr. Jarom\u00edr \u0160t\u011bp\u00e1nek, Policejn\u00ed akademie \u010cesk\u00e9 republiky v Praze, student doktorsk\u00e9ho studijn\u00edho programu<\/p>\n<p><a href=\"https:\/\/veda.polac.cz\/wp-content\/uploads\/2024\/09\/Problematika-odebirani-biometrickych-udaju-pro-ucely-budouci-identifikace-vojaku-ze-strany-Vojenske-policie-popripade-organizaci-spolupracujicich-s-Vojenskou-policii.pdf\" target=\"_blank\" rel=\"noopener\">pdf form\u00e1t<\/a><\/p>\n<hr \/>\n","protected":false},"excerpt":{"rendered":"<p>Polsk\u00e1 policie v syst\u00e9mu \u0159\u00edzen\u00ed bezpe\u010dnosti a ve\u0159ejn\u00e9ho po\u0159\u00e1dku v perspektiv\u011b v\u00e1lky na Ukrajin\u011b v roce 2022 col. Piotr Zalewski, PhD., Uniwersytet Jana Kochanowskiego w Kielcach, Polsko, Fakulta pr\u00e1vn\u00edch a soci\u00e1ln\u00edch v\u011bd, \u00dastav bezpe\u010dnostn\u00edch v\u011bd, z\u00e1stupce zemsk\u00e9ho policejn\u00edho velitele v Rzesz\u00f3w\u011b, Polsko pdf form\u00e1t Zpravodajsk\u00e9 informace v trestn\u00edm \u0159\u00edzen\u00ed v \u010cesk\u00e9 republice doc. JUDr. Ladislav [&hellip;]<\/p>\n","protected":false},"author":6,"featured_media":0,"parent":0,"menu_order":0,"comment_status":"closed","ping_status":"closed","template":"","meta":{"footnotes":""},"class_list":["post-7449","page","type-page","status-publish","hentry"],"_links":{"self":[{"href":"https:\/\/veda.polac.cz\/index.php?rest_route=\/wp\/v2\/pages\/7449","targetHints":{"allow":["GET"]}}],"collection":[{"href":"https:\/\/veda.polac.cz\/index.php?rest_route=\/wp\/v2\/pages"}],"about":[{"href":"https:\/\/veda.polac.cz\/index.php?rest_route=\/wp\/v2\/types\/page"}],"author":[{"embeddable":true,"href":"https:\/\/veda.polac.cz\/index.php?rest_route=\/wp\/v2\/users\/6"}],"replies":[{"embeddable":true,"href":"https:\/\/veda.polac.cz\/index.php?rest_route=%2Fwp%2Fv2%2Fcomments&post=7449"}],"version-history":[{"count":4,"href":"https:\/\/veda.polac.cz\/index.php?rest_route=\/wp\/v2\/pages\/7449\/revisions"}],"predecessor-version":[{"id":7474,"href":"https:\/\/veda.polac.cz\/index.php?rest_route=\/wp\/v2\/pages\/7449\/revisions\/7474"}],"wp:attachment":[{"href":"https:\/\/veda.polac.cz\/index.php?rest_route=%2Fwp%2Fv2%2Fmedia&parent=7449"}],"curies":[{"name":"wp","href":"https:\/\/api.w.org\/{rel}","templated":true}]}}