{"id":7393,"date":"2024-06-26T12:42:59","date_gmt":"2024-06-26T12:42:59","guid":{"rendered":"https:\/\/veda.polac.cz\/?page_id=7393"},"modified":"2024-06-27T12:21:55","modified_gmt":"2024-06-27T12:21:55","slug":"02-2024-2","status":"publish","type":"page","link":"https:\/\/veda.polac.cz\/?page_id=7393&lang=en","title":{"rendered":"02\/2024"},"content":{"rendered":"<p><strong><a href=\"https:\/\/veda.polac.cz\/?page_id=7395&amp;lang=en\">Intelligence Information \u2212 Relevant Evidence in Criminal Proceedings<\/a><br \/>\n<\/strong>doc. JUDr. Adri\u00e1n Va\u0161ko, PhD., Matej Bel University Bansk\u00e1 Bystrica, Slovak Republic<br \/>\nFaculty of Law, Associate Professor<br \/>\nMgr. R\u00f3bert \u010cuha, Matej Bel University Bansk\u00e1 Bystrica, Slovak Republic,<br \/>\nFaculty of Law, Doctoral Student<\/p>\n<p><a href=\"https:\/\/veda.polac.cz\/wp-content\/uploads\/2024\/06\/Spravodajske-informacie-%E2%80%93-relevantne-dokazy-v-trestnom-konani.pdf\" target=\"_blank\" rel=\"noopener\">download (pdf format)<\/a><\/p>\n<hr \/>\n<p><strong><a href=\"https:\/\/veda.polac.cz\/?page_id=7398&amp;lang=en\">Use of Military Intelligence Special Means in the Processes of Detection of Crimes and Identification of Perpetrators<\/a><br \/>\n<\/strong>plk. JUDr. Juraj Kulik, PhD., LL.M., MBA, Slovak Information Service, Bratislava, Slovak Republic, Director of the National Security Analytical Centre<\/p>\n<p><a href=\"https:\/\/veda.polac.cz\/wp-content\/uploads\/2024\/06\/Vyuzitie-osobitnych-prostriedkov-Vojenskeho-spravodajstva-v-procesoch-odhalovania-trestnej-cinnosti-a-zistovania-ich-pachatelov.pdf\" target=\"_blank\" rel=\"noopener\">download (pdf format)<\/a><\/p>\n<hr \/>\n<p><a href=\"https:\/\/veda.polac.cz\/?page_id=7400&amp;lang=en\"><strong>Theoretical Basis for the Creation of the National Model of Criminal Intelligence in the Slovak Republic<\/strong><\/a><br \/>\nIng. Jozef Stieranka, PhD., Academy of the Police Force in Bratislava,<br \/>\nSlovak Republic, Departmenf of Criminal Police<br \/>\nmjr. Mgr. Bc. \u013dudov\u00edt Fidler, Academy of the Police Force in Bratislava,<br \/>\nSlovak Republic, Departmenf of Criminal Police<\/p>\n<p><a href=\"https:\/\/veda.polac.cz\/wp-content\/uploads\/2024\/06\/Teoreticke-vychodiska-kreovania-Narodneho-modelu-kriminalneho-spravodajstva-v-Slovenskej-republike.pdf\" target=\"_blank\" rel=\"noopener\">download (pdf format)<\/a><\/p>\n<hr \/>\n<p><a href=\"https:\/\/veda.polac.cz\/?page_id=7402&amp;lang=en\"><strong>The Inclination of First-time Voters to the Far Right and the Degree of Their Anomie and Social Distance: A Sociological Probe Among Secondary School Students in Karvin\u00e1<\/strong><\/a><br \/>\nPhDr. Ond\u0159ej Mo\u0144ski, Customs Administration of the Czech Republic, General Directorate of Customs, Police Academy of the Czech Republic in Prague,<br \/>\nFaculty of Security Management, Department of Security Studies<\/p>\n<p><a href=\"https:\/\/veda.polac.cz\/wp-content\/uploads\/2024\/06\/Inklinace-prvovolicu-ke-krajni-pravici-a-mira-jejich-anomie-a-socialni-distance-sociologicka-sonda-u-stredoskolskych-studentu-v-Karvine.pdf\" target=\"_blank\" rel=\"noopener\">download (pdf format)<\/a><\/p>\n<hr \/>\n<p><strong><a href=\"https:\/\/veda.polac.cz\/?page_id=7412&amp;lang=en\">Trends in Counter-Terrorism and Extremism in the Czech Republic<\/a><\/strong><br \/>\nplk. v. v. PhDr. Jan \u010c\u00e1p, Ph.D., Police Academy of the Czech Republic in Prague, Faculty of Security and Law, Department of Criminalistics<br \/>\npplk. Mgr. Martin Jank\u016f, National Counterterrorism, Extremism, and Cybercrime Agency, Criminal Police and Investigation Service, Police of the Czech Republic<\/p>\n<p><a href=\"https:\/\/veda.polac.cz\/wp-content\/uploads\/2024\/06\/Trendy-v-oblasti-boje-proti-terorismu-a-extremismu-v-Ceske-republice.pdf\" target=\"_blank\" rel=\"noopener\">download (pdf format)<\/a><\/p>\n<hr \/>\n<p><a href=\"https:\/\/veda.polac.cz\/?page_id=7405&amp;lang=en\"><strong>Unusual Business Transactions at Services Providing Exchange of Virtual Currencies<\/strong><\/a><br \/>\nAssociate Professor RNDr. Tatiana Hajd\u00fakov\u00e1, PhD., Academy of the Police Force in Bratislava, Slovak Republic, Department of Informatics and Managment<br \/>\nJUDr. Samuel Marr, LL.M, Faculty of Law Comenius University in Bratislava, Slovak Republic, Department of Criminal Law, Criminology and Criminalistics<\/p>\n<p><a href=\"https:\/\/veda.polac.cz\/wp-content\/uploads\/2024\/06\/Neobvykle-obchodne-operacie-pri-poskytovani-sluzby-zmenarne-virtualnej-meny.pdf\" target=\"_blank\" rel=\"noopener\">download (pdf format)<\/a><\/p>\n<hr \/>\n<p><a href=\"https:\/\/veda.polac.cz\/?page_id=7407&amp;lang=en\"><strong>Assessment Centre as a Method of Selecting Managers in Police Departments<\/strong><\/a><br \/>\nJUDr. Dalimil Sypt\u00e1k, LL.M., Police of the Czech Republic, Office for the Documentation and the Investigation of the Crimes of Communism Prague,<br \/>\nCzech Republic<\/p>\n<p><a href=\"https:\/\/veda.polac.cz\/wp-content\/uploads\/2024\/06\/Neobvykle-obchodne-operacie-pri-poskytovani-sluzby-zmenarne-virtualnej-meny.pdf\" target=\"_blank\" rel=\"noopener\">download (pdf format)<\/a><\/p>\n<hr \/>\n","protected":false},"excerpt":{"rendered":"<p>Intelligence Information \u2212 Relevant Evidence in Criminal Proceedings doc. JUDr. Adri\u00e1n Va\u0161ko, PhD., Matej Bel University Bansk\u00e1 Bystrica, Slovak Republic Faculty of Law, Associate Professor Mgr. R\u00f3bert \u010cuha, Matej Bel University Bansk\u00e1 Bystrica, Slovak Republic, Faculty of Law, Doctoral Student download (pdf format) Use of Military Intelligence Special Means in the Processes of Detection of [&hellip;]<\/p>\n","protected":false},"author":6,"featured_media":0,"parent":0,"menu_order":0,"comment_status":"closed","ping_status":"closed","template":"","meta":{"footnotes":""},"class_list":["post-7393","page","type-page","status-publish","hentry"],"_links":{"self":[{"href":"https:\/\/veda.polac.cz\/index.php?rest_route=\/wp\/v2\/pages\/7393","targetHints":{"allow":["GET"]}}],"collection":[{"href":"https:\/\/veda.polac.cz\/index.php?rest_route=\/wp\/v2\/pages"}],"about":[{"href":"https:\/\/veda.polac.cz\/index.php?rest_route=\/wp\/v2\/types\/page"}],"author":[{"embeddable":true,"href":"https:\/\/veda.polac.cz\/index.php?rest_route=\/wp\/v2\/users\/6"}],"replies":[{"embeddable":true,"href":"https:\/\/veda.polac.cz\/index.php?rest_route=%2Fwp%2Fv2%2Fcomments&post=7393"}],"version-history":[{"count":6,"href":"https:\/\/veda.polac.cz\/index.php?rest_route=\/wp\/v2\/pages\/7393\/revisions"}],"predecessor-version":[{"id":7422,"href":"https:\/\/veda.polac.cz\/index.php?rest_route=\/wp\/v2\/pages\/7393\/revisions\/7422"}],"wp:attachment":[{"href":"https:\/\/veda.polac.cz\/index.php?rest_route=%2Fwp%2Fv2%2Fmedia&parent=7393"}],"curies":[{"name":"wp","href":"https:\/\/api.w.org\/{rel}","templated":true}]}}