{"id":7377,"date":"2024-06-25T11:06:28","date_gmt":"2024-06-25T11:06:28","guid":{"rendered":"https:\/\/veda.polac.cz\/?page_id=7377"},"modified":"2024-06-25T11:06:29","modified_gmt":"2024-06-25T11:06:29","slug":"7377-2","status":"publish","type":"page","link":"https:\/\/veda.polac.cz\/?page_id=7377","title":{"rendered":""},"content":{"rendered":"<p style=\"text-align: center;\">Resum\u00e9 \u010dl\u00e1nku<\/p>\n<p><strong>Assessment Centre jako metoda v\u00fdb\u011bru mana\u017eer\u016f v\u00a0policejn\u00edch \u00fatvarech<\/strong><\/p>\n<p><em>JUDr. Dalimil Sypt\u00e1k, LL.M., Policie \u010cesk\u00e9 republiky, \u00da\u0159ad dokumentace a vy\u0161et\u0159ov\u00e1n\u00ed zlo\u010din\u016f komunismu<\/em><\/p>\n<p><strong>Abstrakt<\/strong><\/p>\n<p>\u010cl\u00e1nek se zab\u00fdv\u00e1 problematikou v\u00fdb\u011bru st\u0159edn\u00edch a vrcholov\u00fdch policejn\u00edch mana\u017eer\u016f v\u00a0Policii \u010cesk\u00e9 republiky prost\u0159ednictv\u00edm metody Assessment Centre se zam\u011b\u0159en\u00edm na\u00a0empirick\u00fd v\u00fdzkum v\u00a0t\u00e9to oblasti. V\u00a0\u00favodu je definov\u00e1na a\u00a0pops\u00e1na oblast teorie kompetenc\u00ed a metod v\u00fdb\u011bru mana\u017eer\u016f. D\u00e1le se ji\u017e \u010dl\u00e1nek zam\u011b\u0159uje na\u00a0podobu Assessment Centre u Policie \u010cesk\u00e9 republiky. N\u00e1sleduj\u00edc\u00ed praktick\u00e1 \u010d\u00e1st vymezuje proveden\u00fd empirick\u00fd v\u00fdzkum, kter\u00fd byl realizov\u00e1n u\u00a0vrcholov\u00fdch policejn\u00edch mana\u017eer\u016f. Ve\u00a0v\u00fdzkumn\u00e9 \u010d\u00e1sti byla pou\u017eita metoda dotazn\u00edkov\u00e9ho \u0161et\u0159en\u00ed a rozhovor\u016f s\u00a0experty. Odborn\u00e9 ve\u0159ejnosti bylo nab\u00eddnuto \u0159e\u0161en\u00ed v\u00fdzkumn\u00e9ho probl\u00e9mu t\u00fdkaj\u00edc\u00edho se vyu\u017eitelnosti v\u00fdsledk\u016f Assessment Centre pro vrcholov\u00e9 policejn\u00ed mana\u017eery.<\/p>\n<p><strong>Kl\u00ed\u010dov\u00e1 slova<\/strong>: person\u00e1ln\u00ed v\u00fdb\u011br, Assessment Centre, mana\u017eersk\u00e9 kompetence, empirick\u00fd v\u00fdzkum, v\u00fdzkumn\u00fd p\u0159edpoklad, dotazn\u00edkov\u00e9 \u0161et\u0159en\u00ed, rozhovory s\u00a0experty.<\/p>\n<hr \/>\n<p><a href=\"https:\/\/veda.polac.cz\/?page_id=7361\">Zp\u011bt<\/a><\/p>\n","protected":false},"excerpt":{"rendered":"<p>Resum\u00e9 \u010dl\u00e1nku Assessment Centre jako metoda v\u00fdb\u011bru mana\u017eer\u016f v\u00a0policejn\u00edch \u00fatvarech JUDr. Dalimil Sypt\u00e1k, LL.M., Policie \u010cesk\u00e9 republiky, \u00da\u0159ad dokumentace a vy\u0161et\u0159ov\u00e1n\u00ed zlo\u010din\u016f komunismu Abstrakt \u010cl\u00e1nek se zab\u00fdv\u00e1 problematikou v\u00fdb\u011bru st\u0159edn\u00edch a vrcholov\u00fdch policejn\u00edch mana\u017eer\u016f v\u00a0Policii \u010cesk\u00e9 republiky prost\u0159ednictv\u00edm metody Assessment Centre se zam\u011b\u0159en\u00edm na\u00a0empirick\u00fd v\u00fdzkum v\u00a0t\u00e9to oblasti. V\u00a0\u00favodu je definov\u00e1na a\u00a0pops\u00e1na oblast teorie kompetenc\u00ed a [&hellip;]<\/p>\n","protected":false},"author":6,"featured_media":0,"parent":0,"menu_order":0,"comment_status":"closed","ping_status":"closed","template":"","meta":{"footnotes":""},"class_list":["post-7377","page","type-page","status-publish","hentry"],"_links":{"self":[{"href":"https:\/\/veda.polac.cz\/index.php?rest_route=\/wp\/v2\/pages\/7377","targetHints":{"allow":["GET"]}}],"collection":[{"href":"https:\/\/veda.polac.cz\/index.php?rest_route=\/wp\/v2\/pages"}],"about":[{"href":"https:\/\/veda.polac.cz\/index.php?rest_route=\/wp\/v2\/types\/page"}],"author":[{"embeddable":true,"href":"https:\/\/veda.polac.cz\/index.php?rest_route=\/wp\/v2\/users\/6"}],"replies":[{"embeddable":true,"href":"https:\/\/veda.polac.cz\/index.php?rest_route=%2Fwp%2Fv2%2Fcomments&post=7377"}],"version-history":[{"count":1,"href":"https:\/\/veda.polac.cz\/index.php?rest_route=\/wp\/v2\/pages\/7377\/revisions"}],"predecessor-version":[{"id":7378,"href":"https:\/\/veda.polac.cz\/index.php?rest_route=\/wp\/v2\/pages\/7377\/revisions\/7378"}],"wp:attachment":[{"href":"https:\/\/veda.polac.cz\/index.php?rest_route=%2Fwp%2Fv2%2Fmedia&parent=7377"}],"curies":[{"name":"wp","href":"https:\/\/api.w.org\/{rel}","templated":true}]}}