{"id":7375,"date":"2024-06-25T11:04:14","date_gmt":"2024-06-25T11:04:14","guid":{"rendered":"https:\/\/veda.polac.cz\/?page_id=7375"},"modified":"2024-06-25T11:04:14","modified_gmt":"2024-06-25T11:04:14","slug":"7375-2","status":"publish","type":"page","link":"https:\/\/veda.polac.cz\/?page_id=7375","title":{"rendered":""},"content":{"rendered":"<p><strong>Neobvykl\u00e9 obchodn\u00e9 oper\u00e1cie pri poskytovan\u00ed slu\u017eby zmen\u00e1rne virtu\u00e1lnej meny<\/strong><a href=\"#_ftn1\" name=\"_ftnref1\">[1]<\/a><\/p>\n<p><em>doc. RNDr. Tatiana Hajd\u00fakov\u00e1, PhD.,<\/em><a href=\"#_ftn2\" name=\"_ftnref2\">[2]<\/a><em> Akad\u00e9mia policajn\u00e9ho zboru Bratislava, Slovensk\u00e1 republika, katedra informatiky a managementu<\/em><\/p>\n<p><em>JUDr. Samuel Marr, LL.M., Pr\u00e1vnick\u00e1 fakulta Univerzity Komensk\u00e9ho v Bratislav\u011b, Slovensk\u00e1 republika, katedra trestn\u00edho pr\u00e1va, kriminologie a\u00a0kriminalistiky<\/em><\/p>\n<p><strong>Abstrakt<\/strong><\/p>\n<p>S narastaj\u00facou d\u00f4verou v bezpe\u010dnos\u0165 a\u00a0anonymitu oper\u00e1ci\u00ed poskytovan\u00fdch technol\u00f3giu blockchain sa zvy\u0161uje atraktivita a z\u00e1ujem o\u00a0invest\u00edcie do kryptomien. Vyu\u017e\u00edvan\u00edm nov\u00fdch technologick\u00fdch postupov sa zvy\u0161uj\u00fa n\u00e1roky na udr\u017eanie kontroly nad on-line tokom finan\u010dn\u00fdch transakci\u00ed a narastaj\u00fa aj viacer\u00e9 aplika\u010dn\u00e9 probl\u00e9my \u010di u\u017e v\u00a0legislat\u00edvnej oblasti, vymo\u017eite\u013enosti pr\u00e1va, ale aj pri obmedzen\u00ed pr\u00edstupu sankcionovan\u00fdch os\u00f4b k finan\u010dn\u00fdm prostriedkom. Predmetom empirickej \u010dasti pr\u00edspevku je anal\u00fdza pr\u00edpadovej \u0161t\u00fadie spr\u00e1vneho deliktu sp\u00e1chan\u00e9ho vybran\u00fdm konkr\u00e9tnym poskytovate\u013eom slu\u017eieb v\u00a0oblasti vykon\u00e1vania zmen\u00e1renskej \u010dinnosti virtu\u00e1lnej meny v Slovenskej republike. Text pr\u00edspevku poukazuje na mo\u017enosti zneu\u017e\u00edvania kryptomeny na finan\u010dn\u00e9 transakcie, ktor\u00e9 by mohli nejak\u00fdm sp\u00f4sobom s\u00favisie\u0165 so spolo\u010densky ne\u017eiad\u00facimi aktivitami. \u0160t\u00fadiou argumenta\u010dne poukazujeme na bezpe\u010dnostn\u00e9 medzery pri poskytovan\u00ed slu\u017eby zmen\u00e1rne virtu\u00e1lnej meny vybran\u00fdm \u017eivnostn\u00edkom, ktor\u00fd svoj\u00edm konan\u00edm sprostredkov\u00e1val viacer\u00e9 neobvykl\u00e9 obchodn\u00e9 oper\u00e1cie, bez poskytnutia zv\u00fd\u0161enej starostlivosti o\u00a0klienta a poru\u0161uj\u00fac platn\u00fa z\u00e1konn\u00fa regul\u00e1ciu.<\/p>\n<p><strong>K\u013e\u00fa\u010dov\u00e9 slov\u00e1<\/strong>: kryptomena; zmen\u00e1rensk\u00e1 slu\u017eba; legaliz\u00e1cia, spr\u00e1vny delikt, anonymita transakci\u00ed.<\/p>\n<p><a href=\"#_ftnref1\" name=\"_ftn1\">[1]<\/a>\u00a0Tento pr\u00edspevok vznikol s podporou Agent\u00fary na podporu v\u00fdskumu a v\u00fdvoja \u010d. APVV-19-0102 \u2013 \u201eEfekt\u00edvnos\u0165 pr\u00edpravn\u00e9ho konania \u2013 sk\u00famanie, hodnotenie, krit\u00e9ri\u00e1 a vplyv legislat\u00edvnych zmien\u201c.<\/p>\n<p><a href=\"#_ftnref2\" name=\"_ftn2\">[2]<\/a>\u00a0Autorka je spolu rie\u0161ite\u013ekou grantu APVV \u010d. APVV-19-0102.<\/p>\n<hr \/>\n<p><a href=\"https:\/\/veda.polac.cz\/?page_id=7361\">Zp\u011bt<\/a><\/p>\n","protected":false},"excerpt":{"rendered":"<p>Neobvykl\u00e9 obchodn\u00e9 oper\u00e1cie pri poskytovan\u00ed slu\u017eby zmen\u00e1rne virtu\u00e1lnej meny[1] doc. RNDr. Tatiana Hajd\u00fakov\u00e1, PhD.,[2] Akad\u00e9mia policajn\u00e9ho zboru Bratislava, Slovensk\u00e1 republika, katedra informatiky a managementu JUDr. Samuel Marr, LL.M., Pr\u00e1vnick\u00e1 fakulta Univerzity Komensk\u00e9ho v Bratislav\u011b, Slovensk\u00e1 republika, katedra trestn\u00edho pr\u00e1va, kriminologie a\u00a0kriminalistiky Abstrakt S narastaj\u00facou d\u00f4verou v bezpe\u010dnos\u0165 a\u00a0anonymitu oper\u00e1ci\u00ed poskytovan\u00fdch technol\u00f3giu blockchain sa zvy\u0161uje atraktivita [&hellip;]<\/p>\n","protected":false},"author":6,"featured_media":0,"parent":0,"menu_order":0,"comment_status":"closed","ping_status":"closed","template":"","meta":{"footnotes":""},"class_list":["post-7375","page","type-page","status-publish","hentry"],"_links":{"self":[{"href":"https:\/\/veda.polac.cz\/index.php?rest_route=\/wp\/v2\/pages\/7375","targetHints":{"allow":["GET"]}}],"collection":[{"href":"https:\/\/veda.polac.cz\/index.php?rest_route=\/wp\/v2\/pages"}],"about":[{"href":"https:\/\/veda.polac.cz\/index.php?rest_route=\/wp\/v2\/types\/page"}],"author":[{"embeddable":true,"href":"https:\/\/veda.polac.cz\/index.php?rest_route=\/wp\/v2\/users\/6"}],"replies":[{"embeddable":true,"href":"https:\/\/veda.polac.cz\/index.php?rest_route=%2Fwp%2Fv2%2Fcomments&post=7375"}],"version-history":[{"count":1,"href":"https:\/\/veda.polac.cz\/index.php?rest_route=\/wp\/v2\/pages\/7375\/revisions"}],"predecessor-version":[{"id":7376,"href":"https:\/\/veda.polac.cz\/index.php?rest_route=\/wp\/v2\/pages\/7375\/revisions\/7376"}],"wp:attachment":[{"href":"https:\/\/veda.polac.cz\/index.php?rest_route=%2Fwp%2Fv2%2Fmedia&parent=7375"}],"curies":[{"name":"wp","href":"https:\/\/api.w.org\/{rel}","templated":true}]}}