{"id":7372,"date":"2024-06-25T10:58:22","date_gmt":"2024-06-25T10:58:22","guid":{"rendered":"https:\/\/veda.polac.cz\/?page_id=7372"},"modified":"2024-06-25T10:58:22","modified_gmt":"2024-06-25T10:58:22","slug":"7372-2","status":"publish","type":"page","link":"https:\/\/veda.polac.cz\/?page_id=7372","title":{"rendered":""},"content":{"rendered":"<p style=\"text-align: center;\">Resum\u00e9 \u010dl\u00e1nku<\/p>\n<p><strong>Trendy v oblasti boje proti terorismu a extremismu v\u00a0\u010cesk\u00e9 republice<\/strong><\/p>\n<p><em>plk. v. v. PhDr. Jan \u010c\u00e1p, Ph.D., Policejn\u00ed akademie \u010cesk\u00e9 republiky v\u00a0Praze, Fakulta bezpe\u010dnostn\u011b pr\u00e1vn\u00ed, katedra kriminalistiky<\/em><\/p>\n<p><em>Mgr. Martin Jank\u016f, <\/em><em>Policie \u010cesk\u00e9 republiky, Slu\u017eba krimin\u00e1ln\u00ed policie a vy\u0161et\u0159ov\u00e1n\u00ed, N\u00e1rodn\u00ed agentura pro boj proti terorismu, extremismu a kyberkriminalit\u011b<\/em><\/p>\n<p><strong>Abstrakt<\/strong><\/p>\n<p>Obsahem \u010dl\u00e1nku je sezn\u00e1men\u00ed \u010dten\u00e1\u0159e s n\u011bkter\u00fdmi sou\u010dasn\u00fdmi trendy v\u00a0oblasti boje proti terorismu a extremismu z\u00a0pohledu p\u0159\u00edslu\u0161n\u00edka nov\u011b vznikl\u00e9ho speci\u00e1ln\u00edho celost\u00e1tn\u00edho \u00fatvaru Policie \u010cR Slu\u017eby krimin\u00e1ln\u00ed policie a vy\u0161et\u0159ov\u00e1n\u00ed, a to z\u00a0pohledu akademick\u00e9ho pracovn\u00edka Policejn\u00ed akademie \u010cesk\u00e9 republiky v\u00a0Praze, s\u00a0akcentem na sou\u010dasn\u00e9 pozn\u00e1n\u00ed kriminalistick\u00e9 taktiky a metodiky vy\u0161et\u0159ov\u00e1n\u00ed, vych\u00e1zej\u00edc z\u00a0pozn\u00e1n\u00ed v\u00fdzkumn\u00fdch aktivit veden\u00fdch v\u00a0r\u00e1mci v\u00fdzkumn\u00e9ho programu university a\u00a0praktick\u00fdch zku\u0161enost\u00ed p\u0159\u00edslu\u0161n\u00edka specializovan\u00e9ho policejn\u00edho \u00fatvaru p\u0159\u00edslu\u0161n\u00e9ho k\u00a0dokumentaci nejz\u00e1va\u017en\u011bj\u0161\u00edch zlo\u010din\u016f v\u00a0popisovan\u00e9 oblasti. Z\u00e1rove\u0148 je p\u0159edstaven nov\u011b vznikl\u00fd \u00fatvar v\u011bcn\u011b p\u0159\u00edslu\u0161n\u00fd k\u00a0odhalov\u00e1n\u00ed a objas\u0148ov\u00e1n\u00ed trestn\u00e9 \u010dinnosti na \u00faseku terorismu, extremismu a kybernetick\u00e9 kriminality.<\/p>\n<p><strong>Kl\u00ed\u010dov\u00e1 slova<em>:<\/em><\/strong> Terorismus, extremismus, trestn\u00ed \u0159\u00edzen\u00ed, kriminalistika, metodika vy\u0161et\u0159ov\u00e1n\u00ed, operativn\u011b p\u00e1trac\u00ed \u010dinnost.<\/p>\n<hr \/>\n<p><a href=\"https:\/\/veda.polac.cz\/?page_id=7361\">Zp\u011bt<\/a><\/p>\n","protected":false},"excerpt":{"rendered":"<p>Resum\u00e9 \u010dl\u00e1nku Trendy v oblasti boje proti terorismu a extremismu v\u00a0\u010cesk\u00e9 republice plk. v. v. PhDr. Jan \u010c\u00e1p, Ph.D., Policejn\u00ed akademie \u010cesk\u00e9 republiky v\u00a0Praze, Fakulta bezpe\u010dnostn\u011b pr\u00e1vn\u00ed, katedra kriminalistiky Mgr. Martin Jank\u016f, Policie \u010cesk\u00e9 republiky, Slu\u017eba krimin\u00e1ln\u00ed policie a vy\u0161et\u0159ov\u00e1n\u00ed, N\u00e1rodn\u00ed agentura pro boj proti terorismu, extremismu a kyberkriminalit\u011b Abstrakt Obsahem \u010dl\u00e1nku je sezn\u00e1men\u00ed \u010dten\u00e1\u0159e [&hellip;]<\/p>\n","protected":false},"author":6,"featured_media":0,"parent":0,"menu_order":0,"comment_status":"closed","ping_status":"closed","template":"","meta":{"footnotes":""},"class_list":["post-7372","page","type-page","status-publish","hentry"],"_links":{"self":[{"href":"https:\/\/veda.polac.cz\/index.php?rest_route=\/wp\/v2\/pages\/7372","targetHints":{"allow":["GET"]}}],"collection":[{"href":"https:\/\/veda.polac.cz\/index.php?rest_route=\/wp\/v2\/pages"}],"about":[{"href":"https:\/\/veda.polac.cz\/index.php?rest_route=\/wp\/v2\/types\/page"}],"author":[{"embeddable":true,"href":"https:\/\/veda.polac.cz\/index.php?rest_route=\/wp\/v2\/users\/6"}],"replies":[{"embeddable":true,"href":"https:\/\/veda.polac.cz\/index.php?rest_route=%2Fwp%2Fv2%2Fcomments&post=7372"}],"version-history":[{"count":1,"href":"https:\/\/veda.polac.cz\/index.php?rest_route=\/wp\/v2\/pages\/7372\/revisions"}],"predecessor-version":[{"id":7373,"href":"https:\/\/veda.polac.cz\/index.php?rest_route=\/wp\/v2\/pages\/7372\/revisions\/7373"}],"wp:attachment":[{"href":"https:\/\/veda.polac.cz\/index.php?rest_route=%2Fwp%2Fv2%2Fmedia&parent=7372"}],"curies":[{"name":"wp","href":"https:\/\/api.w.org\/{rel}","templated":true}]}}