{"id":7370,"date":"2024-06-25T10:56:52","date_gmt":"2024-06-25T10:56:52","guid":{"rendered":"https:\/\/veda.polac.cz\/?page_id=7370"},"modified":"2025-02-05T14:08:45","modified_gmt":"2025-02-05T14:08:45","slug":"7370-2","status":"publish","type":"page","link":"https:\/\/veda.polac.cz\/?page_id=7370","title":{"rendered":""},"content":{"rendered":"<p style=\"text-align: center;\">Resum\u00e9 \u010dl\u00e1nku<\/p>\n<p><strong>Inklinace prvovoli\u010d\u016f ke krajn\u00ed pravici a m\u00edra jejich anomie a\u00a0soci\u00e1ln\u00ed distance: sociologick\u00e1 sonda u\u00a0st\u0159edo\u0161kolsk\u00fdch student\u016f v\u00a0Karvin\u00e9<\/strong><\/p>\n<p><em>PhDr. Ond\u0159ej Mo\u0144ski, Celn\u00ed spr\u00e1va \u010cesk\u00e9 republiky, Gener\u00e1ln\u00ed \u0159editelstv\u00ed cel<\/em><\/p>\n<p><em>Policejn\u00ed akademie \u010cesk\u00e9 republiky, Fakulta bezpe\u010dnostn\u00edho managementu, katedra bezpe\u010denostn\u00edch studi\u00ed<br \/>\n<\/em><\/p>\n<p><strong>Abstrakt<\/strong><\/p>\n<p>\u010cl\u00e1nek analyzuje fenom\u00e9n p\u0159\u00edklonu prvovoli\u010d\u016f k\u00a0podpo\u0159e krajn\u011b pravicov\u00fdch subjekt\u016f na p\u0159\u00edkladu statut\u00e1rn\u00edho m\u011bsta Karvin\u00e1 a m\u00edru jejich anomie a soci\u00e1ln\u00ed distance na pozad\u00ed \u0161ir\u0161\u00edho trendu p\u0159\u00edklonu mlad\u00fdch voli\u010d\u016f ke krajn\u011b pravicov\u00fdm subjekt\u016fm v\u00a0evropsk\u00fdch st\u00e1tech v\u00a0uplynul\u00e9m desetilet\u00ed. Pro sv\u00e1 zji\u0161t\u011bn\u00ed vyu\u017e\u00edv\u00e1 empirickou metodu dotazn\u00edkov\u00e9ho \u0161et\u0159en\u00ed. M\u011bsto Karvin\u00e1 bylo zvoleno jako\u017eto typick\u00fd p\u0159\u00edklad s\u00eddla sti\u017een\u00e9ho struktur\u00e1ln\u00edmi socioekonomick\u00fdmi probl\u00e9my, jako je vysok\u00e1 m\u00edra nezam\u011bstnanosti, vysok\u00e1 kriminalita \u010di zne\u010dist\u011bn\u00e9 \u017eivotn\u00ed prost\u0159ed\u00ed. V\u00a0takov\u00fdch podm\u00ednk\u00e1ch je obvykle nam\u011b\u0159ena vy\u0161\u0161\u00ed m\u00edra anomie a soci\u00e1ln\u00ed distance. Uveden\u00e9 aspekty pak p\u0159isp\u00edvaj\u00ed k\u00a0vy\u0161\u0161\u00ed inklinaci voli\u010d\u016f k\u00a0radik\u00e1ln\u00edm politick\u00fdm proud\u016fm. Popularita krajn\u011b pravicov\u00fdch politick\u00fdch stran m\u00e1 p\u0159itom rostouc\u00ed tendenci v\u00a0\u0159ad\u011b \u010dlensk\u00fdch st\u00e1t\u016f Evropsk\u00e9 unie, tato obl\u00edbenost je materializov\u00e1na ve st\u00e1le vy\u0161\u0161\u00edch volebn\u00edch zisc\u00edch t\u011bchto politick\u00fdch stran. V\u00fdznamnou roli v\u00a0tomto procesu hraj\u00ed pr\u00e1v\u011b\u00a0mlad\u00ed voli\u010di v\u010detn\u011b prvovoli\u010d\u016f, p\u0159i\u010dem\u017e v\u00a0n\u011bkter\u00fdch typech voleb v evropsk\u00fdch st\u00e1tech se mezi mlad\u00fdmi voli\u010di krajn\u011b pravicov\u00e9 strany v\u00a0ned\u00e1vn\u00e9 minulosti staly nej\u00fasp\u011b\u0161n\u011bj\u0161\u00edmi subjekty. V\u00a0\u010cesk\u00e9 republice prozat\u00edm nedo\u0161lo k\u00a0natolik v\u00fdrazn\u00e9mu zmohutn\u011bn\u00ed pravicov\u011b populistick\u00fdch proud\u016f, jako je tomu ve v\u011bt\u0161in\u011b z\u00e1padoevropsk\u00fdch st\u00e1t\u016f, ov\u0161em v\u00a0kontextu sou\u010dasn\u00e9 dynamicky se vyv\u00edjej\u00edc\u00ed mezin\u00e1rodn\u011bpolitick\u00e9 situace a v\u00a0kombinaci se stagnuj\u00edc\u00ed ekonomikou zde existuje potenci\u00e1l pro vzestup radik\u00e1ln\u00edch politick\u00fdch sil.<\/p>\n<p><strong>Kl\u00ed\u010dov\u00e1 slova:<\/strong> extremismus, radikalismus, krajn\u00ed pravice, ml\u00e1de\u017e, anomie, soci\u00e1ln\u00ed distance.<\/p>\n<hr \/>\n<p><a href=\"https:\/\/veda.polac.cz\/?page_id=7361\">Zp\u011bt<\/a><\/p>\n","protected":false},"excerpt":{"rendered":"<p>Resum\u00e9 \u010dl\u00e1nku Inklinace prvovoli\u010d\u016f ke krajn\u00ed pravici a m\u00edra jejich anomie a\u00a0soci\u00e1ln\u00ed distance: sociologick\u00e1 sonda u\u00a0st\u0159edo\u0161kolsk\u00fdch student\u016f v\u00a0Karvin\u00e9 PhDr. Ond\u0159ej Mo\u0144ski, Celn\u00ed spr\u00e1va \u010cesk\u00e9 republiky, Gener\u00e1ln\u00ed \u0159editelstv\u00ed cel Policejn\u00ed akademie \u010cesk\u00e9 republiky, Fakulta bezpe\u010dnostn\u00edho managementu, katedra bezpe\u010denostn\u00edch studi\u00ed Abstrakt \u010cl\u00e1nek analyzuje fenom\u00e9n p\u0159\u00edklonu prvovoli\u010d\u016f k\u00a0podpo\u0159e krajn\u011b pravicov\u00fdch subjekt\u016f na p\u0159\u00edkladu statut\u00e1rn\u00edho m\u011bsta Karvin\u00e1 a m\u00edru [&hellip;]<\/p>\n","protected":false},"author":6,"featured_media":0,"parent":0,"menu_order":0,"comment_status":"closed","ping_status":"closed","template":"","meta":{"footnotes":""},"class_list":["post-7370","page","type-page","status-publish","hentry"],"_links":{"self":[{"href":"https:\/\/veda.polac.cz\/index.php?rest_route=\/wp\/v2\/pages\/7370","targetHints":{"allow":["GET"]}}],"collection":[{"href":"https:\/\/veda.polac.cz\/index.php?rest_route=\/wp\/v2\/pages"}],"about":[{"href":"https:\/\/veda.polac.cz\/index.php?rest_route=\/wp\/v2\/types\/page"}],"author":[{"embeddable":true,"href":"https:\/\/veda.polac.cz\/index.php?rest_route=\/wp\/v2\/users\/6"}],"replies":[{"embeddable":true,"href":"https:\/\/veda.polac.cz\/index.php?rest_route=%2Fwp%2Fv2%2Fcomments&post=7370"}],"version-history":[{"count":2,"href":"https:\/\/veda.polac.cz\/index.php?rest_route=\/wp\/v2\/pages\/7370\/revisions"}],"predecessor-version":[{"id":7586,"href":"https:\/\/veda.polac.cz\/index.php?rest_route=\/wp\/v2\/pages\/7370\/revisions\/7586"}],"wp:attachment":[{"href":"https:\/\/veda.polac.cz\/index.php?rest_route=%2Fwp%2Fv2%2Fmedia&parent=7370"}],"curies":[{"name":"wp","href":"https:\/\/api.w.org\/{rel}","templated":true}]}}