{"id":7368,"date":"2024-06-25T10:55:19","date_gmt":"2024-06-25T10:55:19","guid":{"rendered":"https:\/\/veda.polac.cz\/?page_id=7368"},"modified":"2024-06-25T10:55:19","modified_gmt":"2024-06-25T10:55:19","slug":"7368-2","status":"publish","type":"page","link":"https:\/\/veda.polac.cz\/?page_id=7368","title":{"rendered":""},"content":{"rendered":"<p style=\"text-align: center;\">Resum\u00e9 \u010dl\u00e1nku<\/p>\n<p><strong>Teoretick\u00e9 v\u00fdchodisk\u00e1 kreovania N\u00e1rodn\u00e9ho modelu krimin\u00e1lneho spravodajstva v Slovenskej republike<\/strong><\/p>\n<p><em>Ing. Jozef Stieranka, PhD., Akad\u00e9mia policajn\u00e9ho zboru Bratislava, Slovensk\u00e1 republika, katedra krimin\u00e1ln\u00ed policie<\/em><\/p>\n<p><em>mjr. Mgr. Bc. \u013dudov\u00edt Fidler, Akad\u00e9mia policajn\u00e9ho zboru Bratislava, \\Slovensk\u00e1 republika, katedra krimin\u00e1ln\u00ed policie<\/em><\/p>\n<p><strong>Abstrakt<\/strong><\/p>\n<p>Autori pr\u00edspevku v r\u00e1mci rie\u0161enia vedecko-v\u00fdskumnej \u00falohy \u201eN\u00e1rodn\u00fd model krimin\u00e1lneho spravodajstva\u201c VYSK \u010d. 231 realizovanej na katedre krimin\u00e1lnej pol\u00edcie Akad\u00e9mie PZ v Bratislave analyzuj\u00fa a pribli\u017euj\u00fa teoretick\u00e9 v\u00fdchodisk\u00e1, ktor\u00e9 je nevyhnutn\u00e9 akceptova\u0165 pri kreovan\u00ed n\u00e1rodn\u00e9ho modelu krimin\u00e1lneho spravodajstva na\u00a0strategickej \u00farovni a na opera\u010dnej \u00farovni odha\u013eovania trestnej \u010dinnosti v\u00a0podmienkach Slovenskej republiky. Zameriavaj\u00fa sa na taxon\u00f3miu z\u00e1kladn\u00fdch pojmov, teoretick\u00e9 vymedzenie procesu riadenia riz\u00edk, ktor\u00e9 aplikuj\u00fa na proces odha\u013eovania trestn\u00fdch \u010dinov. Zd\u00f4vod\u0148uj\u00fa potrebu implement\u00e1cie rizikovo orientovan\u00e9ho pr\u00edstupu pri odha\u013eovan\u00ed trestn\u00fdch \u010dinov na strategickej a opera\u010dnej \u00farovni v z\u00e1ujme zvy\u0161ovania bezpe\u010dnosti.<\/p>\n<p><strong>K\u013e\u00fa\u010dov\u00e9 slov\u00e1: <\/strong>odha\u013eovanie, krimin\u00e1lne spravodajstvo, kriminalita, riadenie riz\u00edk kriminality.<\/p>\n<hr \/>\n<p><a href=\"https:\/\/veda.polac.cz\/?page_id=7361\">Zp\u011bt<\/a><\/p>\n","protected":false},"excerpt":{"rendered":"<p>Resum\u00e9 \u010dl\u00e1nku Teoretick\u00e9 v\u00fdchodisk\u00e1 kreovania N\u00e1rodn\u00e9ho modelu krimin\u00e1lneho spravodajstva v Slovenskej republike Ing. Jozef Stieranka, PhD., Akad\u00e9mia policajn\u00e9ho zboru Bratislava, Slovensk\u00e1 republika, katedra krimin\u00e1ln\u00ed policie mjr. Mgr. Bc. \u013dudov\u00edt Fidler, Akad\u00e9mia policajn\u00e9ho zboru Bratislava, \\Slovensk\u00e1 republika, katedra krimin\u00e1ln\u00ed policie Abstrakt Autori pr\u00edspevku v r\u00e1mci rie\u0161enia vedecko-v\u00fdskumnej \u00falohy \u201eN\u00e1rodn\u00fd model krimin\u00e1lneho spravodajstva\u201c VYSK \u010d. 231 realizovanej [&hellip;]<\/p>\n","protected":false},"author":6,"featured_media":0,"parent":0,"menu_order":0,"comment_status":"closed","ping_status":"closed","template":"","meta":{"footnotes":""},"class_list":["post-7368","page","type-page","status-publish","hentry"],"_links":{"self":[{"href":"https:\/\/veda.polac.cz\/index.php?rest_route=\/wp\/v2\/pages\/7368","targetHints":{"allow":["GET"]}}],"collection":[{"href":"https:\/\/veda.polac.cz\/index.php?rest_route=\/wp\/v2\/pages"}],"about":[{"href":"https:\/\/veda.polac.cz\/index.php?rest_route=\/wp\/v2\/types\/page"}],"author":[{"embeddable":true,"href":"https:\/\/veda.polac.cz\/index.php?rest_route=\/wp\/v2\/users\/6"}],"replies":[{"embeddable":true,"href":"https:\/\/veda.polac.cz\/index.php?rest_route=%2Fwp%2Fv2%2Fcomments&post=7368"}],"version-history":[{"count":1,"href":"https:\/\/veda.polac.cz\/index.php?rest_route=\/wp\/v2\/pages\/7368\/revisions"}],"predecessor-version":[{"id":7369,"href":"https:\/\/veda.polac.cz\/index.php?rest_route=\/wp\/v2\/pages\/7368\/revisions\/7369"}],"wp:attachment":[{"href":"https:\/\/veda.polac.cz\/index.php?rest_route=%2Fwp%2Fv2%2Fmedia&parent=7368"}],"curies":[{"name":"wp","href":"https:\/\/api.w.org\/{rel}","templated":true}]}}