{"id":7365,"date":"2024-06-25T10:52:35","date_gmt":"2024-06-25T10:52:35","guid":{"rendered":"https:\/\/veda.polac.cz\/?page_id=7365"},"modified":"2024-06-25T10:52:35","modified_gmt":"2024-06-25T10:52:35","slug":"7365-2","status":"publish","type":"page","link":"https:\/\/veda.polac.cz\/?page_id=7365","title":{"rendered":""},"content":{"rendered":"<p style=\"text-align: center;\">Resum\u00e9 \u010dl\u00e1nku<\/p>\n<p><strong>Vyu\u017eitie osobitn\u00fdch prostriedkov Vojensk\u00e9ho spravodajstva v\u00a0procesoch odha\u013eovania trestnej \u010dinnosti a\u00a0zis\u0165ovania ich p\u00e1chate\u013eov<\/strong><\/p>\n<p><em>plk. JUDr. Juraj Kulik, PhD., LL.M., MBA, Slovensk\u00e1 informa\u010dn\u00ed slu\u017eba, Bratislava, Slovensk\u00e1 republika, N\u00e1rodn\u00ed bezpe\u010dnostn\u00ed analytick\u00e9 centrum, \u0159editel<\/em><\/p>\n<p><strong>Abstrakt<\/strong><\/p>\n<p>\u00da\u010dinn\u00e9 pozn\u00e1vanie organizovanej trestnej \u010dinnosti a\u00a0\u010fal\u0161\u00edch objektov spravodajsk\u00e9ho z\u00e1ujmu nap\u013a\u0148aj\u00facich niektor\u00fa zo skutkov\u00fdch podst\u00e1t trestn\u00e9ho \u010dinu si vy\u017eaduje vyu\u017eitie \u010do najvhodnej\u0161ej kombin\u00e1cie osobitn\u00fdch prostriedkov, ktor\u00fdmi Vojensk\u00e9 spravodajstvo disponuje <em>de lege lata<\/em>. Pr\u00edspevok je zameran\u00fd na trestn\u00fa \u010dinnos\u0165 ako v\u0161eobecn\u00fd objekt spravodajsk\u00e9ho z\u00e1ujmu Vojensk\u00e9ho spravodajstva v\u00a0kontexte novej z\u00e1konnej regul\u00e1cie. \u0164a\u017eiskom pr\u00edspevku je kategoriz\u00e1cia a\u00a0\u0161pecifik\u00e1 pou\u017eitia a\u00a0vyu\u017eite\u013enosti jednotliv\u00fdch osobitn\u00fdch prostriedkov Vojensk\u00e9ho spravodajstva na odha\u013eovanie trestnej \u010dinnosti a zis\u0165ovanie ich p\u00e1chate\u013eov.<\/p>\n<p><strong>K\u013e\u00fa\u010dov\u00e9 slov\u00e1: <\/strong>Vojensk\u00e9 spravodajstvo, spravodajsk\u00e1 slu\u017eba, spravodajsk\u00e9 prostriedky, informa\u010dno-technick\u00e9 prostriedky, informa\u010dno-operat\u00edvne prostriedky, sledovanie, odha\u013eovanie trestnej \u010dinnosti, zis\u0165ovanie p\u00e1chate\u013eov trestnej \u010dinnosti, zber a\u00a0z\u00edskavanie inform\u00e1ci\u00ed, trestn\u00e9 konanie.<\/p>\n<hr \/>\n<p><a href=\"https:\/\/veda.polac.cz\/?page_id=7361\">Zp\u011bt<\/a><\/p>\n","protected":false},"excerpt":{"rendered":"<p>Resum\u00e9 \u010dl\u00e1nku Vyu\u017eitie osobitn\u00fdch prostriedkov Vojensk\u00e9ho spravodajstva v\u00a0procesoch odha\u013eovania trestnej \u010dinnosti a\u00a0zis\u0165ovania ich p\u00e1chate\u013eov plk. JUDr. Juraj Kulik, PhD., LL.M., MBA, Slovensk\u00e1 informa\u010dn\u00ed slu\u017eba, Bratislava, Slovensk\u00e1 republika, N\u00e1rodn\u00ed bezpe\u010dnostn\u00ed analytick\u00e9 centrum, \u0159editel Abstrakt \u00da\u010dinn\u00e9 pozn\u00e1vanie organizovanej trestnej \u010dinnosti a\u00a0\u010fal\u0161\u00edch objektov spravodajsk\u00e9ho z\u00e1ujmu nap\u013a\u0148aj\u00facich niektor\u00fa zo skutkov\u00fdch podst\u00e1t trestn\u00e9ho \u010dinu si vy\u017eaduje vyu\u017eitie \u010do najvhodnej\u0161ej kombin\u00e1cie [&hellip;]<\/p>\n","protected":false},"author":6,"featured_media":0,"parent":0,"menu_order":0,"comment_status":"closed","ping_status":"closed","template":"","meta":{"footnotes":""},"class_list":["post-7365","page","type-page","status-publish","hentry"],"_links":{"self":[{"href":"https:\/\/veda.polac.cz\/index.php?rest_route=\/wp\/v2\/pages\/7365","targetHints":{"allow":["GET"]}}],"collection":[{"href":"https:\/\/veda.polac.cz\/index.php?rest_route=\/wp\/v2\/pages"}],"about":[{"href":"https:\/\/veda.polac.cz\/index.php?rest_route=\/wp\/v2\/types\/page"}],"author":[{"embeddable":true,"href":"https:\/\/veda.polac.cz\/index.php?rest_route=\/wp\/v2\/users\/6"}],"replies":[{"embeddable":true,"href":"https:\/\/veda.polac.cz\/index.php?rest_route=%2Fwp%2Fv2%2Fcomments&post=7365"}],"version-history":[{"count":1,"href":"https:\/\/veda.polac.cz\/index.php?rest_route=\/wp\/v2\/pages\/7365\/revisions"}],"predecessor-version":[{"id":7367,"href":"https:\/\/veda.polac.cz\/index.php?rest_route=\/wp\/v2\/pages\/7365\/revisions\/7367"}],"wp:attachment":[{"href":"https:\/\/veda.polac.cz\/index.php?rest_route=%2Fwp%2Fv2%2Fmedia&parent=7365"}],"curies":[{"name":"wp","href":"https:\/\/api.w.org\/{rel}","templated":true}]}}