{"id":7363,"date":"2024-06-25T10:50:05","date_gmt":"2024-06-25T10:50:05","guid":{"rendered":"https:\/\/veda.polac.cz\/?page_id=7363"},"modified":"2024-06-25T10:50:05","modified_gmt":"2024-06-25T10:50:05","slug":"7363-2","status":"publish","type":"page","link":"https:\/\/veda.polac.cz\/?page_id=7363","title":{"rendered":""},"content":{"rendered":"<p style=\"text-align: center;\">Resum\u00e9 \u010dl\u00e1nku<\/p>\n<p><strong>Spravodajsk\u00e9 inform\u00e1cie \u2013 relevantn\u00e9 d\u00f4kazy v\u00a0trestnom konan\u00ed<\/strong><\/p>\n<p><em>doc. JUDr. Adri\u00e1n Va\u0161ko, PhD., Univerzita Mateja Bela v Banskej Bystrici, Slovensk\u00e1 republika, Pr\u00e1vnick\u00e1 fakulta<\/em><\/p>\n<p><em>Mgr. R\u00f3bert \u010cuha, Univerzita Mateja Bela v Banskej Bystrici, Slovensk\u00e1 republika, <\/em><em>Pr\u00e1vnick\u00e1 fakulta, \u0161tudent doktorandsk\u00e9ho \u0161t\u00fadia<\/em><\/p>\n<p><strong>Abstrakt<\/strong><\/p>\n<p>Nako\u013eko nemo\u017eno v\u017edy spo\u013eahlivo zisti\u0165 skutkov\u00fd dej trestn\u00e9ho \u010dinu a jeho p\u00e1chate\u013ea, je nutn\u00e9 prist\u00fapi\u0165 k vyu\u017eitiu in\u00fdch \u0161pecifick\u00fdch d\u00f4kazov \u2013 k spravodajsk\u00fdm inform\u00e1ci\u00e1m.\u00a0 Uplatnenie spravodajsk\u00fdch inform\u00e1ci\u00ed ako d\u00f4kazu v trestnom konan\u00ed je pomerne m\u00e1lo presk\u00faman\u00e1 a z\u00e1rove\u0148 kontroverzn\u00e1 t\u00e9ma s oh\u013eadom na s\u00fa\u010dasn\u00fa politick\u00fa realitu. Pok\u00fa\u0161ame sa na\u010drtn\u00fa\u0165 n\u00e1\u0161 parci\u00e1lny poh\u013ead na ich uplatnenie v\u00a0trestnom konan\u00ed.<\/p>\n<p><strong>Kl\u00ed\u010dov\u00e1 slova: <\/strong>trestn\u00e9 konanie, dokazovanie, spravodajsk\u00e1 \u010dinnos\u0165, spravodajsk\u00e1 inform\u00e1cia.<\/p>\n<hr \/>\n<p><a href=\"https:\/\/veda.polac.cz\/?page_id=7361\">Zp\u011bt<\/a><\/p>\n","protected":false},"excerpt":{"rendered":"<p>Resum\u00e9 \u010dl\u00e1nku Spravodajsk\u00e9 inform\u00e1cie \u2013 relevantn\u00e9 d\u00f4kazy v\u00a0trestnom konan\u00ed doc. JUDr. Adri\u00e1n Va\u0161ko, PhD., Univerzita Mateja Bela v Banskej Bystrici, Slovensk\u00e1 republika, Pr\u00e1vnick\u00e1 fakulta Mgr. R\u00f3bert \u010cuha, Univerzita Mateja Bela v Banskej Bystrici, Slovensk\u00e1 republika, Pr\u00e1vnick\u00e1 fakulta, \u0161tudent doktorandsk\u00e9ho \u0161t\u00fadia Abstrakt Nako\u013eko nemo\u017eno v\u017edy spo\u013eahlivo zisti\u0165 skutkov\u00fd dej trestn\u00e9ho \u010dinu a jeho p\u00e1chate\u013ea, je nutn\u00e9 [&hellip;]<\/p>\n","protected":false},"author":6,"featured_media":0,"parent":0,"menu_order":0,"comment_status":"closed","ping_status":"closed","template":"","meta":{"footnotes":""},"class_list":["post-7363","page","type-page","status-publish","hentry"],"_links":{"self":[{"href":"https:\/\/veda.polac.cz\/index.php?rest_route=\/wp\/v2\/pages\/7363","targetHints":{"allow":["GET"]}}],"collection":[{"href":"https:\/\/veda.polac.cz\/index.php?rest_route=\/wp\/v2\/pages"}],"about":[{"href":"https:\/\/veda.polac.cz\/index.php?rest_route=\/wp\/v2\/types\/page"}],"author":[{"embeddable":true,"href":"https:\/\/veda.polac.cz\/index.php?rest_route=\/wp\/v2\/users\/6"}],"replies":[{"embeddable":true,"href":"https:\/\/veda.polac.cz\/index.php?rest_route=%2Fwp%2Fv2%2Fcomments&post=7363"}],"version-history":[{"count":1,"href":"https:\/\/veda.polac.cz\/index.php?rest_route=\/wp\/v2\/pages\/7363\/revisions"}],"predecessor-version":[{"id":7364,"href":"https:\/\/veda.polac.cz\/index.php?rest_route=\/wp\/v2\/pages\/7363\/revisions\/7364"}],"wp:attachment":[{"href":"https:\/\/veda.polac.cz\/index.php?rest_route=%2Fwp%2Fv2%2Fmedia&parent=7363"}],"curies":[{"name":"wp","href":"https:\/\/api.w.org\/{rel}","templated":true}]}}