{"id":7361,"date":"2024-06-24T12:38:12","date_gmt":"2024-06-24T12:38:12","guid":{"rendered":"https:\/\/veda.polac.cz\/?page_id=7361"},"modified":"2025-02-05T14:07:59","modified_gmt":"2025-02-05T14:07:59","slug":"02-2024","status":"publish","type":"page","link":"https:\/\/veda.polac.cz\/?page_id=7361","title":{"rendered":"02\/2024"},"content":{"rendered":"<p><a href=\"https:\/\/veda.polac.cz\/?page_id=7363\"><strong>Spravodajsk\u00e9 inform\u00e1cie \u2013 relevantn\u00e9 d\u00f4kazy v trestnom konan\u00ed<\/strong><\/a><\/p>\n<p>doc. JUDr. Adri\u00e1n Va\u0161ko, PhD., Univerzita Mateja Bela v Banskej Bystrici,<br \/>\nSlovensk\u00e1 republika, Pr\u00e1vnick\u00e1 fakulta<br \/>\nMgr. R\u00f3bert \u010cuha, Univerzita Mateja Bela v Banskej Bystrici, Slovensk\u00e1 republika<br \/>\nPr\u00e1vnick\u00e1 fakulta, \u0161tudent doktorandsk\u00e9ho \u0161t\u00fadia<\/p>\n<p><a href=\"https:\/\/veda.polac.cz\/wp-content\/uploads\/2024\/06\/Spravodajske-informacie-\u2013-relevantne-dokazy-v-trestnom-konani.pdf\" target=\"_blank\" rel=\"noopener\">pdf form\u00e1t<\/a><\/p>\n<hr \/>\n<p><strong><a href=\"https:\/\/veda.polac.cz\/?page_id=7365\">Vyu\u017eitie osobitn\u00fdch prostriedkov Vojensk\u00e9ho spravodajstva v procesoch odha\u013eovania trestnej \u010dinnosti a zis\u0165ovania ich p\u00e1chate\u013eov<\/a><br \/>\n<\/strong><br \/>\nplk. JUDr. Juraj Kulik, PhD., LL.M., MBA, Slovensk\u00e1 informa\u010dn\u00e1 slu\u017eba, Bratislava, Slovensk\u00e1 republika, N\u00e1rodn\u00e9 bezpe\u010dnostn\u00e9 analytick\u00e9 centrum<\/p>\n<p><a href=\"https:\/\/veda.polac.cz\/wp-content\/uploads\/2024\/06\/Vyuzitie-osobitnych-prostriedkov-Vojenskeho-spravodajstva-v-procesoch-odhalovania-trestnej-cinnosti-a-zistovania-ich-pachatelov.pdf\" target=\"_blank\" rel=\"noopener\">pdf form\u00e1t<\/a><\/p>\n<hr \/>\n<p><a href=\"https:\/\/veda.polac.cz\/?page_id=7368\"><strong>Teoretick\u00e9 v\u00fdchodisk\u00e1 kreovania N\u00e1rodn\u00e9ho modelu krimin\u00e1lneho spravodajstva v Slovenskej republike<\/strong><\/a><\/p>\n<p>Ing. Jozef Stieranka, PhD., Akad\u00e9mia Policajn\u00e9ho zboru v Bratislave,<br \/>\nSlovensk\u00e1 republika, katedra krimin\u00e1lnej pol\u00edcie<br \/>\nmjr. Mgr. Bc. \u013dudov\u00edt Fidler, Akad\u00e9mia Policajn\u00e9ho zboru v Bratislave,<br \/>\nSlovensk\u00e1 republika, katedra krimin\u00e1lnej pol\u00edcie<\/p>\n<p><a href=\"https:\/\/veda.polac.cz\/wp-content\/uploads\/2024\/06\/Teoreticke-vychodiska-kreovania-Narodneho-modelu-kriminalneho-spravodajstva-v-Slovenskej-republike.pdf\" target=\"_blank\" rel=\"noopener\">pdf form\u00e1t<\/a><\/p>\n<hr \/>\n<p><a href=\"https:\/\/veda.polac.cz\/?page_id=7370\"><strong>Inklinace prvovoli\u010d\u016f ke krajn\u00ed pravici a m\u00edra jejich anomie a\u00a0soci\u00e1ln\u00ed distance: sociologick\u00e1 sonda u\u00a0st\u0159edo\u0161kolsk\u00fdch student\u016f v\u00a0Karvin\u00e9<\/strong><\/a><\/p>\n<p>PhDr. Ond\u0159ej Mo\u0144ski, Celn\u00ed spr\u00e1va \u010cesk\u00e9 republiky, Gener\u00e1ln\u00ed \u0159editelstv\u00ed cel<br \/>\nPolicejn\u00ed akademie \u010cesk\u00e9 republiky, Fakulta bezpe\u010dnostn\u00edho managementu,<br \/>\nkatedra bezpe\u010dnostn\u00edch studi\u00ed<\/p>\n<p><a href=\"https:\/\/veda.polac.cz\/wp-content\/uploads\/2024\/06\/Inklinace-prvovolicu-ke-krajni-pravici-a-mira-jejich-anomie-a-socialni-distance-sociologicka-sonda-u-stredoskolskych-studentu-v-Karvine.pdf\" target=\"_blank\" rel=\"noopener\">pdf form\u00e1t<\/a><\/p>\n<hr \/>\n<p><a href=\"https:\/\/veda.polac.cz\/?page_id=7372\"><strong>Trendy v oblasti boje proti terorismu a extremismu v \u010cesk\u00e9 republice<\/strong><\/a><\/p>\n<p>plk. v. v. PhDr. Jan \u010c\u00e1p, Ph.D., Policejn\u00ed akademie \u010cesk\u00e9 republiky v Praze,<br \/>\nFakulta bezpe\u010dnostn\u011b pr\u00e1vn\u00ed, katedra kriminalistiky<br \/>\nMgr. Martin Jank\u016f, Policie \u010cesk\u00e9 republiky, Slu\u017eba krimin\u00e1ln\u00ed policie a vy\u0161et\u0159ov\u00e1n\u00ed, N\u00e1rodn\u00ed agentura pro boj proti terorismu, extremismu a kyberkriminalit\u011b<\/p>\n<p><a href=\"https:\/\/veda.polac.cz\/wp-content\/uploads\/2024\/06\/Trendy-v-oblasti-boje-proti-terorismu-a-extremismu-v-Ceske-republice.pdf\" target=\"_blank\" rel=\"noopener\">pdf form\u00e1t<\/a><\/p>\n<hr \/>\n<p><a href=\"https:\/\/veda.polac.cz\/?page_id=7375\"><strong>Neobvykl\u00e9 obchodn\u00e9 oper\u00e1cie pri poskytovan\u00ed slu\u017eby zmen\u00e1rne virtu\u00e1lnej meny<\/strong><\/a><\/p>\n<p>doc. RNDr. Tatiana Hajd\u00fakov\u00e1, PhD., Akad\u00e9mia Policajn\u00e9ho zboru v Bratislave, Slovensk\u00e1 republika, katedra informatiky a managementu<br \/>\nJUDr. Samuel Marr, LL.M., Pr\u00e1vnick\u00e1 fakulta Univerzity Komensk\u00e9ho v Bratislave, Slovensk\u00e1 republika, katedra trestn\u00e9ho pr\u00e1va, kriminol\u00f3gie a kriminalistiky<\/p>\n<p><a href=\"https:\/\/veda.polac.cz\/wp-content\/uploads\/2024\/06\/Neobvykle-obchodne-operacie-pri-poskytovani-sluzby-zmenarne-virtualnej-meny.pdf\" target=\"_blank\" rel=\"noopener\">pdf form\u00e1t<\/a><\/p>\n<hr \/>\n<p><a href=\"https:\/\/veda.polac.cz\/?page_id=7377\"><strong>Assessment Centre jako metoda v\u00fdb\u011bru mana\u017eer\u016f v policejn\u00edch \u00fatvarech<\/strong><\/a><\/p>\n<p>JUDr. Dalimil Sypt\u00e1k, LL.M., Policie \u010cesk\u00e9 republiky, \u00da\u0159ad dokumentace a vy\u0161et\u0159ov\u00e1n\u00ed zlo\u010din\u016f komunismu<\/p>\n<p><a href=\"https:\/\/veda.polac.cz\/wp-content\/uploads\/2024\/06\/Assessment-Centre-jako-metoda-vyberu-manazeru-v-policejnich-utvarech.pdf\" target=\"_blank\" rel=\"noopener\">pdf form\u00e1t<\/a><\/p>\n<hr \/>\n","protected":false},"excerpt":{"rendered":"<p>Spravodajsk\u00e9 inform\u00e1cie \u2013 relevantn\u00e9 d\u00f4kazy v trestnom konan\u00ed doc. JUDr. Adri\u00e1n Va\u0161ko, PhD., Univerzita Mateja Bela v Banskej Bystrici, Slovensk\u00e1 republika, Pr\u00e1vnick\u00e1 fakulta Mgr. R\u00f3bert \u010cuha, Univerzita Mateja Bela v Banskej Bystrici, Slovensk\u00e1 republika Pr\u00e1vnick\u00e1 fakulta, \u0161tudent doktorandsk\u00e9ho \u0161t\u00fadia pdf form\u00e1t Vyu\u017eitie osobitn\u00fdch prostriedkov Vojensk\u00e9ho spravodajstva v procesoch odha\u013eovania trestnej \u010dinnosti a zis\u0165ovania ich p\u00e1chate\u013eov [&hellip;]<\/p>\n","protected":false},"author":6,"featured_media":0,"parent":0,"menu_order":0,"comment_status":"closed","ping_status":"closed","template":"","meta":{"footnotes":""},"class_list":["post-7361","page","type-page","status-publish","hentry"],"_links":{"self":[{"href":"https:\/\/veda.polac.cz\/index.php?rest_route=\/wp\/v2\/pages\/7361","targetHints":{"allow":["GET"]}}],"collection":[{"href":"https:\/\/veda.polac.cz\/index.php?rest_route=\/wp\/v2\/pages"}],"about":[{"href":"https:\/\/veda.polac.cz\/index.php?rest_route=\/wp\/v2\/types\/page"}],"author":[{"embeddable":true,"href":"https:\/\/veda.polac.cz\/index.php?rest_route=\/wp\/v2\/users\/6"}],"replies":[{"embeddable":true,"href":"https:\/\/veda.polac.cz\/index.php?rest_route=%2Fwp%2Fv2%2Fcomments&post=7361"}],"version-history":[{"count":4,"href":"https:\/\/veda.polac.cz\/index.php?rest_route=\/wp\/v2\/pages\/7361\/revisions"}],"predecessor-version":[{"id":7585,"href":"https:\/\/veda.polac.cz\/index.php?rest_route=\/wp\/v2\/pages\/7361\/revisions\/7585"}],"wp:attachment":[{"href":"https:\/\/veda.polac.cz\/index.php?rest_route=%2Fwp%2Fv2%2Fmedia&parent=7361"}],"curies":[{"name":"wp","href":"https:\/\/api.w.org\/{rel}","templated":true}]}}