{"id":735,"date":"2018-09-13T20:22:11","date_gmt":"2018-09-13T20:22:11","guid":{"rendered":"http:\/\/veda.polac.cz\/?page_id=735"},"modified":"2018-10-27T18:53:25","modified_gmt":"2018-10-27T18:53:25","slug":"1-2","status":"publish","type":"page","link":"https:\/\/veda.polac.cz\/?page_id=735","title":{"rendered":""},"content":{"rendered":"<p style=\"text-align: center;\">Resum\u00e9 \u010dl\u00e1nku<\/p>\n<p><strong>Odhalov\u00e1n\u00ed a identifikace trestn\u00e9 \u010dinnosti s extremistick\u00fdm podtextem<br \/>\n<\/strong><i>pplk. Mgr. Barbora Vegrichtov\u00e1, MBA, Fakulta bezpe\u010dnostn\u011b pr\u00e1vn\u00ed PA \u010cR v Praze, katedra krimin\u00e1ln\u00ed policie<\/i><\/p>\n<p>C\u00edlem tohoto \u010dl\u00e1nku je popis a charakteristika postup\u016f policie v r\u00e1mci odhalov\u00e1n\u00ed a identifikace trestn\u00e9 \u010dinnosti s extremistick\u00fdm podtextem. P\u0159\u00edsp\u011bvek je zam\u011b\u0159en zejm\u00e9na na specifick\u00e9 aspekty t\u011bchto metod a postup\u016f s ohledem na variabilitu aktivit extremistick\u00e9 sc\u00e9ny v \u010cesk\u00e9 republice. V textu \u010dl\u00e1nku je kladen d\u016fraz na aktu\u00e1ln\u00ed probl\u00e9my, nov\u00e9 trendy v extremistick\u00fdch uskupen\u00edch a v\u00fdzvy do budoucnosti. Specifick\u00e9 atributy jsou demonstrov\u00e1ny na p\u0159\u00edkladech z praxe, za vyu\u017eit\u00ed zpr\u00e1v Ministerstva vnitra \u010cesk\u00e9 republiky a dal\u0161\u00edch dokument\u016f.<br \/>\n<strong>Kl\u00ed\u010dov\u00e1 slova:<\/strong>\u00a0Extremismus, odhalov\u00e1n\u00ed, identifikace, trestn\u00e1 \u010dinnost s extremistick\u00fdm podtextem, postupy a metody.<\/p>\n<p><a href=\"https:\/\/veda.polac.cz\/?page_id=747\">04\/2014<\/a><\/p>\n<p>&nbsp;<\/p>\n","protected":false},"excerpt":{"rendered":"<p>Resum\u00e9 \u010dl\u00e1nku Odhalov\u00e1n\u00ed a identifikace trestn\u00e9 \u010dinnosti s extremistick\u00fdm podtextem pplk. Mgr. Barbora Vegrichtov\u00e1, MBA, Fakulta bezpe\u010dnostn\u011b pr\u00e1vn\u00ed PA \u010cR v Praze, katedra krimin\u00e1ln\u00ed policie C\u00edlem tohoto \u010dl\u00e1nku je popis a charakteristika postup\u016f policie v r\u00e1mci odhalov\u00e1n\u00ed a identifikace trestn\u00e9 \u010dinnosti s extremistick\u00fdm podtextem. P\u0159\u00edsp\u011bvek je zam\u011b\u0159en zejm\u00e9na na specifick\u00e9 aspekty t\u011bchto metod a postup\u016f [&hellip;]<\/p>\n","protected":false},"author":2,"featured_media":0,"parent":747,"menu_order":1,"comment_status":"closed","ping_status":"closed","template":"","meta":{"footnotes":""},"class_list":["post-735","page","type-page","status-publish","hentry"],"_links":{"self":[{"href":"https:\/\/veda.polac.cz\/index.php?rest_route=\/wp\/v2\/pages\/735","targetHints":{"allow":["GET"]}}],"collection":[{"href":"https:\/\/veda.polac.cz\/index.php?rest_route=\/wp\/v2\/pages"}],"about":[{"href":"https:\/\/veda.polac.cz\/index.php?rest_route=\/wp\/v2\/types\/page"}],"author":[{"embeddable":true,"href":"https:\/\/veda.polac.cz\/index.php?rest_route=\/wp\/v2\/users\/2"}],"replies":[{"embeddable":true,"href":"https:\/\/veda.polac.cz\/index.php?rest_route=%2Fwp%2Fv2%2Fcomments&post=735"}],"version-history":[{"count":3,"href":"https:\/\/veda.polac.cz\/index.php?rest_route=\/wp\/v2\/pages\/735\/revisions"}],"predecessor-version":[{"id":782,"href":"https:\/\/veda.polac.cz\/index.php?rest_route=\/wp\/v2\/pages\/735\/revisions\/782"}],"up":[{"embeddable":true,"href":"https:\/\/veda.polac.cz\/index.php?rest_route=\/wp\/v2\/pages\/747"}],"wp:attachment":[{"href":"https:\/\/veda.polac.cz\/index.php?rest_route=%2Fwp%2Fv2%2Fmedia&parent=735"}],"curies":[{"name":"wp","href":"https:\/\/api.w.org\/{rel}","templated":true}]}}