{"id":7346,"date":"2024-03-27T14:01:12","date_gmt":"2024-03-27T14:01:12","guid":{"rendered":"https:\/\/veda.polac.cz\/?page_id=7346"},"modified":"2024-03-27T14:01:12","modified_gmt":"2024-03-27T14:01:12","slug":"7346-2","status":"publish","type":"page","link":"https:\/\/veda.polac.cz\/?page_id=7346&lang=en","title":{"rendered":""},"content":{"rendered":"<p style=\"text-align: center;\">Resume<\/p>\n<p><strong>Interpersonal Conflicts Among Invidivuals in the Execution of a Prison Sentence due to Illegal Trading<\/strong><\/p>\n<p><em>PhDr. Petr Ju\u0159\u00ed\u010dek, Ph.D., Ambis College, Department of Security and Law<\/em><br \/>\n<em>doc. PhDr. Josef Smol\u00edk, Ph.D., MBA, LL.M., MSc., Police Academy of the Czech Republic in Prague, Faculty of Security Management, Department of Security Studies<\/em><\/p>\n<p><strong>Abstract<\/strong><\/p>\n<p>The text focuses on the causes of interpersonal conflicts among incarcerated individuals in the context of illicit exchanges conducted among them. The article examines the security aspects arising from these conflicts, which may be manifested, for example, through violence, harassment, psychological pressure, and so on. The text also includes theoretical foundations related to illicit exchanges in prison and describes the distortion of the commodity market inside the prison. It outlines situations concerning the so-called \u201cclaim packages\u201d for inmates and purchases at the prison store, as well as the illegal distribution of other commodities. Data for research were collected through a questionnaire survey among convicted individuals in a selected organisational unit, specifically inmates in the medium and high-security categories. The study investigated the conflicts among inmates (their causes and intensity) and also their subjectively perceived roles in terms of hierarchy within the chosen prison facility.<\/p>\n<p><strong>Keywords:<\/strong> illegal trade, barter trade, usury, commodity, disciplinary punishment, illegal activity, security.<\/p>\n<hr \/>\n<p><a href=\"https:\/\/veda.polac.cz\/?page_id=7342&amp;lang=en\">Back<\/a><\/p>\n","protected":false},"excerpt":{"rendered":"<p>Resume Interpersonal Conflicts Among Invidivuals in the Execution of a Prison Sentence due to Illegal Trading PhDr. Petr Ju\u0159\u00ed\u010dek, Ph.D., Ambis College, Department of Security and Law doc. PhDr. Josef Smol\u00edk, Ph.D., MBA, LL.M., MSc., Police Academy of the Czech Republic in Prague, Faculty of Security Management, Department of Security Studies Abstract The text focuses [&hellip;]<\/p>\n","protected":false},"author":6,"featured_media":0,"parent":0,"menu_order":0,"comment_status":"closed","ping_status":"closed","template":"","meta":{"footnotes":""},"class_list":["post-7346","page","type-page","status-publish","hentry"],"_links":{"self":[{"href":"https:\/\/veda.polac.cz\/index.php?rest_route=\/wp\/v2\/pages\/7346","targetHints":{"allow":["GET"]}}],"collection":[{"href":"https:\/\/veda.polac.cz\/index.php?rest_route=\/wp\/v2\/pages"}],"about":[{"href":"https:\/\/veda.polac.cz\/index.php?rest_route=\/wp\/v2\/types\/page"}],"author":[{"embeddable":true,"href":"https:\/\/veda.polac.cz\/index.php?rest_route=\/wp\/v2\/users\/6"}],"replies":[{"embeddable":true,"href":"https:\/\/veda.polac.cz\/index.php?rest_route=%2Fwp%2Fv2%2Fcomments&post=7346"}],"version-history":[{"count":1,"href":"https:\/\/veda.polac.cz\/index.php?rest_route=\/wp\/v2\/pages\/7346\/revisions"}],"predecessor-version":[{"id":7349,"href":"https:\/\/veda.polac.cz\/index.php?rest_route=\/wp\/v2\/pages\/7346\/revisions\/7349"}],"wp:attachment":[{"href":"https:\/\/veda.polac.cz\/index.php?rest_route=%2Fwp%2Fv2%2Fmedia&parent=7346"}],"curies":[{"name":"wp","href":"https:\/\/api.w.org\/{rel}","templated":true}]}}