{"id":7342,"date":"2024-03-27T13:42:48","date_gmt":"2024-03-27T13:42:48","guid":{"rendered":"https:\/\/veda.polac.cz\/?page_id=7342"},"modified":"2024-03-28T11:25:25","modified_gmt":"2024-03-28T11:25:25","slug":"01-2024-2","status":"publish","type":"page","link":"https:\/\/veda.polac.cz\/?page_id=7342&lang=en","title":{"rendered":"01\/2024"},"content":{"rendered":"<p><a href=\"https:\/\/veda.polac.cz\/?page_id=7344&amp;lang=en\"><strong>The Israeli-Palestinian Conflict From a Geopolitical Perspective<\/strong><\/a><br \/>\ndoc. Ing. Dr. \u0160tefan Danics, Ph.D., Police Academy of the Czech Republic in Prague, Faculty of Security Management, Department of Security Studies<\/p>\n<p><a href=\"https:\/\/veda.polac.cz\/wp-content\/uploads\/2024\/03\/Izraelsko-palestinsky-konflikt-z-pohledu-geopolitiky.pdf\" target=\"_blank\" rel=\"noopener\">download (pdf format)<\/a><\/p>\n<hr \/>\n<p><a href=\"https:\/\/veda.polac.cz\/?page_id=7346&amp;lang=en\"><strong>Interpersonal Conflicts Among Invidivuals in the Execution of a Prison Sentence due to Illegal Trading<\/strong><\/a><br \/>\nPhDr. Petr Ju\u0159\u00ed\u010dek, Ph.D., Ambis College, Department of Security and Law<br \/>\ndoc. PhDr. Josef Smol\u00edk, Ph.D., MBA, LL.M., MSc., Police Academy of the Czech Republic in Prague, Faculty of Security Management, Department of Security Studies<\/p>\n<p><a href=\"https:\/\/veda.polac.cz\/wp-content\/uploads\/2024\/03\/Interpersonalni-konflikty-mezi-osobami-ve-vykonu-trestu-odneti-svobody-v-dusledku-ilegalni-smeny.pdf\" target=\"_blank\" rel=\"noopener\">download (pdf format)<\/a><\/p>\n<hr \/>\n<p><a href=\"https:\/\/veda.polac.cz\/?page_id=7350&amp;lang=en\"><strong>Prison Environment and its Influence on the Employees of the Prison Service of the Czech Republic<\/strong><\/a><br \/>\nMgr. Ond\u0159ej Kol\u00e1\u0159, Ph.D., Police Academy of the Czech Republic in Prague<br \/>\nFaculty of Security Management, Department of Security Studies<\/p>\n<p><a href=\"https:\/\/veda.polac.cz\/wp-content\/uploads\/2024\/03\/Vezenske-prostredi-a-jeho-vliv-na-zamestnance-Vezenske-sluzby-CR.pdf\" target=\"_blank\" rel=\"noopener\">download (pdf format)<\/a><\/p>\n<hr \/>\n<p><a href=\"https:\/\/veda.polac.cz\/?page_id=7353&amp;lang=en\"><strong>Potentially Traumatising Conversations and Their Sharing by Emergency Line Operators of the Fire Rescue Service and the Police of the Czech Republic<\/strong><\/a><br \/>\nIng. Roman \u0158\u00edha, Czech Technical University in Prague, Czech Republic,<br \/>\nFaculty of Biomedical Engineering, Department of Health Care Disciplines<br \/>\nand Population Protection<br \/>\nMgr. Martin H\u016fla, Charles University, Czech Republic, Faculty of Humanities, Department of Psychology and Life Sciences, National Institute of Mental Health, Czech Republic, Center for Sexual Health and Interventions, Charles University, Czech Republic, Faculty of Science, Department of Philosophy and History of Science<br \/>\nMgr. Romana \u017dihlavn\u00edkov\u00e1, Palack\u00fd University, Czech Republic, Faculty of Science, Department of Ecology and Environmental Sciences, Newton University,<br \/>\nCzech Republic<br \/>\nIng. Krist\u00fdna Matou\u0161ov\u00e1, Czech Technical University in Prague, Czech Republic, Faculty of Biomedical Engineering, Department of Health Care Disciplines<br \/>\nand Population Protection<\/p>\n<p><a href=\"https:\/\/veda.polac.cz\/wp-content\/uploads\/2024\/03\/Potencialne-traumatizujici-hovory-a-jejich-sdileni-operatory-tisnovych-linek-Hasicskeho-zachranneho-sboru-CR-a-Policie-CR.pdf\" target=\"_blank\" rel=\"noopener\">download (pdf format)<\/a><\/p>\n<hr \/>\n<p><a href=\"https:\/\/veda.polac.cz\/?page_id=7355&amp;lang=en\"><strong>Challenges in Assessing Specific Unlawful Acts Committed by Members<\/strong><\/a><br \/>\n<strong>of the Security Forces<\/strong><br \/>\nChief Council plk. PhDr. Libor Grepl, General Inspectorate of Security Forces, Coordinator of Criminal and Investigation Proceedings, Prague, Czech Republic<\/p>\n<p><a href=\"https:\/\/veda.polac.cz\/wp-content\/uploads\/2024\/03\/Problematicke-posuzovani-nekterych-protipravnich-jednani-prislusniku-bezpecnostnich-sboru.pdf\" target=\"_blank\" rel=\"noopener\">download (pdf format)<\/a><\/p>\n<hr \/>\n","protected":false},"excerpt":{"rendered":"<p>The Israeli-Palestinian Conflict From a Geopolitical Perspective doc. Ing. Dr. \u0160tefan Danics, Ph.D., Police Academy of the Czech Republic in Prague, Faculty of Security Management, Department of Security Studies download (pdf format) Interpersonal Conflicts Among Invidivuals in the Execution of a Prison Sentence due to Illegal Trading PhDr. Petr Ju\u0159\u00ed\u010dek, Ph.D., Ambis College, Department of [&hellip;]<\/p>\n","protected":false},"author":6,"featured_media":0,"parent":0,"menu_order":0,"comment_status":"closed","ping_status":"closed","template":"","meta":{"footnotes":""},"class_list":["post-7342","page","type-page","status-publish","hentry"],"_links":{"self":[{"href":"https:\/\/veda.polac.cz\/index.php?rest_route=\/wp\/v2\/pages\/7342","targetHints":{"allow":["GET"]}}],"collection":[{"href":"https:\/\/veda.polac.cz\/index.php?rest_route=\/wp\/v2\/pages"}],"about":[{"href":"https:\/\/veda.polac.cz\/index.php?rest_route=\/wp\/v2\/types\/page"}],"author":[{"embeddable":true,"href":"https:\/\/veda.polac.cz\/index.php?rest_route=\/wp\/v2\/users\/6"}],"replies":[{"embeddable":true,"href":"https:\/\/veda.polac.cz\/index.php?rest_route=%2Fwp%2Fv2%2Fcomments&post=7342"}],"version-history":[{"count":4,"href":"https:\/\/veda.polac.cz\/index.php?rest_route=\/wp\/v2\/pages\/7342\/revisions"}],"predecessor-version":[{"id":7359,"href":"https:\/\/veda.polac.cz\/index.php?rest_route=\/wp\/v2\/pages\/7342\/revisions\/7359"}],"wp:attachment":[{"href":"https:\/\/veda.polac.cz\/index.php?rest_route=%2Fwp%2Fv2%2Fmedia&parent=7342"}],"curies":[{"name":"wp","href":"https:\/\/api.w.org\/{rel}","templated":true}]}}