{"id":7330,"date":"2024-03-27T12:06:18","date_gmt":"2024-03-27T12:06:18","guid":{"rendered":"https:\/\/veda.polac.cz\/?page_id=7330"},"modified":"2024-03-27T12:06:18","modified_gmt":"2024-03-27T12:06:18","slug":"7330-2","status":"publish","type":"page","link":"https:\/\/veda.polac.cz\/?page_id=7330","title":{"rendered":""},"content":{"rendered":"<p style=\"text-align: center;\">Resum\u00e9 \u010dl\u00e1nku<\/p>\n<p><strong>Potenci\u00e1ln\u011b traumatizuj\u00edc\u00ed hovory a jejich sd\u00edlen\u00ed oper\u00e1tory t\u00eds\u0148ov\u00fdch linek Hasi\u010dsk\u00e9ho z\u00e1chrann\u00e9ho sboru \u010cR a Policie \u010cR<\/strong><\/p>\n<p><em>Ing. Roman \u0158\u00edha, \u010cesk\u00e9 vysok\u00e9 u\u010den\u00ed technick\u00e9, Fakulta biomedic\u00ednsk\u00e9ho in\u017een\u00fdrstv\u00ed, Katedra zdravotnick\u00fdch obor\u016f a ochrany obyvatelstva<\/em><br \/>\n<em>Mgr. Martin H\u016fla, Univerzita Karlova, Fakulta humanitn\u00edch studi\u00ed, Katedra psychologie a biologie, N\u00e1rodn\u00ed \u00fastav du\u0161evn\u00edho zdrav\u00ed, Centrum pro sexu\u00e1ln\u00ed zdrav\u00ed a intervence, Univerzita Karlova, P\u0159\u00edrodov\u011bdeck\u00e1 fakulta UK, Katedra filozofie a d\u011bjin v\u011bdy<\/em><br \/>\n<em>Mgr. Romana \u017dihlavn\u00edkov\u00e1, Univerzita Palack\u00e9ho v Olomouci, P\u0159\u00edrodov\u011bdeck\u00e1 fakulta, Katedra ekologie a \u017eivotn\u00edho prost\u0159ed\u00ed, Newton University, \u010cesk\u00e1 republika<\/em><br \/>\n<em>Ing. Krist\u00fdna Matou\u0161ov\u00e1, \u010cesk\u00e9 vysok\u00e9 u\u010den\u00ed technick\u00e9 v Praze, Fakulta biomedic\u00ednsk\u00e9ho in\u017een\u00fdrstv\u00ed, Katedra zdravotnick\u00fdch obor\u016f a ochrany obyvatelstva<\/em><\/p>\n<p><strong>Abstrakt<\/strong><\/p>\n<p>Tento p\u0159\u00edsp\u011bvek popisuje, jak lid\u00e9 zpracov\u00e1vaj\u00ed traumatick\u00e9 ud\u00e1losti v r\u00e1mci sv\u00e9 pr\u00e1ce na t\u00eds\u0148ov\u00fdch link\u00e1ch. V\u00fdzkum zahrnoval p\u0159\u00edslu\u0161n\u00edky Policie \u010cR a Hasi\u010dsk\u00e9ho z\u00e1chrann\u00e9ho sboru \u010cR p\u016fsob\u00edc\u00ed na opera\u010dn\u00edch st\u0159edisc\u00edch. Celkem bylo zahrnuto 294 \u00fa\u010dastn\u00edk\u016f. Pro z\u00edsk\u00e1n\u00ed dat byl pou\u017eit nestandardizovan\u00fd dotazn\u00edk, vych\u00e1zej\u00edc\u00ed z rozhovor\u016f s pracovn\u00edky IZS.<br \/>\nV\u00fdsledky ukazuj\u00ed, \u017ee nej\u010dast\u011bj\u0161\u00edmi z\u00e1t\u011b\u017eov\u00fdmi aspekty jsou hovory s osobami, kter\u00e9 projevuj\u00ed \u00famysl sp\u00e1chat sebevra\u017edu, a situace, kdy volaj\u00edc\u00ed nev\u00ed, kde se nach\u00e1zej\u00ed. Traumatick\u00e9 reakce jsou subjektivn\u00ed a z\u00e1vis\u00ed na \u0159ad\u011b faktor\u016f, v\u010detn\u011b osobn\u00ed resilience a p\u0159edchoz\u00edch traumat. Nej\u010dast\u011bji z\u00e1sadn\u00ed z\u00e1t\u011b\u017e sd\u00edlej\u00ed oper\u00e1torky a oper\u00e1to\u0159i se sv\u00fdmi partnery.<br \/>\nTato studie p\u0159isp\u00edv\u00e1 k lep\u0161\u00edmu porozum\u011bn\u00ed traumatick\u00fdm reakc\u00edm spojen\u00fdm s prac\u00ed na t\u00eds\u0148ov\u00fdch link\u00e1ch a zd\u016fraz\u0148uje pot\u0159ebu psychologick\u00e9 podpory a monitorov\u00e1n\u00ed du\u0161evn\u00edho zdrav\u00ed pracovn\u00edk\u016f IZS, nejen b\u011bhem, ale i po jejich slu\u017eb\u011b.<\/p>\n<p><strong>Kl\u00ed\u010dov\u00e1 slova:<\/strong> t\u00eds\u0148ov\u00e1 linka, t\u00eds\u0148ov\u00e9 hovory, Hasi\u010dsk\u00fd z\u00e1chrann\u00fd sbor \u010cR, Policie \u010cR, trauma, resilience.<\/p>\n<hr \/>\n<p><a href=\"https:\/\/veda.polac.cz\/?page_id=7318\">Zp\u011bt<\/a><\/p>\n","protected":false},"excerpt":{"rendered":"<p>Resum\u00e9 \u010dl\u00e1nku Potenci\u00e1ln\u011b traumatizuj\u00edc\u00ed hovory a jejich sd\u00edlen\u00ed oper\u00e1tory t\u00eds\u0148ov\u00fdch linek Hasi\u010dsk\u00e9ho z\u00e1chrann\u00e9ho sboru \u010cR a Policie \u010cR Ing. Roman \u0158\u00edha, \u010cesk\u00e9 vysok\u00e9 u\u010den\u00ed technick\u00e9, Fakulta biomedic\u00ednsk\u00e9ho in\u017een\u00fdrstv\u00ed, Katedra zdravotnick\u00fdch obor\u016f a ochrany obyvatelstva Mgr. Martin H\u016fla, Univerzita Karlova, Fakulta humanitn\u00edch studi\u00ed, Katedra psychologie a biologie, N\u00e1rodn\u00ed \u00fastav du\u0161evn\u00edho zdrav\u00ed, Centrum pro sexu\u00e1ln\u00ed zdrav\u00ed a [&hellip;]<\/p>\n","protected":false},"author":6,"featured_media":0,"parent":0,"menu_order":0,"comment_status":"closed","ping_status":"closed","template":"","meta":{"footnotes":""},"class_list":["post-7330","page","type-page","status-publish","hentry"],"_links":{"self":[{"href":"https:\/\/veda.polac.cz\/index.php?rest_route=\/wp\/v2\/pages\/7330","targetHints":{"allow":["GET"]}}],"collection":[{"href":"https:\/\/veda.polac.cz\/index.php?rest_route=\/wp\/v2\/pages"}],"about":[{"href":"https:\/\/veda.polac.cz\/index.php?rest_route=\/wp\/v2\/types\/page"}],"author":[{"embeddable":true,"href":"https:\/\/veda.polac.cz\/index.php?rest_route=\/wp\/v2\/users\/6"}],"replies":[{"embeddable":true,"href":"https:\/\/veda.polac.cz\/index.php?rest_route=%2Fwp%2Fv2%2Fcomments&post=7330"}],"version-history":[{"count":1,"href":"https:\/\/veda.polac.cz\/index.php?rest_route=\/wp\/v2\/pages\/7330\/revisions"}],"predecessor-version":[{"id":7331,"href":"https:\/\/veda.polac.cz\/index.php?rest_route=\/wp\/v2\/pages\/7330\/revisions\/7331"}],"wp:attachment":[{"href":"https:\/\/veda.polac.cz\/index.php?rest_route=%2Fwp%2Fv2%2Fmedia&parent=7330"}],"curies":[{"name":"wp","href":"https:\/\/api.w.org\/{rel}","templated":true}]}}