{"id":7324,"date":"2024-03-27T12:00:47","date_gmt":"2024-03-27T12:00:47","guid":{"rendered":"https:\/\/veda.polac.cz\/?page_id=7324"},"modified":"2024-03-27T12:00:47","modified_gmt":"2024-03-27T12:00:47","slug":"7324-2","status":"publish","type":"page","link":"https:\/\/veda.polac.cz\/?page_id=7324","title":{"rendered":""},"content":{"rendered":"<p style=\"text-align: center;\">Resum\u00e9 \u010dl\u00e1nku<\/p>\n<p><strong>Interperson\u00e1ln\u00ed konflikty mezi osobami ve v\u00fdkonu trestu odn\u011bt\u00ed svobody v d\u016fsledku ileg\u00e1ln\u00ed sm\u011bny<\/strong><\/p>\n<p><em>PhDr. Petr Ju\u0159\u00ed\u010dek, Ph.D., Ambis College, Department of Security and Law<\/em><br \/>\n<em>doc. PhDr. Josef Smol\u00edk, Ph.D., MBA, LL.M., MSc., Policejn\u00ed akademie \u010cesk\u00e9 republiky v Praze, fakulta bezpe\u010dnostn\u00edho managementu, katedra bezpe\u010dnostn\u00edch studi\u00ed<\/em><\/p>\n<p><strong>Abstrakt<\/strong><\/p>\n<p>Text se zam\u011b\u0159uje na p\u0159\u00ed\u010diny interperson\u00e1ln\u00edch konflikt\u016f mezi v\u011bzn\u011bn\u00fdmi osobami v kontextu realizovan\u00fdch ileg\u00e1ln\u00edch sm\u011bn mezi nimi. \u010cl\u00e1nek si v\u0161\u00edm\u00e1 bezpe\u010dnostn\u00edch aspekt\u016f, kter\u00e9 plynou z t\u011bchto konflikt\u016f, a mohou se projevit nap\u0159\u00edklad n\u00e1sil\u00edm, \u0161ikanou, psychick\u00fdm n\u00e1tlakem atp. Sou\u010d\u00e1st\u00ed textu jsou i teoretick\u00e1 v\u00fdchodiska t\u00fdkaj\u00edc\u00ed se neleg\u00e1ln\u00edch sm\u011bn ve v\u011bznici, ale i popis deformace trhu s komoditami ve v\u011bznici. Pops\u00e1ny jsou i situace t\u00fdkaj\u00edc\u00ed se tzv. n\u00e1rokov\u00fdch bal\u00edk\u016f pro odsouzen\u00e9 a n\u00e1kupy ve v\u011bze\u0148sk\u00e9 prodejn\u011b, ale i nez\u00e1konn\u00e1 distribuce dal\u0161\u00edch komodit. Data pro v\u00fdzkum byla sebr\u00e1na v podob\u011b dotazn\u00edkov\u00e9ho \u0161et\u0159en\u00ed u odsouzen\u00fdch osob ve vybran\u00e9 organiza\u010dn\u00ed jednotce. Jednalo se o v\u011bzn\u011b v typu v\u011bznice s ostrahou, um\u00edst\u011bn\u00fdmi ve st\u0159edn\u00edm a vysok\u00e9m stupni zabezpe\u010den\u00ed. Zkoum\u00e1ny byly nejenom konflikty mezi v\u011bzni (p\u0159\u00ed\u010diny, intenzita), ale z\u00e1rove\u0148 i jejich subjektivn\u011b vn\u00edman\u00e1 role z hlediska hierarchie ve vybran\u00e9 v\u011bznici.<\/p>\n<p><strong>Kl\u00ed\u010dov\u00e1 slova<\/strong>: ileg\u00e1ln\u00ed sm\u011bna, Barter\u016fv obchod, lichva, komodita, k\u00e1ze\u0148sk\u00fd trest, ileg\u00e1ln\u00ed \u010dinnost, bezpe\u010dnost.<\/p>\n<hr \/>\n<p><a href=\"https:\/\/veda.polac.cz\/?page_id=7318\">Zp\u011bt<\/a><\/p>\n<h2><strong><em>\u00a0<\/em><\/strong><\/h2>\n","protected":false},"excerpt":{"rendered":"<p>Resum\u00e9 \u010dl\u00e1nku Interperson\u00e1ln\u00ed konflikty mezi osobami ve v\u00fdkonu trestu odn\u011bt\u00ed svobody v d\u016fsledku ileg\u00e1ln\u00ed sm\u011bny PhDr. Petr Ju\u0159\u00ed\u010dek, Ph.D., Ambis College, Department of Security and Law doc. PhDr. Josef Smol\u00edk, Ph.D., MBA, LL.M., MSc., Policejn\u00ed akademie \u010cesk\u00e9 republiky v Praze, fakulta bezpe\u010dnostn\u00edho managementu, katedra bezpe\u010dnostn\u00edch studi\u00ed Abstrakt Text se zam\u011b\u0159uje na p\u0159\u00ed\u010diny interperson\u00e1ln\u00edch konflikt\u016f mezi [&hellip;]<\/p>\n","protected":false},"author":6,"featured_media":0,"parent":0,"menu_order":0,"comment_status":"closed","ping_status":"closed","template":"","meta":{"footnotes":""},"class_list":["post-7324","page","type-page","status-publish","hentry"],"_links":{"self":[{"href":"https:\/\/veda.polac.cz\/index.php?rest_route=\/wp\/v2\/pages\/7324","targetHints":{"allow":["GET"]}}],"collection":[{"href":"https:\/\/veda.polac.cz\/index.php?rest_route=\/wp\/v2\/pages"}],"about":[{"href":"https:\/\/veda.polac.cz\/index.php?rest_route=\/wp\/v2\/types\/page"}],"author":[{"embeddable":true,"href":"https:\/\/veda.polac.cz\/index.php?rest_route=\/wp\/v2\/users\/6"}],"replies":[{"embeddable":true,"href":"https:\/\/veda.polac.cz\/index.php?rest_route=%2Fwp%2Fv2%2Fcomments&post=7324"}],"version-history":[{"count":1,"href":"https:\/\/veda.polac.cz\/index.php?rest_route=\/wp\/v2\/pages\/7324\/revisions"}],"predecessor-version":[{"id":7325,"href":"https:\/\/veda.polac.cz\/index.php?rest_route=\/wp\/v2\/pages\/7324\/revisions\/7325"}],"wp:attachment":[{"href":"https:\/\/veda.polac.cz\/index.php?rest_route=%2Fwp%2Fv2%2Fmedia&parent=7324"}],"curies":[{"name":"wp","href":"https:\/\/api.w.org\/{rel}","templated":true}]}}