{"id":7320,"date":"2024-03-27T11:54:14","date_gmt":"2024-03-27T11:54:14","guid":{"rendered":"https:\/\/veda.polac.cz\/?page_id=7320"},"modified":"2024-03-27T11:56:59","modified_gmt":"2024-03-27T11:56:59","slug":"7320-2","status":"publish","type":"page","link":"https:\/\/veda.polac.cz\/?page_id=7320","title":{"rendered":""},"content":{"rendered":"<p style=\"text-align: center;\">Resum\u00e9 \u010dl\u00e1nku<\/p>\n<p><strong>Izraelsko-palestinsk\u00fd konflikt z pohledu geopolitiky<\/strong><\/p>\n<p><em>doc. Ing. Dr. Stefan Danics, Ph.D., Policejn\u00ed akademie \u010cesk\u00e9 republiky v Praze, fakulta bezpe\u010dnostn\u00edho managementu, katedra bezpe\u010dnostn\u00edch studi\u00ed<\/em><\/p>\n<p><strong>Abstrakt<\/strong><\/p>\n<p>\u010cl\u00e1nek vn\u00edm\u00e1 izraelsko-palestinsk\u00fd konflikt jako spor o \u00fazem\u00ed a analyzuje jeho geopolitick\u00e9 souvislosti a dopady na Bl\u00edzk\u00e9m v\u00fdchod\u011b, ale i ve sv\u011bt\u011b. Objas\u0148uje geopolitick\u00e9 posuny v dan\u00e9m regionu jako p\u0159\u00ed\u010dinu teroristick\u00e9ho \u00fatoku Ham\u00e1su podporovan\u00e9ho \u00cdr\u00e1nem v\u016f\u010di Izraeli. Odvetn\u00e1 v\u00e1lka Izraele v p\u00e1smu Gazy je Ham\u00e1sem zneu\u017e\u00edv\u00e1na k \u0161\u00ed\u0159en\u00ed anti-sionismu, p\u0159i\u010dem\u017e z\u00edsk\u00e1v\u00e1 podporu po cel\u00e9m sv\u011bt\u011b. Znovu je ohro\u017eena stabilita na Bl\u00edzk\u00e9m v\u00fdchod\u011b a vyplouvaj\u00ed na povrch zako\u0159en\u011bn\u00e9 probl\u00e9my, kter\u00e9 br\u00e1n\u00ed v normalizaci vztah\u016f mezi Izraelem a arabsk\u00fdmi st\u00e1ty, co\u017e m\u016f\u017ee vy\u00fastit i v region\u00e1ln\u00ed konflikt. Optikou geopolitiky St\u00e1t Izrael \u0159e\u0161\u00ed dilema, zda p\u0159istoup\u00ed k \u0159e\u0161en\u00ed palestinsk\u00e9 ot\u00e1zky nebo ji zase odsune do pozad\u00ed a zabere dal\u0161\u00ed palestinsk\u00e1 \u00fazem\u00ed v p\u00e1smu Gazy a posti\u017een\u00e9mu obyvatelstvu \u201eumo\u017en\u00ed\u201c migraci z humanit\u00e1rn\u00edch d\u016fvod\u016f.<\/p>\n<p><strong>Kl\u00ed\u010dov\u00e1 slova:<\/strong> izraelsko-palestinsk\u00fd konflikt o \u00fazem\u00ed, terorismus Ham\u00e1su v\u016f\u010di Izraeli, \u0161\u00ed\u0159en\u00ed anti-sionismu ze strany Ham\u00e1su, geopolitick\u00e9 posuny na Bl\u00edzk\u00e9m v\u00fdchod\u011b a jeho dopady, geopolitick\u00e9 dilema St\u00e1tu Izrael.<\/p>\n<hr \/>\n<p><a href=\"https:\/\/veda.polac.cz\/?page_id=7318\">Zp\u011bt<\/a><\/p>\n","protected":false},"excerpt":{"rendered":"<p>Resum\u00e9 \u010dl\u00e1nku Izraelsko-palestinsk\u00fd konflikt z pohledu geopolitiky doc. Ing. Dr. Stefan Danics, Ph.D., Policejn\u00ed akademie \u010cesk\u00e9 republiky v Praze, fakulta bezpe\u010dnostn\u00edho managementu, katedra bezpe\u010dnostn\u00edch studi\u00ed Abstrakt \u010cl\u00e1nek vn\u00edm\u00e1 izraelsko-palestinsk\u00fd konflikt jako spor o \u00fazem\u00ed a analyzuje jeho geopolitick\u00e9 souvislosti a dopady na Bl\u00edzk\u00e9m v\u00fdchod\u011b, ale i ve sv\u011bt\u011b. Objas\u0148uje geopolitick\u00e9 posuny v dan\u00e9m regionu jako [&hellip;]<\/p>\n","protected":false},"author":6,"featured_media":0,"parent":0,"menu_order":0,"comment_status":"closed","ping_status":"closed","template":"","meta":{"footnotes":""},"class_list":["post-7320","page","type-page","status-publish","hentry"],"_links":{"self":[{"href":"https:\/\/veda.polac.cz\/index.php?rest_route=\/wp\/v2\/pages\/7320","targetHints":{"allow":["GET"]}}],"collection":[{"href":"https:\/\/veda.polac.cz\/index.php?rest_route=\/wp\/v2\/pages"}],"about":[{"href":"https:\/\/veda.polac.cz\/index.php?rest_route=\/wp\/v2\/types\/page"}],"author":[{"embeddable":true,"href":"https:\/\/veda.polac.cz\/index.php?rest_route=\/wp\/v2\/users\/6"}],"replies":[{"embeddable":true,"href":"https:\/\/veda.polac.cz\/index.php?rest_route=%2Fwp%2Fv2%2Fcomments&post=7320"}],"version-history":[{"count":2,"href":"https:\/\/veda.polac.cz\/index.php?rest_route=\/wp\/v2\/pages\/7320\/revisions"}],"predecessor-version":[{"id":7323,"href":"https:\/\/veda.polac.cz\/index.php?rest_route=\/wp\/v2\/pages\/7320\/revisions\/7323"}],"wp:attachment":[{"href":"https:\/\/veda.polac.cz\/index.php?rest_route=%2Fwp%2Fv2%2Fmedia&parent=7320"}],"curies":[{"name":"wp","href":"https:\/\/api.w.org\/{rel}","templated":true}]}}