{"id":7318,"date":"2024-03-26T14:21:30","date_gmt":"2024-03-26T14:21:30","guid":{"rendered":"https:\/\/veda.polac.cz\/?page_id=7318"},"modified":"2024-03-27T13:27:41","modified_gmt":"2024-03-27T13:27:41","slug":"01-2024","status":"publish","type":"page","link":"https:\/\/veda.polac.cz\/?page_id=7318","title":{"rendered":"01\/2024"},"content":{"rendered":"<p><a href=\"https:\/\/veda.polac.cz\/?page_id=7320\"><strong>Izraelsko-palestinsk\u00fd konflikt z\u00a0pohledu geopolitiky<\/strong><\/a><\/p>\n<p>doc. Ing. Dr. \u0160tefan Danics, Ph.D., Policejn\u00ed akademie \u010cesk\u00e9 republiky v\u00a0Praze, Fakulta bezpe\u010dnostn\u00edho managementu, katedra bezpe\u010dnostn\u00edch studi\u00ed<\/p>\n<p><a href=\"https:\/\/veda.polac.cz\/wp-content\/uploads\/2024\/03\/Izraelsko-palestinsky-konflikt-z-pohledu-geopolitiky.pdf\" target=\"_blank\" rel=\"noopener\">pdf form\u00e1t<\/a><\/p>\n<hr \/>\n<p><a href=\"https:\/\/veda.polac.cz\/?page_id=7324\"><strong>Interperson\u00e1ln\u00ed konflikty mezi osobami ve v\u00fdkonu trestu odn\u011bt\u00ed svobody v d\u016fsledku ileg\u00e1ln\u00ed sm\u011bny<\/strong><\/a><\/p>\n<p>PhDr. Petr Ju\u0159\u00ed\u010dek, Ph.D., Ambis, Katedra bezpe\u010dnosti a pr\u00e1va<br \/>\ndoc. PhDr. Josef Smol\u00edk, Ph.D., MBA, LL.M., MSc., Policejn\u00ed akademie \u010cesk\u00e9 republiky v Praze, Fakulta bezpe\u010dnostn\u00edho managementu, katedra bezpe\u010dnostn\u00edch studi\u00ed<\/p>\n<p><a href=\"https:\/\/veda.polac.cz\/wp-content\/uploads\/2024\/03\/Interpersonalni-konflikty-mezi-osobami-ve-vykonu-trestu-odneti-svobody-v-dusledku-ilegalni-smeny.pdf\" target=\"_blank\" rel=\"noopener\">pdf form\u00e1t<\/a><\/p>\n<hr \/>\n<p><a href=\"https:\/\/veda.polac.cz\/?page_id=7327\"><strong>V\u011bze\u0148sk\u00e9 prost\u0159ed\u00ed a jeho vliv na zam\u011bstnance V\u011bze\u0148sk\u00e9 slu\u017eby \u010cR<\/strong><\/a><\/p>\n<p>Mgr. Ond\u0159ej Kol\u00e1\u0159, Ph.D., Policejn\u00ed akademie \u010cesk\u00e9 republiky v Praze,<br \/>\nFakulta bezpe\u010dnostn\u00edho managementu, katedra bezpe\u010dnostn\u00edch studi\u00ed<\/p>\n<p><a href=\"https:\/\/veda.polac.cz\/wp-content\/uploads\/2024\/03\/Vezenske-prostredi-a-jeho-vliv-na-zamestnance-Vezenske-sluzby-CR.pdf\" target=\"_blank\" rel=\"noopener\">pdf form\u00e1t<\/a><\/p>\n<hr \/>\n<p><a href=\"https:\/\/veda.polac.cz\/?page_id=7330\"><strong>Potenci\u00e1ln\u011b traumatizuj\u00edc\u00ed hovory a jejich sd\u00edlen\u00ed oper\u00e1tory t\u00eds\u0148ov\u00fdch linek Hasi\u010dsk\u00e9ho z\u00e1chrann\u00e9ho sboru \u010cR a Policie \u010cR<\/strong><\/a><\/p>\n<p>Ing. Roman \u0158\u00edha, \u010cesk\u00e9 vysok\u00e9 u\u010den\u00ed technick\u00e9, Fakulta biomedic\u00ednsk\u00e9ho in\u017een\u00fdrstv\u00ed, katedra zdravotnick\u00fdch obor\u016f a ochrany obyvatelstva<br \/>\nMgr. Martin H\u016fla, Univerzita Karlova, Fakulta humanitn\u00edch studi\u00ed, katedra psychologie a biologie, N\u00e1rodn\u00ed \u00fastav du\u0161evn\u00edho zdrav\u00ed, Centrum pro sexu\u00e1ln\u00ed zdrav\u00ed a intervence, Univerzita Karlova, P\u0159\u00edrodov\u011bdeck\u00e1 fakulta UK, katedra filozofie a d\u011bjin v\u011bdy<br \/>\nMgr. Romana \u017dihlavn\u00edkov\u00e1, Univerzita Palack\u00e9ho v Olomouci, P\u0159\u00edrodov\u011bdeck\u00e1 fakulta, katedra ekologie a \u017eivotn\u00edho prost\u0159ed\u00ed, Newton University<br \/>\nIng. Krist\u00fdna Matou\u0161ov\u00e1, \u010cesk\u00e9 vysok\u00e9 u\u010den\u00ed technick\u00e9, Fakulta biomedic\u00ednsk\u00e9ho in\u017een\u00fdrstv\u00ed, katedra zdravotnick\u00fdch obor\u016f a ochrany obyvatelstva<\/p>\n<p><a href=\"https:\/\/veda.polac.cz\/wp-content\/uploads\/2024\/03\/Potencialne-traumatizujici-hovory-a-jejich-sdileni-operatory-tisnovych-linek-Hasicskeho-zachranneho-sboru-CR-a-Policie-CR.pdf\" target=\"_blank\" rel=\"noopener\">pdf form\u00e1t<\/a><\/p>\n<hr \/>\n<p><a href=\"https:\/\/veda.polac.cz\/?page_id=7332\"><strong>Problematick\u00e9 posuzov\u00e1n\u00ed n\u011bkter\u00fdch protipr\u00e1vn\u00edch jedn\u00e1n\u00ed p\u0159\u00edslu\u0161n\u00edk\u016f bezpe\u010dnostn\u00edch sbor\u016f<\/strong><\/a><\/p>\n<p>Vrchn\u00ed rada plk. PhDr. Libor Grepl, Gener\u00e1ln\u00ed inspekce bezpe\u010dnostn\u00edch sbor\u016f, koordin\u00e1tor trestn\u00edho a vy\u0161et\u0159ovac\u00edho \u0159\u00edzen\u00ed<\/p>\n<p><a href=\"https:\/\/veda.polac.cz\/wp-content\/uploads\/2024\/03\/Problematicke-posuzovani-nekterych-protipravnich-jednani-prislusniku-bezpecnostnich-sboru.pdf\" target=\"_blank\" rel=\"noopener\">pdf form\u00e1t<\/a><\/p>\n<hr \/>\n","protected":false},"excerpt":{"rendered":"<p>Izraelsko-palestinsk\u00fd konflikt z\u00a0pohledu geopolitiky doc. Ing. Dr. \u0160tefan Danics, Ph.D., Policejn\u00ed akademie \u010cesk\u00e9 republiky v\u00a0Praze, Fakulta bezpe\u010dnostn\u00edho managementu, katedra bezpe\u010dnostn\u00edch studi\u00ed pdf form\u00e1t Interperson\u00e1ln\u00ed konflikty mezi osobami ve v\u00fdkonu trestu odn\u011bt\u00ed svobody v d\u016fsledku ileg\u00e1ln\u00ed sm\u011bny PhDr. Petr Ju\u0159\u00ed\u010dek, Ph.D., Ambis, Katedra bezpe\u010dnosti a pr\u00e1va doc. PhDr. Josef Smol\u00edk, Ph.D., MBA, LL.M., MSc., Policejn\u00ed akademie [&hellip;]<\/p>\n","protected":false},"author":6,"featured_media":0,"parent":0,"menu_order":0,"comment_status":"closed","ping_status":"closed","template":"","meta":{"footnotes":""},"class_list":["post-7318","page","type-page","status-publish","hentry"],"_links":{"self":[{"href":"https:\/\/veda.polac.cz\/index.php?rest_route=\/wp\/v2\/pages\/7318","targetHints":{"allow":["GET"]}}],"collection":[{"href":"https:\/\/veda.polac.cz\/index.php?rest_route=\/wp\/v2\/pages"}],"about":[{"href":"https:\/\/veda.polac.cz\/index.php?rest_route=\/wp\/v2\/types\/page"}],"author":[{"embeddable":true,"href":"https:\/\/veda.polac.cz\/index.php?rest_route=\/wp\/v2\/users\/6"}],"replies":[{"embeddable":true,"href":"https:\/\/veda.polac.cz\/index.php?rest_route=%2Fwp%2Fv2%2Fcomments&post=7318"}],"version-history":[{"count":5,"href":"https:\/\/veda.polac.cz\/index.php?rest_route=\/wp\/v2\/pages\/7318\/revisions"}],"predecessor-version":[{"id":7341,"href":"https:\/\/veda.polac.cz\/index.php?rest_route=\/wp\/v2\/pages\/7318\/revisions\/7341"}],"wp:attachment":[{"href":"https:\/\/veda.polac.cz\/index.php?rest_route=%2Fwp%2Fv2%2Fmedia&parent=7318"}],"curies":[{"name":"wp","href":"https:\/\/api.w.org\/{rel}","templated":true}]}}