{"id":731,"date":"2018-09-13T20:13:23","date_gmt":"2018-09-13T20:13:23","guid":{"rendered":"http:\/\/veda.polac.cz\/?page_id=731"},"modified":"2018-10-27T19:02:55","modified_gmt":"2018-10-27T19:02:55","slug":"8-2","status":"publish","type":"page","link":"https:\/\/veda.polac.cz\/?page_id=731","title":{"rendered":""},"content":{"rendered":"<p style=\"text-align: center;\">Resum\u00e9 \u010dl\u00e1nku<\/p>\n<p><strong>Nov\u00e1 mezin\u00e1rodn\u00ed doporu\u010den\u00ed proti legalizaci v\u00fdnos\u016f z trestn\u00e9 \u010dinnosti<br \/>\n<\/strong><i>Ing. Miroslav \u010cervenka, Vysok\u00e1 \u0161kola finan\u010dn\u00ed a spr\u00e1vn\u00ed, o.p.s.<\/p>\n<p><\/i>P\u0159\u00edsp\u011bvek se zab\u00fdv\u00e1 nov\u011b p\u0159ipravovanou evropskou legislativou na \u00faseku opat\u0159en\u00ed proti legalizaci v\u00fdnos\u016f z trestn\u00e9 \u010dinnosti a financov\u00e1n\u00ed terorismu. Krom\u011b p\u0159ehledu nov\u00fdch opat\u0159en\u00ed a doporu\u010den\u00ed, v\u010detn\u011b nov\u00fdch doporu\u010den\u00ed FATF jsou nazna\u010deny n\u011bkter\u00e9 mo\u017en\u00e9 obt\u00ed\u017ee p\u0159i aplikaci novinek v \u010cR.<br \/>\n<strong>Kl\u00ed\u010dov\u00e1 slova:<\/strong>\u00a0Legalizace v\u00fdnos\u016f z trestn\u00e9 \u010dinnosti; identifikace; hodnocen\u00ed rizikovosti; rizikov\u00e9 faktory.<\/p>\n<p><a href=\"https:\/\/veda.polac.cz\/?page_id=715\">01\/2015<\/a><\/p>\n","protected":false},"excerpt":{"rendered":"<p>Resum\u00e9 \u010dl\u00e1nku Nov\u00e1 mezin\u00e1rodn\u00ed doporu\u010den\u00ed proti legalizaci v\u00fdnos\u016f z trestn\u00e9 \u010dinnosti Ing. Miroslav \u010cervenka, Vysok\u00e1 \u0161kola finan\u010dn\u00ed a spr\u00e1vn\u00ed, o.p.s. P\u0159\u00edsp\u011bvek se zab\u00fdv\u00e1 nov\u011b p\u0159ipravovanou evropskou legislativou na \u00faseku opat\u0159en\u00ed proti legalizaci v\u00fdnos\u016f z trestn\u00e9 \u010dinnosti a financov\u00e1n\u00ed terorismu. Krom\u011b p\u0159ehledu nov\u00fdch opat\u0159en\u00ed a doporu\u010den\u00ed, v\u010detn\u011b nov\u00fdch doporu\u010den\u00ed FATF jsou nazna\u010deny n\u011bkter\u00e9 mo\u017en\u00e9 obt\u00ed\u017ee p\u0159i [&hellip;]<\/p>\n","protected":false},"author":2,"featured_media":0,"parent":715,"menu_order":8,"comment_status":"closed","ping_status":"closed","template":"","meta":{"footnotes":""},"class_list":["post-731","page","type-page","status-publish","hentry"],"_links":{"self":[{"href":"https:\/\/veda.polac.cz\/index.php?rest_route=\/wp\/v2\/pages\/731","targetHints":{"allow":["GET"]}}],"collection":[{"href":"https:\/\/veda.polac.cz\/index.php?rest_route=\/wp\/v2\/pages"}],"about":[{"href":"https:\/\/veda.polac.cz\/index.php?rest_route=\/wp\/v2\/types\/page"}],"author":[{"embeddable":true,"href":"https:\/\/veda.polac.cz\/index.php?rest_route=\/wp\/v2\/users\/2"}],"replies":[{"embeddable":true,"href":"https:\/\/veda.polac.cz\/index.php?rest_route=%2Fwp%2Fv2%2Fcomments&post=731"}],"version-history":[{"count":2,"href":"https:\/\/veda.polac.cz\/index.php?rest_route=\/wp\/v2\/pages\/731\/revisions"}],"predecessor-version":[{"id":745,"href":"https:\/\/veda.polac.cz\/index.php?rest_route=\/wp\/v2\/pages\/731\/revisions\/745"}],"up":[{"embeddable":true,"href":"https:\/\/veda.polac.cz\/index.php?rest_route=\/wp\/v2\/pages\/715"}],"wp:attachment":[{"href":"https:\/\/veda.polac.cz\/index.php?rest_route=%2Fwp%2Fv2%2Fmedia&parent=731"}],"curies":[{"name":"wp","href":"https:\/\/api.w.org\/{rel}","templated":true}]}}