{"id":729,"date":"2018-09-13T20:11:34","date_gmt":"2018-09-13T20:11:34","guid":{"rendered":"http:\/\/veda.polac.cz\/?page_id=729"},"modified":"2018-10-27T19:02:54","modified_gmt":"2018-10-27T19:02:54","slug":"7-2","status":"publish","type":"page","link":"https:\/\/veda.polac.cz\/?page_id=729","title":{"rendered":""},"content":{"rendered":"<p style=\"text-align: center;\">Resum\u00e9 \u010dl\u00e1nku<\/p>\n<p><strong>Volebn\u00e9 n\u00e1silie v priestore kraj\u00edn postkomunistickej Eur\u00f3py. Mapovanie vzorcov na z\u00e1klade d\u00e1t z projektu NELDA<br \/>\n<\/strong><i>Mgr. et Mgr. Michal Moch\u0165ak, Fakulta soci\u00e1ln\u00edch studi\u00ed Masarykovy univerzity, katedra politologie<\/p>\n<p><\/i>\u010cl\u00e1nok mapuje v\u00fdskyt volebn\u00e9ho n\u00e1silia v priestore kraj\u00edn postkomunistickej Eur\u00f3py v obdob\u00ed rokov 2000 a\u017e 2010. Na z\u00e1klade komparat\u00edvnej perspekt\u00edvy s\u00fa identifikovan\u00e9 tri typologick\u00e9 prostredia, v ktor\u00fdch sa volebn\u00e9 n\u00e1silie v minulej dek\u00e1de vyskytovalo, pri\u010dom je zd\u00f4raznen\u00fd argument, \u017ee tento fenom\u00e9n nie je vyhraden\u00fd len autorit\u00e1rskym re\u017eimom a konfliktom rozdelen\u00fdm spolo\u010dnostiam, ale m\u00f4\u017ee sa vyskytova\u0165 i v prostred\u00ed etablovan\u00fdch demokraci\u00ed.<br \/>\n<strong>K\u013e\u00fa\u010dov\u00e9 slov\u00e1:<\/strong>\u00a0postkomunistick\u00e1 Eur\u00f3pa, volebn\u00e9 n\u00e1silie, demokratiz\u00e1cia, volby.<i><br \/>\n<\/i><\/p>\n<p><a href=\"https:\/\/veda.polac.cz\/?page_id=715\">01\/2015<\/a><\/p>\n","protected":false},"excerpt":{"rendered":"<p>Resum\u00e9 \u010dl\u00e1nku Volebn\u00e9 n\u00e1silie v priestore kraj\u00edn postkomunistickej Eur\u00f3py. Mapovanie vzorcov na z\u00e1klade d\u00e1t z projektu NELDA Mgr. et Mgr. Michal Moch\u0165ak, Fakulta soci\u00e1ln\u00edch studi\u00ed Masarykovy univerzity, katedra politologie \u010cl\u00e1nok mapuje v\u00fdskyt volebn\u00e9ho n\u00e1silia v priestore kraj\u00edn postkomunistickej Eur\u00f3py v obdob\u00ed rokov 2000 a\u017e 2010. Na z\u00e1klade komparat\u00edvnej perspekt\u00edvy s\u00fa identifikovan\u00e9 tri typologick\u00e9 prostredia, v [&hellip;]<\/p>\n","protected":false},"author":2,"featured_media":0,"parent":715,"menu_order":7,"comment_status":"closed","ping_status":"closed","template":"","meta":{"footnotes":""},"class_list":["post-729","page","type-page","status-publish","hentry"],"_links":{"self":[{"href":"https:\/\/veda.polac.cz\/index.php?rest_route=\/wp\/v2\/pages\/729","targetHints":{"allow":["GET"]}}],"collection":[{"href":"https:\/\/veda.polac.cz\/index.php?rest_route=\/wp\/v2\/pages"}],"about":[{"href":"https:\/\/veda.polac.cz\/index.php?rest_route=\/wp\/v2\/types\/page"}],"author":[{"embeddable":true,"href":"https:\/\/veda.polac.cz\/index.php?rest_route=\/wp\/v2\/users\/2"}],"replies":[{"embeddable":true,"href":"https:\/\/veda.polac.cz\/index.php?rest_route=%2Fwp%2Fv2%2Fcomments&post=729"}],"version-history":[{"count":2,"href":"https:\/\/veda.polac.cz\/index.php?rest_route=\/wp\/v2\/pages\/729\/revisions"}],"predecessor-version":[{"id":744,"href":"https:\/\/veda.polac.cz\/index.php?rest_route=\/wp\/v2\/pages\/729\/revisions\/744"}],"up":[{"embeddable":true,"href":"https:\/\/veda.polac.cz\/index.php?rest_route=\/wp\/v2\/pages\/715"}],"wp:attachment":[{"href":"https:\/\/veda.polac.cz\/index.php?rest_route=%2Fwp%2Fv2%2Fmedia&parent=729"}],"curies":[{"name":"wp","href":"https:\/\/api.w.org\/{rel}","templated":true}]}}