{"id":727,"date":"2018-09-13T20:10:32","date_gmt":"2018-09-13T20:10:32","guid":{"rendered":"http:\/\/veda.polac.cz\/?page_id=727"},"modified":"2018-10-27T19:02:54","modified_gmt":"2018-10-27T19:02:54","slug":"6-2","status":"publish","type":"page","link":"https:\/\/veda.polac.cz\/?page_id=727","title":{"rendered":""},"content":{"rendered":"<p style=\"text-align: center;\">Resum\u00e9 \u010dl\u00e1nku<\/p>\n<p><strong>\u00darove\u0148 vzd\u011blanosti osob ve v\u00fdkonu trestu odn\u011bt\u00ed svobody<br \/>\n<\/strong><i>Mgr. Eva Biedermanov\u00e1, Institut pro kriminologii a soci\u00e1ln\u00ed prevenci, Praha<\/p>\n<p><\/i>Problematika vzd\u011bl\u00e1v\u00e1n\u00ed a v\u00fdchovy v \u010desk\u00fdch v\u011bznic\u00edch je st\u00e1le \u017eiv\u00e1. Ve v\u011bznic\u00edch prob\u00edhaj\u00ed mimo jin\u00e9 v r\u00e1mci program\u016f zach\u00e1zen\u00ed tak\u00e9 standardizovan\u00e9 programy zach\u00e1zen\u00ed ur\u010den\u00e9 specifick\u00fdm c\u00edlov\u00fdm skupin\u00e1m odsouzen\u00fdch (programy pro do\u017eivotn\u011b odsouzen\u00e9, pro pachatele dopravn\u00edch nehod, pro pachatele n\u00e1siln\u00fdch trestn\u00fdch \u010din\u016f sp\u00e1chan\u00fdch na d\u011btech, atd.).<br \/>\n<strong>Kl\u00ed\u010dov\u00e1 slova:<\/strong>\u00a0aktivity program\u016f zach\u00e1zen\u00ed, standardizovan\u00e9 programy zach\u00e1zen\u00ed, v\u00fdchova a vzd\u011bl\u00e1v\u00e1n\u00ed odsouzen\u00fdch, v\u00fdzkum.<\/p>\n<p><a href=\"https:\/\/veda.polac.cz\/?page_id=715\">01\/2015<\/a><\/p>\n","protected":false},"excerpt":{"rendered":"<p>Resum\u00e9 \u010dl\u00e1nku \u00darove\u0148 vzd\u011blanosti osob ve v\u00fdkonu trestu odn\u011bt\u00ed svobody Mgr. Eva Biedermanov\u00e1, Institut pro kriminologii a soci\u00e1ln\u00ed prevenci, Praha Problematika vzd\u011bl\u00e1v\u00e1n\u00ed a v\u00fdchovy v \u010desk\u00fdch v\u011bznic\u00edch je st\u00e1le \u017eiv\u00e1. Ve v\u011bznic\u00edch prob\u00edhaj\u00ed mimo jin\u00e9 v r\u00e1mci program\u016f zach\u00e1zen\u00ed tak\u00e9 standardizovan\u00e9 programy zach\u00e1zen\u00ed ur\u010den\u00e9 specifick\u00fdm c\u00edlov\u00fdm skupin\u00e1m odsouzen\u00fdch (programy pro do\u017eivotn\u011b odsouzen\u00e9, pro pachatele dopravn\u00edch [&hellip;]<\/p>\n","protected":false},"author":2,"featured_media":0,"parent":715,"menu_order":6,"comment_status":"closed","ping_status":"closed","template":"","meta":{"footnotes":""},"class_list":["post-727","page","type-page","status-publish","hentry"],"_links":{"self":[{"href":"https:\/\/veda.polac.cz\/index.php?rest_route=\/wp\/v2\/pages\/727","targetHints":{"allow":["GET"]}}],"collection":[{"href":"https:\/\/veda.polac.cz\/index.php?rest_route=\/wp\/v2\/pages"}],"about":[{"href":"https:\/\/veda.polac.cz\/index.php?rest_route=\/wp\/v2\/types\/page"}],"author":[{"embeddable":true,"href":"https:\/\/veda.polac.cz\/index.php?rest_route=\/wp\/v2\/users\/2"}],"replies":[{"embeddable":true,"href":"https:\/\/veda.polac.cz\/index.php?rest_route=%2Fwp%2Fv2%2Fcomments&post=727"}],"version-history":[{"count":2,"href":"https:\/\/veda.polac.cz\/index.php?rest_route=\/wp\/v2\/pages\/727\/revisions"}],"predecessor-version":[{"id":743,"href":"https:\/\/veda.polac.cz\/index.php?rest_route=\/wp\/v2\/pages\/727\/revisions\/743"}],"up":[{"embeddable":true,"href":"https:\/\/veda.polac.cz\/index.php?rest_route=\/wp\/v2\/pages\/715"}],"wp:attachment":[{"href":"https:\/\/veda.polac.cz\/index.php?rest_route=%2Fwp%2Fv2%2Fmedia&parent=727"}],"curies":[{"name":"wp","href":"https:\/\/api.w.org\/{rel}","templated":true}]}}