{"id":7261,"date":"2023-12-27T13:49:31","date_gmt":"2023-12-27T13:49:31","guid":{"rendered":"https:\/\/veda.polac.cz\/?page_id=7261"},"modified":"2023-12-27T14:08:55","modified_gmt":"2023-12-27T14:08:55","slug":"7261-2","status":"publish","type":"page","link":"https:\/\/veda.polac.cz\/?page_id=7261","title":{"rendered":""},"content":{"rendered":"<p style=\"text-align: center;\">Resum\u00e9 \u010dl\u00e1nku<\/p>\n<p><strong>Latentn\u00ed kriminalita \u2013 komparace v\u00fdzkumn\u00fdch \u0161et\u0159en\u00ed<\/strong><\/p>\n<p><em>Mgr. Roman Svato\u0161, <\/em><em>Vysok\u00e1 \u0161kola finan\u010dn\u00ed a\u00a0spr\u00e1vn\u00ed, Fakulta pr\u00e1vn\u00edch a\u00a0spr\u00e1vn\u00edch studi\u00ed, Praha<\/em><\/p>\n<p><em>doc. JUDr. Roman Svato\u0161, Ph.D., Jiho\u010desk\u00e1 univerzita v\u00a0\u010cesk\u00fdch Bud\u011bjovic\u00edch, Zdravotn\u011b soci\u00e1ln\u00ed fakulta, \u010cesk\u00e9 Bud\u011bjovice<\/em><\/p>\n<p><strong>Abstrakt<\/strong><\/p>\n<p>Tento \u010dl\u00e1nek poukazuje na nutnost vyv\u00edjet snahy o\u00a0pozn\u00e1n\u00ed latentn\u00ed kriminality, nebo\u0165 pokud nezn\u00e1me latentn\u00ed kriminalitu, nezn\u00e1me ani celkovou kriminalitu, kter\u00e1 se pr\u00e1v\u011b skl\u00e1d\u00e1 ze zn\u00e1m\u00e9 a\u00a0latentn\u00ed, a\u00a0tedy nem\u016f\u017eeme efektivn\u011b p\u016fsobit na p\u0159\u00ed\u010diny celkov\u00e9 kriminality. Dal\u0161\u00ed \u010d\u00e1st t\u00e9to pr\u00e1ce se zab\u00fdv\u00e1 v\u00a0minulosti prob\u011bhnuv\u0161\u00edmi v\u00fdzkumy v\u00a0t\u00e9to oblasti. V\u00a0posledn\u00ed \u010d\u00e1sti \u010dl\u00e1nek p\u0159edstavuje v\u00fdsledky z\u00edskan\u00e9 z\u00a0komparace v\u00fdzkumu realizovan\u00e9ho v\u00a0roce 2017 Institutem pro kriminologii a\u00a0soci\u00e1ln\u00ed prevenci s\u00a0v\u00fdzkumn\u00fdm \u0161et\u0159en\u00edm realizovan\u00fdm autory tohoto p\u0159\u00edsp\u011bvku v\u00a0roce 2023, jeho\u017e smyslem bylo zjistit, jak\u00fd je pohyb latentn\u00ed kriminality v\u00a0\u010dase, ochota oznamovat trestnou \u010dinnost a\u00a0d\u016fvody neoznamov\u00e1n\u00ed trestn\u00e9 \u010dinnosti.<\/p>\n<p><strong>Kl\u00ed\u010dov\u00e1 slova:<\/strong> latentn\u00ed kriminalita, viktimizace, ob\u011bti, komparace.<\/p>\n<hr \/>\n<p><a href=\"https:\/\/veda.polac.cz\/?page_id=7248\">Zp\u011bt<\/a><\/p>\n","protected":false},"excerpt":{"rendered":"<p>Resum\u00e9 \u010dl\u00e1nku Latentn\u00ed kriminalita \u2013 komparace v\u00fdzkumn\u00fdch \u0161et\u0159en\u00ed Mgr. Roman Svato\u0161, Vysok\u00e1 \u0161kola finan\u010dn\u00ed a\u00a0spr\u00e1vn\u00ed, Fakulta pr\u00e1vn\u00edch a\u00a0spr\u00e1vn\u00edch studi\u00ed, Praha doc. JUDr. Roman Svato\u0161, Ph.D., Jiho\u010desk\u00e1 univerzita v\u00a0\u010cesk\u00fdch Bud\u011bjovic\u00edch, Zdravotn\u011b soci\u00e1ln\u00ed fakulta, \u010cesk\u00e9 Bud\u011bjovice Abstrakt Tento \u010dl\u00e1nek poukazuje na nutnost vyv\u00edjet snahy o\u00a0pozn\u00e1n\u00ed latentn\u00ed kriminality, nebo\u0165 pokud nezn\u00e1me latentn\u00ed kriminalitu, nezn\u00e1me ani celkovou kriminalitu, kter\u00e1 [&hellip;]<\/p>\n","protected":false},"author":6,"featured_media":0,"parent":0,"menu_order":0,"comment_status":"closed","ping_status":"closed","template":"","meta":{"footnotes":""},"class_list":["post-7261","page","type-page","status-publish","hentry"],"_links":{"self":[{"href":"https:\/\/veda.polac.cz\/index.php?rest_route=\/wp\/v2\/pages\/7261","targetHints":{"allow":["GET"]}}],"collection":[{"href":"https:\/\/veda.polac.cz\/index.php?rest_route=\/wp\/v2\/pages"}],"about":[{"href":"https:\/\/veda.polac.cz\/index.php?rest_route=\/wp\/v2\/types\/page"}],"author":[{"embeddable":true,"href":"https:\/\/veda.polac.cz\/index.php?rest_route=\/wp\/v2\/users\/6"}],"replies":[{"embeddable":true,"href":"https:\/\/veda.polac.cz\/index.php?rest_route=%2Fwp%2Fv2%2Fcomments&post=7261"}],"version-history":[{"count":3,"href":"https:\/\/veda.polac.cz\/index.php?rest_route=\/wp\/v2\/pages\/7261\/revisions"}],"predecessor-version":[{"id":7276,"href":"https:\/\/veda.polac.cz\/index.php?rest_route=\/wp\/v2\/pages\/7261\/revisions\/7276"}],"wp:attachment":[{"href":"https:\/\/veda.polac.cz\/index.php?rest_route=%2Fwp%2Fv2%2Fmedia&parent=7261"}],"curies":[{"name":"wp","href":"https:\/\/api.w.org\/{rel}","templated":true}]}}