{"id":7259,"date":"2023-12-27T13:48:40","date_gmt":"2023-12-27T13:48:40","guid":{"rendered":"https:\/\/veda.polac.cz\/?page_id=7259"},"modified":"2023-12-27T14:08:32","modified_gmt":"2023-12-27T14:08:32","slug":"7259-2","status":"publish","type":"page","link":"https:\/\/veda.polac.cz\/?page_id=7259","title":{"rendered":""},"content":{"rendered":"<p style=\"text-align: center;\">Resum\u00e9 \u010dl\u00e1nku<\/p>\n<p><strong>P\u0159ipravenost policejn\u00edch mana\u017eer\u016f k\u00a0v\u00fdkonu funkce<\/strong><\/p>\n<p><em>JUDr. Petra Hofmanov\u00e1, Policejn\u00ed akademie \u010cesk\u00e9 republiky v\u00a0Praze, <\/em><em>student doktorsk\u00e9ho studijn\u00edho programu<\/em><\/p>\n<p><strong>Abstrakt<\/strong><\/p>\n<p>\u010cl\u00e1nek p\u0159in\u00e1\u0161\u00ed d\u00edl\u010d\u00ed v\u00fdsledky v\u00fdzkumu proveden\u00e9ho autorkou v\u00a0kv\u011btnu a\u00a0\u010dervnu 2021, vztahuj\u00edc\u00edho se zejm\u00e9na k\u00a0d\u016fle\u017eitosti psychologick\u00fdch aspekt\u016f v\u00a0pr\u00e1ci vedouc\u00edch p\u0159\u00edslu\u0161n\u00edk\u016f Policie \u010cesk\u00e9 republiky. C\u00edlem zve\u0159ejn\u011bn\u00e9 \u010d\u00e1sti v\u00fdzkumu, pr\u00e1v\u011b v\u00a0kontextu se zkouman\u00fdmi aspekty, bylo popsat \u00farove\u0148 p\u0159ipravenosti policejn\u00edch mana\u017eer\u016f na v\u00fdkon \u0159\u00edd\u00edc\u00ed funkce se zam\u011b\u0159en\u00edm na soci\u00e1ln\u00ed kompetenci, analyzovat sou\u010dasn\u00fd stav mana\u017eersk\u00e9ho vzd\u011bl\u00e1v\u00e1n\u00ed v\u00a0Policii \u010cesk\u00e9 republiky a\u00a0publikovat mo\u017enosti nastaven\u00ed syst\u00e9mu tohoto typu vzd\u011bl\u00e1v\u00e1n\u00ed do budoucna.<\/p>\n<p><strong>Kl\u00ed\u010dov\u00e1 slova: <\/strong>policejn\u00ed mana\u017eer, mana\u017eersk\u00e9 kompetence, mana\u017eersk\u00e9 vzd\u011bl\u00e1v\u00e1n\u00ed.<\/p>\n<hr \/>\n<p><a href=\"https:\/\/veda.polac.cz\/?page_id=7248\">Zp\u011bt<\/a><\/p>\n","protected":false},"excerpt":{"rendered":"<p>Resum\u00e9 \u010dl\u00e1nku P\u0159ipravenost policejn\u00edch mana\u017eer\u016f k\u00a0v\u00fdkonu funkce JUDr. Petra Hofmanov\u00e1, Policejn\u00ed akademie \u010cesk\u00e9 republiky v\u00a0Praze, student doktorsk\u00e9ho studijn\u00edho programu Abstrakt \u010cl\u00e1nek p\u0159in\u00e1\u0161\u00ed d\u00edl\u010d\u00ed v\u00fdsledky v\u00fdzkumu proveden\u00e9ho autorkou v\u00a0kv\u011btnu a\u00a0\u010dervnu 2021, vztahuj\u00edc\u00edho se zejm\u00e9na k\u00a0d\u016fle\u017eitosti psychologick\u00fdch aspekt\u016f v\u00a0pr\u00e1ci vedouc\u00edch p\u0159\u00edslu\u0161n\u00edk\u016f Policie \u010cesk\u00e9 republiky. C\u00edlem zve\u0159ejn\u011bn\u00e9 \u010d\u00e1sti v\u00fdzkumu, pr\u00e1v\u011b v\u00a0kontextu se zkouman\u00fdmi aspekty, bylo popsat \u00farove\u0148 p\u0159ipravenosti [&hellip;]<\/p>\n","protected":false},"author":6,"featured_media":0,"parent":0,"menu_order":0,"comment_status":"closed","ping_status":"closed","template":"","meta":{"footnotes":""},"class_list":["post-7259","page","type-page","status-publish","hentry"],"_links":{"self":[{"href":"https:\/\/veda.polac.cz\/index.php?rest_route=\/wp\/v2\/pages\/7259","targetHints":{"allow":["GET"]}}],"collection":[{"href":"https:\/\/veda.polac.cz\/index.php?rest_route=\/wp\/v2\/pages"}],"about":[{"href":"https:\/\/veda.polac.cz\/index.php?rest_route=\/wp\/v2\/types\/page"}],"author":[{"embeddable":true,"href":"https:\/\/veda.polac.cz\/index.php?rest_route=\/wp\/v2\/users\/6"}],"replies":[{"embeddable":true,"href":"https:\/\/veda.polac.cz\/index.php?rest_route=%2Fwp%2Fv2%2Fcomments&post=7259"}],"version-history":[{"count":3,"href":"https:\/\/veda.polac.cz\/index.php?rest_route=\/wp\/v2\/pages\/7259\/revisions"}],"predecessor-version":[{"id":7275,"href":"https:\/\/veda.polac.cz\/index.php?rest_route=\/wp\/v2\/pages\/7259\/revisions\/7275"}],"wp:attachment":[{"href":"https:\/\/veda.polac.cz\/index.php?rest_route=%2Fwp%2Fv2%2Fmedia&parent=7259"}],"curies":[{"name":"wp","href":"https:\/\/api.w.org\/{rel}","templated":true}]}}