{"id":7255,"date":"2023-12-27T13:43:08","date_gmt":"2023-12-27T13:43:08","guid":{"rendered":"https:\/\/veda.polac.cz\/?page_id=7255"},"modified":"2023-12-27T14:07:36","modified_gmt":"2023-12-27T14:07:36","slug":"7255-2","status":"publish","type":"page","link":"https:\/\/veda.polac.cz\/?page_id=7255","title":{"rendered":""},"content":{"rendered":"<p style=\"text-align: center;\">Resum\u00e9 \u010dl\u00e1nku<\/p>\n<p><strong>Infodemie, hoaxy a\u00a0dezinformace v\u00a0dob\u011b covidu-19 a\u00a0zrcadlen\u00ed sou\u010dasnosti<\/strong><\/p>\n<p><em>PhDr. Pavel B\u00f6hm, Ph.D., MSc., MBA, \u010cesk\u00e9 vysok\u00e9 u\u010den\u00ed technick\u00e9 v\u00a0Praze, Fakulta biomedic\u00ednsk\u00e9ho in\u017een\u00fdrstv\u00ed, katedra zdravotnick\u00fdch obor\u016f a ochrany obyvatelstva<\/em><\/p>\n<p><em>Bc. Jakub Lauterbach, Nemocnice \u017datec, o.p.s., Multioborov\u00e1 jednotka intenzivn\u00ed p\u00e9\u010de<\/em><\/p>\n<p><strong>Abstrakt<\/strong><\/p>\n<p>P\u0159\u00edsp\u011bvek pojedn\u00e1v\u00e1 o\u00a0problematice infodemie vznikl\u00e9 b\u011bhem pandemie covidu-19 a\u00a0o\u00a0samotn\u00e9m onemocn\u011bn\u00ed se zam\u011b\u0159en\u00edm na o\u010dkov\u00e1n\u00ed proti SARS-CoV-2. Jsou zde nab\u00eddnuty psychosoci\u00e1ln\u00ed a\u00a0behavior\u00e1ln\u00ed faktory spojen\u00e9 se skepticismem ohledn\u011b koronaviru a\u00a0\u0161\u00ed\u0159en\u00edm dezinformac\u00ed t\u00fdkaj\u00edc\u00edch se vakcinace, kter\u00e9 navazuj\u00ed na problematiku konspira\u010dn\u00edch teori\u00ed, a\u00a0jejich vliv na pr\u016fb\u011bh pandemie a\u00a0stav akutn\u00ed p\u00e9\u010de. Na z\u00e1v\u011br jsou zm\u00edn\u011bny pr\u00e1vn\u00ed mo\u017enosti boje proti \u0161\u00ed\u0159en\u00ed dezinformac\u00ed ve vybran\u00fdch zem\u00edch sv\u011bta a\u00a0v\u00a0\u010cesk\u00e9 republice.<\/p>\n<p>Dezinformace obecn\u011b prohlubuj\u00ed konspira\u010dn\u00ed sm\u00fd\u0161len\u00ed lid\u00ed a\u00a0buduj\u00ed ned\u016fv\u011bru v\u00a0\u00fa\u0159ady, v\u011bdeck\u00e9 instituce a\u00a0autority. Stejn\u00e9 \u010di podobn\u00e9 argumenty se nyn\u00ed objevuj\u00ed k\u00a0problematice konfliktu na Ukrajin\u011b. Principi\u00e1ln\u011b jsou pou\u017e\u00edv\u00e1ny stejn\u00e9 mechanismy jako v\u00a0dob\u011b pandemie covidu-19 vytv\u00e1\u0159ej\u00edc\u00ed stejn\u00e9 hrozby pro spole\u010dnost.<\/p>\n<p>P\u0159\u00edsp\u011bvek zprost\u0159edkov\u00e1v\u00e1 z\u00e1kladn\u00ed informace o\u00a0covidu-19 a\u00a0o\u010dkov\u00e1n\u00ed proti tomuto onemocn\u011bn\u00ed a\u00a0vysv\u011btluje faktory spojen\u00e9 se skepticismem v\u00a0souvislosti s\u00a0o\u010dkov\u00e1n\u00edm a\u00a0koronavirem. \u010c\u00e1st p\u0159edlo\u017een\u00e9ho textu je sou\u010d\u00e1st\u00ed z\u00e1v\u011bre\u010dn\u00e9 pr\u00e1ce na t\u00e9ma: \u201eNebezpe\u010dn\u00e9 hoaxy spojen\u00e9 s\u00a0o\u010dkov\u00e1n\u00edm proti SARS-CoV-2\u201c.<\/p>\n<p><strong>Kl\u00ed\u010dov\u00e1 slova<\/strong>: hoax, dezinformace, konspirace, covid-19, online, ochrana, zdravotnictv\u00ed.<\/p>\n<hr \/>\n<p><a href=\"https:\/\/veda.polac.cz\/?page_id=7248\">Zp\u011bt<\/a><\/p>\n","protected":false},"excerpt":{"rendered":"<p>Resum\u00e9 \u010dl\u00e1nku Infodemie, hoaxy a\u00a0dezinformace v\u00a0dob\u011b covidu-19 a\u00a0zrcadlen\u00ed sou\u010dasnosti PhDr. Pavel B\u00f6hm, Ph.D., MSc., MBA, \u010cesk\u00e9 vysok\u00e9 u\u010den\u00ed technick\u00e9 v\u00a0Praze, Fakulta biomedic\u00ednsk\u00e9ho in\u017een\u00fdrstv\u00ed, katedra zdravotnick\u00fdch obor\u016f a ochrany obyvatelstva Bc. Jakub Lauterbach, Nemocnice \u017datec, o.p.s., Multioborov\u00e1 jednotka intenzivn\u00ed p\u00e9\u010de Abstrakt P\u0159\u00edsp\u011bvek pojedn\u00e1v\u00e1 o\u00a0problematice infodemie vznikl\u00e9 b\u011bhem pandemie covidu-19 a\u00a0o\u00a0samotn\u00e9m onemocn\u011bn\u00ed se zam\u011b\u0159en\u00edm na o\u010dkov\u00e1n\u00ed proti [&hellip;]<\/p>\n","protected":false},"author":6,"featured_media":0,"parent":0,"menu_order":0,"comment_status":"closed","ping_status":"closed","template":"","meta":{"footnotes":""},"class_list":["post-7255","page","type-page","status-publish","hentry"],"_links":{"self":[{"href":"https:\/\/veda.polac.cz\/index.php?rest_route=\/wp\/v2\/pages\/7255","targetHints":{"allow":["GET"]}}],"collection":[{"href":"https:\/\/veda.polac.cz\/index.php?rest_route=\/wp\/v2\/pages"}],"about":[{"href":"https:\/\/veda.polac.cz\/index.php?rest_route=\/wp\/v2\/types\/page"}],"author":[{"embeddable":true,"href":"https:\/\/veda.polac.cz\/index.php?rest_route=\/wp\/v2\/users\/6"}],"replies":[{"embeddable":true,"href":"https:\/\/veda.polac.cz\/index.php?rest_route=%2Fwp%2Fv2%2Fcomments&post=7255"}],"version-history":[{"count":3,"href":"https:\/\/veda.polac.cz\/index.php?rest_route=\/wp\/v2\/pages\/7255\/revisions"}],"predecessor-version":[{"id":7273,"href":"https:\/\/veda.polac.cz\/index.php?rest_route=\/wp\/v2\/pages\/7255\/revisions\/7273"}],"wp:attachment":[{"href":"https:\/\/veda.polac.cz\/index.php?rest_route=%2Fwp%2Fv2%2Fmedia&parent=7255"}],"curies":[{"name":"wp","href":"https:\/\/api.w.org\/{rel}","templated":true}]}}