{"id":7253,"date":"2023-12-27T13:42:03","date_gmt":"2023-12-27T13:42:03","guid":{"rendered":"https:\/\/veda.polac.cz\/?page_id=7253"},"modified":"2023-12-27T14:07:10","modified_gmt":"2023-12-27T14:07:10","slug":"7253-2","status":"publish","type":"page","link":"https:\/\/veda.polac.cz\/?page_id=7253","title":{"rendered":""},"content":{"rendered":"<p style=\"text-align: center;\">Resum\u00e9 \u010dl\u00e1nku<\/p>\n<p><strong>Iniciativa Reignite Freedom \u2013 nov\u00fd akt\u00e9r soci\u00e1ln\u00ed radikalizace?<\/strong><\/p>\n<p><em>Mgr. Martin Zilvar, Masarykova univerzita, Fakulta soci\u00e1ln\u00edch studi\u00ed, katedra politologie, student doktorsk\u00e9ho studijn\u00edho programu<\/em><\/p>\n<p><strong>Abstrakt<\/strong><\/p>\n<p>\u010cl\u00e1nek se zam\u011b\u0159uje na p\u016fvodn\u011b australskou iniciativu Reignite Freedom, ke kter\u00e9 se p\u0159ihl\u00e1sili organiz\u00e1to\u0159i demonstrace \u201e\u010cesk\u00e1 republika na 1.\u00a0m\u00edst\u011b!\u201c ze 3.\u00a0z\u00e1\u0159\u00ed 2022. Na z\u00e1klad\u011b vykonan\u00e9 anal\u00fdzy jej\u00edho v\u00fdvoje a\u00a0soudob\u00e9ho stavu, prezentovan\u00e9ho ak\u010dn\u00edho programu a\u00a0povahy publikovan\u00e9ho obsahu ji pova\u017euje za ambici\u00f3zn\u00edho akt\u00e9ra vych\u00e1zej\u00edc\u00edho z\u00a0existuj\u00edc\u00ed protivakcina\u010dn\u00ed a\u00a0antiglobaliza\u010dn\u00ed sc\u00e9ny a\u00a0maj\u00edc\u00edho potenci\u00e1l pro dal\u0161\u00ed r\u016fst d\u00edky pom\u011brn\u011b poda\u0159en\u00e9 sebeprezentaci a\u00a0spojen\u00ed s\u00a0prominentn\u00edmi osobami t\u00e9to subkultury. Navzdory tomu ve sv\u00e9m z\u00e1v\u011bru nam\u00edt\u00e1, \u017ee se st\u00e1le jedn\u00e1 o\u00a0margin\u00e1ln\u00ed online hnut\u00ed, kter\u00e9 nep\u0159edstavuje pro \u010cR takovou bezpe\u010dnostn\u00ed hrozbu jako soudob\u00e1 dezinforma\u010dn\u00ed sc\u00e9na.<\/p>\n<p><strong>Kl\u00ed\u010dov\u00e1 slova:<\/strong> Reignite Freedom, protivakcina\u010dn\u00ed a\u00a0antiglobalistick\u00e1 sc\u00e9na, radikalizace, bezpe\u010dnostn\u00ed hrozba, \u010cesk\u00e1 republika.<\/p>\n<hr \/>\n<p style=\"text-align: left;\"><a href=\"https:\/\/veda.polac.cz\/?page_id=7248\">Zp\u011bt<\/a><\/p>\n","protected":false},"excerpt":{"rendered":"<p>Resum\u00e9 \u010dl\u00e1nku Iniciativa Reignite Freedom \u2013 nov\u00fd akt\u00e9r soci\u00e1ln\u00ed radikalizace? Mgr. Martin Zilvar, Masarykova univerzita, Fakulta soci\u00e1ln\u00edch studi\u00ed, katedra politologie, student doktorsk\u00e9ho studijn\u00edho programu Abstrakt \u010cl\u00e1nek se zam\u011b\u0159uje na p\u016fvodn\u011b australskou iniciativu Reignite Freedom, ke kter\u00e9 se p\u0159ihl\u00e1sili organiz\u00e1to\u0159i demonstrace \u201e\u010cesk\u00e1 republika na 1.\u00a0m\u00edst\u011b!\u201c ze 3.\u00a0z\u00e1\u0159\u00ed 2022. Na z\u00e1klad\u011b vykonan\u00e9 anal\u00fdzy jej\u00edho v\u00fdvoje a\u00a0soudob\u00e9ho stavu, [&hellip;]<\/p>\n","protected":false},"author":6,"featured_media":0,"parent":0,"menu_order":0,"comment_status":"closed","ping_status":"closed","template":"","meta":{"footnotes":""},"class_list":["post-7253","page","type-page","status-publish","hentry"],"_links":{"self":[{"href":"https:\/\/veda.polac.cz\/index.php?rest_route=\/wp\/v2\/pages\/7253","targetHints":{"allow":["GET"]}}],"collection":[{"href":"https:\/\/veda.polac.cz\/index.php?rest_route=\/wp\/v2\/pages"}],"about":[{"href":"https:\/\/veda.polac.cz\/index.php?rest_route=\/wp\/v2\/types\/page"}],"author":[{"embeddable":true,"href":"https:\/\/veda.polac.cz\/index.php?rest_route=\/wp\/v2\/users\/6"}],"replies":[{"embeddable":true,"href":"https:\/\/veda.polac.cz\/index.php?rest_route=%2Fwp%2Fv2%2Fcomments&post=7253"}],"version-history":[{"count":3,"href":"https:\/\/veda.polac.cz\/index.php?rest_route=\/wp\/v2\/pages\/7253\/revisions"}],"predecessor-version":[{"id":7272,"href":"https:\/\/veda.polac.cz\/index.php?rest_route=\/wp\/v2\/pages\/7253\/revisions\/7272"}],"wp:attachment":[{"href":"https:\/\/veda.polac.cz\/index.php?rest_route=%2Fwp%2Fv2%2Fmedia&parent=7253"}],"curies":[{"name":"wp","href":"https:\/\/api.w.org\/{rel}","templated":true}]}}