{"id":7250,"date":"2023-12-27T13:40:18","date_gmt":"2023-12-27T13:40:18","guid":{"rendered":"https:\/\/veda.polac.cz\/?page_id=7250"},"modified":"2023-12-27T13:53:14","modified_gmt":"2023-12-27T13:53:14","slug":"7250-2","status":"publish","type":"page","link":"https:\/\/veda.polac.cz\/?page_id=7250","title":{"rendered":""},"content":{"rendered":"<p style=\"text-align: center;\">Resum\u00e9 \u010dl\u00e1nku<\/p>\n<p><strong>Putinismus nebo \u201era\u0161ismus\u201c?<\/strong><\/p>\n<p><em>doc. Ing. Dr. \u0160tefan Danics, Ph.D., Policejn\u00ed akademie \u010cesk\u00e9 republiky v\u00a0Praze, Fakulta bezpe\u010dnostn\u00edho managementu, katedra bezpe\u010dnostn\u00edch studi\u00ed<\/em><\/p>\n<p><strong>Abstrakt<\/strong><\/p>\n<p>\u010cl\u00e1nek analyzuje a\u00a0komparuje obsah a\u00a0vztah mezi putinismem a\u00a0\u201era\u0161ismem\u201c, kter\u00fdm ukrajinsk\u00fd parlament ozna\u010dil ideologii a\u00a0politiku dne\u0161n\u00edho Ruska. Jedn\u00e1 se o\u00a0sou\u010d\u00e1st informa\u010dn\u00ed v\u00e1lky, kdy se vede ideologick\u00fd boj mezi v\u00e1l\u010d\u00edc\u00edmi stranami o\u00a0narativ rusko-ukrajinsk\u00e9ho v\u00e1le\u010dn\u00e9ho konfliktu, co\u017e je prvek ka\u017ed\u00e9 modern\u00ed v\u00e1lky. Ukrajinsk\u00e1 Nejvy\u0161\u0161\u00ed rada z\u00e1rove\u0148 vyz\u00fdv\u00e1 OSN a\u00a0dal\u0161\u00ed mezin\u00e1rodn\u00ed organizace, ale i\u00a0vl\u00e1dy a\u00a0parlamenty dal\u0161\u00edch zem\u00ed, aby praktiky \u201era\u0161ismu\u201c rovn\u011b\u017e odsoudily. Ukrajinsk\u00fd prezident Volodymyr Zelenskyj dokonce prohl\u00e1sil, \u017ee v\u00a0budoucnu \u201era\u0161ismus\u201c zaujme m\u00edsto v\u00a0u\u010debnic\u00edch d\u011bjepisu. V\u00a0t\u00e9to souvislosti vy\u0161lo i\u00a0n\u011bkolik \u010dl\u00e1nk\u016f o\u00a0\u201era\u0161ismu\u201c od zn\u00e1m\u00e9ho americk\u00e9ho historika Timothyho Snydera, kter\u00fd v\u00a0nich uv\u00e1d\u00ed, \u017ee fa\u0161ismus byl jako re\u017eim pora\u017een na boji\u0161t\u00edch druh\u00e9 sv\u011btov\u00e9 v\u00e1lky, ale jako idea se vr\u00e1til s\u00a0v\u00e1lkou, kterou nyn\u00ed vede Rusko na Ukrajin\u011b. \u010cl\u00e1nek upozor\u0148uje, \u017ee term\u00edn \u201era\u0161ismus\u201c je problematick\u00fd: je siln\u011b politizov\u00e1n, \u017e\u00e1dn\u00fd subjekt se s\u00a0\u201era\u0161ismem\u201c neidentifikuje a\u00a0m\u016f\u017ee posilovat nen\u00e1vist v\u016f\u010di Rus\u016fm, tj. rusofobii. Na druh\u00e9 stran\u011b \u010dl\u00e1nek zd\u016fraz\u0148uje, \u017ee je zaveden odborn\u00fd pojem putinismus, kter\u00fd z\u00a0politologick\u00e9ho hlediska vymezuje Putin\u016fv re\u017eim \u010di Putinovo Rusko. V\u00a0podstat\u011b se jedn\u00e1 o\u00a0obdobu politologick\u00fdch pojm\u016f hitlerismus \u010di stalinismus, ve kter\u00fdch je politick\u00fd re\u017eim spojen s\u00a0v\u016fd\u010d\u00ed osobou, co\u017e dan\u00fd re\u017eim jasn\u011b identifikuje, v\u010detn\u011b jeho mocensk\u00fdch praktik.<\/p>\n<p><strong>Kl\u00ed\u010dov\u00e1 slova:<\/strong> Putinismus, \u201era\u0161ismus\u201c, v\u00e1lka na Ukrajin\u011b, fa\u0161istick\u00e1 ideologie, informa\u010dn\u00ed v\u00e1lka, eurasianismus, autoritativn\u00ed Putin\u016fv re\u017eim, totalitn\u00ed mocensk\u00e9 praktiky.<\/p>\n<hr \/>\n<p><a href=\"https:\/\/veda.polac.cz\/?page_id=7248\">Zp\u011bt<\/a><\/p>\n","protected":false},"excerpt":{"rendered":"<p>Resum\u00e9 \u010dl\u00e1nku Putinismus nebo \u201era\u0161ismus\u201c? doc. Ing. Dr. \u0160tefan Danics, Ph.D., Policejn\u00ed akademie \u010cesk\u00e9 republiky v\u00a0Praze, Fakulta bezpe\u010dnostn\u00edho managementu, katedra bezpe\u010dnostn\u00edch studi\u00ed Abstrakt \u010cl\u00e1nek analyzuje a\u00a0komparuje obsah a\u00a0vztah mezi putinismem a\u00a0\u201era\u0161ismem\u201c, kter\u00fdm ukrajinsk\u00fd parlament ozna\u010dil ideologii a\u00a0politiku dne\u0161n\u00edho Ruska. Jedn\u00e1 se o\u00a0sou\u010d\u00e1st informa\u010dn\u00ed v\u00e1lky, kdy se vede ideologick\u00fd boj mezi v\u00e1l\u010d\u00edc\u00edmi stranami o\u00a0narativ rusko-ukrajinsk\u00e9ho v\u00e1le\u010dn\u00e9ho [&hellip;]<\/p>\n","protected":false},"author":6,"featured_media":0,"parent":0,"menu_order":0,"comment_status":"closed","ping_status":"closed","template":"","meta":{"footnotes":""},"class_list":["post-7250","page","type-page","status-publish","hentry"],"_links":{"self":[{"href":"https:\/\/veda.polac.cz\/index.php?rest_route=\/wp\/v2\/pages\/7250","targetHints":{"allow":["GET"]}}],"collection":[{"href":"https:\/\/veda.polac.cz\/index.php?rest_route=\/wp\/v2\/pages"}],"about":[{"href":"https:\/\/veda.polac.cz\/index.php?rest_route=\/wp\/v2\/types\/page"}],"author":[{"embeddable":true,"href":"https:\/\/veda.polac.cz\/index.php?rest_route=\/wp\/v2\/users\/6"}],"replies":[{"embeddable":true,"href":"https:\/\/veda.polac.cz\/index.php?rest_route=%2Fwp%2Fv2%2Fcomments&post=7250"}],"version-history":[{"count":2,"href":"https:\/\/veda.polac.cz\/index.php?rest_route=\/wp\/v2\/pages\/7250\/revisions"}],"predecessor-version":[{"id":7268,"href":"https:\/\/veda.polac.cz\/index.php?rest_route=\/wp\/v2\/pages\/7250\/revisions\/7268"}],"wp:attachment":[{"href":"https:\/\/veda.polac.cz\/index.php?rest_route=%2Fwp%2Fv2%2Fmedia&parent=7250"}],"curies":[{"name":"wp","href":"https:\/\/api.w.org\/{rel}","templated":true}]}}