{"id":7248,"date":"2023-12-27T13:31:56","date_gmt":"2023-12-27T13:31:56","guid":{"rendered":"https:\/\/veda.polac.cz\/?page_id=7248"},"modified":"2023-12-28T13:08:03","modified_gmt":"2023-12-28T13:08:03","slug":"04-2023","status":"publish","type":"page","link":"https:\/\/veda.polac.cz\/?page_id=7248","title":{"rendered":"04\/2023"},"content":{"rendered":"<p><strong><a href=\"https:\/\/veda.polac.cz\/?page_id=7250\">Putinismus nebo \u201era\u0161ismus\u201c?<\/a><br \/>\n<\/strong>doc. Ing. Dr. \u0160tefan Danics, Ph.D., Policejn\u00ed akademie \u010cesk\u00e9 republiky v\u00a0Praze,<br \/>\nFakulta bezpe\u010dnostn\u00edho managementu, katedra bezpe\u010dnostn\u00edch studi\u00ed<\/p>\n<p><a href=\"https:\/\/veda.polac.cz\/wp-content\/uploads\/2023\/12\/Putinismus-nebo-\u201erasismus.pdf\" target=\"_blank\" rel=\"noopener\">pdf form\u00e1t<\/a><\/p>\n<hr \/>\n<p><a href=\"https:\/\/veda.polac.cz\/?page_id=7253\"><strong>Iniciativa Reignite Freedom \u2013 nov\u00fd akt\u00e9r soci\u00e1ln\u00ed radikalizace?<\/strong><\/a><br \/>\nMgr. Martin Zilvar, Masarykova univerzita, Fakulta soci\u00e1ln\u00edch studi\u00ed,<br \/>\nkatedra politologie, student doktorsk\u00e9ho studijn\u00edho programu<\/p>\n<p><a href=\"https:\/\/veda.polac.cz\/wp-content\/uploads\/2023\/12\/Iniciativa-Reignite-Freedom-\u2013-novy-akter-socialni-radikalizace.pdf\" target=\"_blank\" rel=\"noopener\">pdf form\u00e1t<\/a><\/p>\n<hr \/>\n<p><a href=\"https:\/\/veda.polac.cz\/?page_id=7255\"><strong>Infod\u00e9mie, hoaxy a dezinformace v dob\u011b covid-19 a zrcadlen\u00ed sou\u010dasnosti<\/strong><\/a><br \/>\nPhDr. Pavel B\u00f6hm, Ph.D., MSc., MBA, \u010cesk\u00e9 vysok\u00e9 u\u010den\u00ed technick\u00e9 v Praze,<br \/>\nFakulta biomedic\u00ednsk\u00e9ho in\u017een\u00fdrstv\u00ed, katedra zdravotnick\u00fdch obor\u016f a ochrany obyvatelstva<br \/>\nBc. Jakub Lauterbach, Nemocnice \u017datec, o.p.s.,<br \/>\nMultioborov\u00e1 jednotka intenzivn\u00ed p\u00e9\u010de<\/p>\n<p><a href=\"https:\/\/veda.polac.cz\/wp-content\/uploads\/2023\/12\/Infodemie-hoaxy-a-dezinformace-v-dobe-covid-19-a-zrcadleni-soucasnosti.pdf\" target=\"_blank\" rel=\"noopener\">pdf form\u00e1t<\/a><\/p>\n<hr \/>\n<p><a href=\"https:\/\/veda.polac.cz\/?page_id=7257\"><strong>Migrace a jej\u00ed regulace prost\u0159ednictv\u00edm v\u00edzov\u00e9 politiky st\u00e1t\u016f Evropsk\u00e9 unie<\/strong><\/a><br \/>\nJUDr. Miloslav Smetana, Policejn\u00ed akademie \u010cesk\u00e9 republiky v Praze,<br \/>\nFakulta bezpe\u010dnostn\u011b pr\u00e1vn\u00ed, katedra policejn\u00edch \u010dinnost\u00ed<\/p>\n<p><a href=\"https:\/\/veda.polac.cz\/wp-content\/uploads\/2023\/12\/Migrace-a-jeji-regulace-prostrednictvim-vizove-politiky-statu-Evropske-unie.pdf\" target=\"_blank\" rel=\"noopener\">pdf form\u00e1t<\/a><\/p>\n<hr \/>\n<p><a href=\"https:\/\/veda.polac.cz\/?page_id=7259\"><strong>P\u0159ipravenost policejn\u00edch mana\u017eer\u016f k v\u00fdkonu funkce<\/strong><\/a><br \/>\nJUDr. Petra Hofmanov\u00e1, Policejn\u00ed akademie \u010cesk\u00e9 republiky v Praze,<br \/>\nstudent doktorsk\u00e9ho studijn\u00edho programu<\/p>\n<p><a href=\"https:\/\/veda.polac.cz\/wp-content\/uploads\/2023\/12\/Pripravenost-policejnich-manazeru-k-vykonu-funkce.pdf\" target=\"_blank\" rel=\"noopener\">pdf form\u00e1t<\/a><\/p>\n<hr \/>\n<p><a href=\"https:\/\/veda.polac.cz\/?page_id=7261\"><strong>Latentn\u00ed kriminalita \u2013 komparace v\u00fdzkumn\u00fdch \u0161et\u0159en\u00ed<\/strong><\/a><br \/>\nMgr. Roman Svato\u0161, Vysok\u00e1 \u0161kola finan\u010dn\u00ed a spr\u00e1vn\u00ed<br \/>\nFakulta pr\u00e1vn\u00edch a spr\u00e1vn\u00edch studi\u00ed, Praha<br \/>\ndoc. JUDr. Roman Svato\u0161, Ph.D., Jiho\u010desk\u00e1 univerzita v \u010cesk\u00fdch Bud\u011bjovic\u00edch,<br \/>\nZdravotn\u011b soci\u00e1ln\u00ed fakulta, \u010cesk\u00e9 Bud\u011bjovice<\/p>\n<p><a href=\"https:\/\/veda.polac.cz\/wp-content\/uploads\/2023\/12\/Latentni-kriminalita-\u2013-komparace-vyzkumnych-setreni.pdf\" target=\"_blank\" rel=\"noopener\">pdf form\u00e1t<\/a><\/p>\n<hr \/>\n","protected":false},"excerpt":{"rendered":"<p>Putinismus nebo \u201era\u0161ismus\u201c? doc. Ing. Dr. \u0160tefan Danics, Ph.D., Policejn\u00ed akademie \u010cesk\u00e9 republiky v\u00a0Praze, Fakulta bezpe\u010dnostn\u00edho managementu, katedra bezpe\u010dnostn\u00edch studi\u00ed pdf form\u00e1t Iniciativa Reignite Freedom \u2013 nov\u00fd akt\u00e9r soci\u00e1ln\u00ed radikalizace? Mgr. Martin Zilvar, Masarykova univerzita, Fakulta soci\u00e1ln\u00edch studi\u00ed, katedra politologie, student doktorsk\u00e9ho studijn\u00edho programu pdf form\u00e1t Infod\u00e9mie, hoaxy a dezinformace v dob\u011b covid-19 a zrcadlen\u00ed [&hellip;]<\/p>\n","protected":false},"author":6,"featured_media":0,"parent":0,"menu_order":0,"comment_status":"closed","ping_status":"closed","template":"","meta":{"footnotes":""},"class_list":["post-7248","page","type-page","status-publish","hentry"],"_links":{"self":[{"href":"https:\/\/veda.polac.cz\/index.php?rest_route=\/wp\/v2\/pages\/7248","targetHints":{"allow":["GET"]}}],"collection":[{"href":"https:\/\/veda.polac.cz\/index.php?rest_route=\/wp\/v2\/pages"}],"about":[{"href":"https:\/\/veda.polac.cz\/index.php?rest_route=\/wp\/v2\/types\/page"}],"author":[{"embeddable":true,"href":"https:\/\/veda.polac.cz\/index.php?rest_route=\/wp\/v2\/users\/6"}],"replies":[{"embeddable":true,"href":"https:\/\/veda.polac.cz\/index.php?rest_route=%2Fwp%2Fv2%2Fcomments&post=7248"}],"version-history":[{"count":3,"href":"https:\/\/veda.polac.cz\/index.php?rest_route=\/wp\/v2\/pages\/7248\/revisions"}],"predecessor-version":[{"id":7303,"href":"https:\/\/veda.polac.cz\/index.php?rest_route=\/wp\/v2\/pages\/7248\/revisions\/7303"}],"wp:attachment":[{"href":"https:\/\/veda.polac.cz\/index.php?rest_route=%2Fwp%2Fv2%2Fmedia&parent=7248"}],"curies":[{"name":"wp","href":"https:\/\/api.w.org\/{rel}","templated":true}]}}