{"id":7245,"date":"2023-12-18T10:51:57","date_gmt":"2023-12-18T10:51:57","guid":{"rendered":"https:\/\/veda.polac.cz\/?page_id=7245"},"modified":"2023-12-18T10:56:12","modified_gmt":"2023-12-18T10:56:12","slug":"eticky-kodex","status":"publish","type":"page","link":"https:\/\/veda.polac.cz\/?page_id=7245","title":{"rendered":"Etick\u00fd kodex"},"content":{"rendered":"<p>\u010casopis <em>Bezpe\u010dnostn\u00ed teorie a praxe<\/em> se \u0159\u00edd\u00ed pravidly <a href=\"https:\/\/publicationethics.org\/files\/Code%20of%20Conduct.pdf\">publika\u010dn\u00ed etiky dle organizace COPE<\/a> a je s\u00a0nimi v\u00a0pln\u00e9m souladu. \u0158\u00edd\u00edme se jej\u00edm etick\u00fdm kodexem a\u00a0jej\u00edmi pokyny pro osv\u011bd\u010den\u00e9 postupy.<\/p>\n<p>Vydavatel\u00e9\/edito\u0159i \u010dasopisu se zavazuj\u00ed k p\u0159ijet\u00ed pln\u00e9 zodpov\u011bdnosti za ve\u0161ker\u00fd obsah, kter\u00fd bude na str\u00e1nk\u00e1ch Bezpe\u010dnostn\u00ed teorie a praxe vyd\u00e1v\u00e1n. P\u0159i tvorb\u011b co\u00a0nejhodnotn\u011bj\u0161\u00edho obsahu je vynakl\u00e1d\u00e1no maxim\u00e1ln\u00ed \u00fasil\u00ed k dosa\u017een\u00ed relevantn\u00edch pot\u0159eb na\u0161ich \u010dten\u00e1\u0159\u016f i autor\u016f. Snahou editor\u016f je \u010dasopis neust\u00e1le posouvat dop\u0159edu a zaji\u0161\u0165ovat st\u00e1le v\u011bt\u0161\u00ed kvalitu publikovan\u00fdch p\u0159\u00edsp\u011bvk\u016f. Vydavatel\u00e9 se \u0159\u00edd\u00ed akademick\u00fdmi hodnotami a p\u0159i sv\u00e9 pr\u00e1ci se zasazuj\u00ed o dodr\u017eov\u00e1n\u00ed svobody projevu, proto dbaj\u00ed na to, aby etick\u00e9 a intelektu\u00e1ln\u00ed standardy byly up\u0159ednost\u0148ov\u00e1ny p\u0159ed obchodn\u00edmi z\u00e1jmy. V p\u0159\u00edpad\u011b pot\u0159eby jsou ochotni uve\u0159ej\u0148ovat pot\u0159ebn\u00e9 zm\u011bny a\u00a0\u00fapravy, omluvy \u010di odvol\u00e1n\u00ed.<\/p>\n<p>O ve\u0161ker\u00fdch zp\u016fsobech finan\u010dn\u00ed \u010di jin\u00e9 podpory t\u00fdkaj\u00edc\u00ed se v\u00fdstup\u016f z v\u011bdecko-v\u00fdzkumn\u00e9 \u010dinnosti jsou \u010dten\u00e1\u0159i informov\u00e1ni prost\u0159ednictv\u00edm prohl\u00e1\u0161en\u00ed\/pod\u011bkov\u00e1n\u00ed, kter\u00e9 je sou\u010d\u00e1st\u00ed \u010dl\u00e1nku.<\/p>\n<p>Ve vztahu k autor\u016fm se vydavatel\u00e9 zavazuj\u00ed, \u017ee rozhodnut\u00ed o p\u0159ijet\u00ed \u010di odm\u00edtnut\u00ed \u010dl\u00e1nku bude vych\u00e1zet z p\u0159\u00ednosu a srozumitelnosti dan\u00e9ho p\u0159\u00edsp\u011bvku, a tak\u00e9 jeho validit\u011b a p\u0159\u00ednosu pro rozvoj \u010dasopisu. Sv\u00e1 rozhodnut\u00ed o p\u0159ijet\u00ed \u010dl\u00e1nku vydavatel\u00e9 m\u011bn\u00ed pouze v p\u0159\u00edpad\u011b, \u017ee dojde ke zji\u0161t\u011bn\u00ed z\u00e1va\u017en\u00fdch probl\u00e9m\u016f s p\u0159\u00edsp\u011bvkem. Hodnocen\u00ed text\u016f mus\u00ed b\u00fdt v souladu s pravidly p\u0159ijat\u00fdmi redak\u010dn\u00ed radou \u010dasopisu.<\/p>\n<p>Redakce uve\u0159ej\u0148uje pokyny, kter\u00fdmi jsou auto\u0159i povinni se \u0159\u00eddit. Tyto pokyny jsou v souladu s\u00a0etick\u00fdmi z\u00e1sadami, jak jsou zde prezentov\u00e1ny.<\/p>\n<p>Ve vztahu k recenzent\u016fm se vydavatel\u00e9\/edito\u0159i zavazuj\u00ed zajistit, \u017ee recenzent\u016fm bude srozumitelnou formou sd\u011bleno, jak\u00e1 je povaha \u00fakol\u016f, kter\u00e9 se od nich o\u010dek\u00e1vaj\u00ed. Za samoz\u0159ejmost se pova\u017euje nutnost zach\u00e1zet s poskytnut\u00fdmi informacemi d\u016fv\u011brn\u011b. Recenzenti jsou povinni ozn\u00e1mit sv\u00e9 p\u0159\u00edpadn\u00e9 konflikty z\u00e1jm\u016f. Vz\u00e1jemn\u00e1 identita recenzent\u016f a autor\u016f je utajena.<\/p>\n<p>\u010clenov\u00e9 redak\u010dn\u00ed rady se \u0159\u00edd\u00ed platn\u00fdm statutem redak\u010dn\u00ed rady, kter\u00fd mj. upravuje jejich pr\u00e1va a\u00a0povinnosti.<\/p>\n<p>Redakce \u010dasopisu se star\u00e1 o to, aby recenzn\u00ed \u0159\u00edzen\u00ed bylo spravedliv\u00e9, nestrann\u00e9 a uskute\u010d\u0148ovalo se bez zbyte\u010dn\u00fdch prodlev. Se v\u0161emi materi\u00e1ly zaslan\u00fdmi k\u00a0recenzn\u00edmu \u0159\u00edzen\u00ed je p\u0159ed zve\u0159ejn\u011bn\u00edm fin\u00e1ln\u00edho \u010dl\u00e1nku zach\u00e1zeno jako s d\u016fv\u011brn\u00fdmi.<\/p>\n<p>Redakce se zavazuje p\u0159ijmout ve\u0161ker\u00e1 p\u0159im\u011b\u0159en\u00e1 opat\u0159en\u00ed k zaji\u0161t\u011bn\u00ed kvality zve\u0159ej\u0148ovan\u00fdch materi\u00e1l\u016f.<\/p>\n<p><strong>Neetick\u00e9 chov\u00e1n\u00ed<\/strong><\/p>\n<p>V p\u0159\u00edpad\u011b podez\u0159en\u00ed na proh\u0159e\u0161ek proti z\u00e1sad\u00e1m publika\u010dn\u00ed etiky \u2013 skute\u010dn\u011b zji\u0161t\u011bn\u00fd i domn\u011bl\u00fd \u2013 m\u00e1 redakce povinnost jednat. To se t\u00fdk\u00e1 ji\u017e publikovan\u00fdch \u010dl\u00e1nk\u016f i dosud nezve\u0159ejn\u011bn\u00fdch rukopis\u016f. V p\u0159\u00edpad\u011b opr\u00e1vn\u011bn\u00fdch obav z poru\u0161en\u00ed t\u011bchto z\u00e1sad nebude \u010dl\u00e1nek zve\u0159ejn\u011bn. Redakce se zavazuje p\u0159\u00edpadn\u00e9 probl\u00e9my \u0159e\u0161it nejprve s t\u011bmi, kter\u00fdch se p\u0159\u00edmo t\u00fdkaj\u00ed. Redakce by m\u011bla vynalo\u017eit ve\u0161ker\u00e9 \u00fasil\u00ed p\u0159im\u011b\u0159en\u00e9 z\u00e1va\u017enosti dan\u00e9 situace, aby zajistila \u0159\u00e1dn\u00e9 pro\u0161et\u0159en\u00ed podez\u0159en\u00ed z pochyben\u00ed.<\/p>\n<p>Chyby a nep\u0159esn\u00e9 nebo zav\u00e1d\u011bj\u00edc\u00ed \u00fadaje mus\u00ed b\u00fdt neprodlen\u011b a s n\u00e1le\u017eitou v\u00e1\u017enost\u00ed opraveny.<\/p>\n<p>Ot\u00e1zky ochrany du\u0161evn\u00edho vlastnictv\u00ed redakce vn\u00edm\u00e1 velmi citliv\u011b a zavazuje se spolupracovat se sv\u00fdm vydavatelem na \u0159e\u0161en\u00ed p\u0159\u00edpadn\u00fdch poru\u0161en\u00ed z\u00e1kon\u016f \u010di pr\u00e1vn\u00edch \u00famluv o du\u0161evn\u00edm vlastnictv\u00ed.<\/p>\n<p>Redakce se zavazuje, \u017ee na relevantn\u00ed st\u00ed\u017enosti bude reagovat neprodlen\u011b a\u00a0zajist\u00ed, aby nespokojen\u00ed st\u011b\u017eovatel\u00e9 m\u011bli mo\u017enost st\u00ed\u017enosti d\u00e1le \u0159e\u0161it. St\u011b\u017eovatel\u00e9 maj\u00ed pr\u00e1vo obracet se na editory \u010dasopisu. V p\u0159\u00edpad\u011b nespokojenosti s \u0159e\u0161en\u00edm situace ze strany editor\u016f maj\u00ed st\u011b\u017eovatel\u00e9 pr\u00e1vo obracet se na m\u00edstop\u0159edsedu, pota\u017emo p\u0159edsedu redak\u010dn\u00ed rady.<\/p>\n<p>\u010clenov\u00e9 redak\u010dn\u00ed rady i \u010dlenov\u00e9 redakce se zavazuj\u00ed, \u017ee sv\u016fj p\u0159\u00edpadn\u00fd konflikt z\u00e1jm\u016f ozn\u00e1m\u00ed relevantn\u00ed formou ostatn\u00edm tak, aby bylo nepochybn\u011b z\u0159ejm\u00e9, jak\u00fdm zp\u016fsobem by tento konflikt z\u00e1jm\u016f mohl ovlivnit jejich roli p\u0159i produkci obsahu \u010dasopisu<\/p>\n","protected":false},"excerpt":{"rendered":"<p>\u010casopis Bezpe\u010dnostn\u00ed teorie a praxe se \u0159\u00edd\u00ed pravidly publika\u010dn\u00ed etiky dle organizace COPE a je s\u00a0nimi v\u00a0pln\u00e9m souladu. \u0158\u00edd\u00edme se jej\u00edm etick\u00fdm kodexem a\u00a0jej\u00edmi pokyny pro osv\u011bd\u010den\u00e9 postupy. Vydavatel\u00e9\/edito\u0159i \u010dasopisu se zavazuj\u00ed k p\u0159ijet\u00ed pln\u00e9 zodpov\u011bdnosti za ve\u0161ker\u00fd obsah, kter\u00fd bude na str\u00e1nk\u00e1ch Bezpe\u010dnostn\u00ed teorie a praxe vyd\u00e1v\u00e1n. P\u0159i tvorb\u011b co\u00a0nejhodnotn\u011bj\u0161\u00edho obsahu je vynakl\u00e1d\u00e1no maxim\u00e1ln\u00ed [&hellip;]<\/p>\n","protected":false},"author":6,"featured_media":0,"parent":0,"menu_order":0,"comment_status":"closed","ping_status":"closed","template":"","meta":{"footnotes":""},"class_list":["post-7245","page","type-page","status-publish","hentry"],"_links":{"self":[{"href":"https:\/\/veda.polac.cz\/index.php?rest_route=\/wp\/v2\/pages\/7245","targetHints":{"allow":["GET"]}}],"collection":[{"href":"https:\/\/veda.polac.cz\/index.php?rest_route=\/wp\/v2\/pages"}],"about":[{"href":"https:\/\/veda.polac.cz\/index.php?rest_route=\/wp\/v2\/types\/page"}],"author":[{"embeddable":true,"href":"https:\/\/veda.polac.cz\/index.php?rest_route=\/wp\/v2\/users\/6"}],"replies":[{"embeddable":true,"href":"https:\/\/veda.polac.cz\/index.php?rest_route=%2Fwp%2Fv2%2Fcomments&post=7245"}],"version-history":[{"count":1,"href":"https:\/\/veda.polac.cz\/index.php?rest_route=\/wp\/v2\/pages\/7245\/revisions"}],"predecessor-version":[{"id":7246,"href":"https:\/\/veda.polac.cz\/index.php?rest_route=\/wp\/v2\/pages\/7245\/revisions\/7246"}],"wp:attachment":[{"href":"https:\/\/veda.polac.cz\/index.php?rest_route=%2Fwp%2Fv2%2Fmedia&parent=7245"}],"curies":[{"name":"wp","href":"https:\/\/api.w.org\/{rel}","templated":true}]}}