{"id":721,"date":"2018-09-13T19:22:48","date_gmt":"2018-09-13T19:22:48","guid":{"rendered":"http:\/\/veda.polac.cz\/?page_id=721"},"modified":"2018-10-27T19:02:54","modified_gmt":"2018-10-27T19:02:54","slug":"3-2","status":"publish","type":"page","link":"https:\/\/veda.polac.cz\/?page_id=721","title":{"rendered":""},"content":{"rendered":"<p style=\"text-align: center;\">Resum\u00e9 \u010dl\u00e1nku<\/p>\n<p><strong>Ov\u011b\u0159en\u00ed protikorup\u010dn\u00edho \u00fa\u010dinku zkou\u0161ky spolehlivosti &#8211; dotazn\u00edkov\u00e9 \u0161et\u0159en\u00ed<br \/>\n<\/strong><i>pplk. JUDr. Josef Hrudka, Ph.D., Fakulta bezpe\u010dnostn\u011b pr\u00e1vn\u00ed PA \u010cR v Praze, katedra policejn\u00edch \u010dinnost\u00ed<\/p>\n<p><\/i>Tento v\u011bdeck\u00fd \u010dl\u00e1nek je pokra\u010dov\u00e1n\u00edm v\u011bdeck\u00e9ho \u010dl\u00e1nku &#8222;Ov\u011b\u0159en\u00ed protikorup\u010dn\u00edho \u00fa\u010dinku zkou\u0161ky spolehlivosti &#8211; anal\u00fdza \u010dasov\u00fdch \u0159ad&#8220; a je v\u00fdstupem \u0159e\u0161en\u00ed d\u00edl\u010d\u00edho v\u011bdecko-v\u00fdzkumn\u00e9ho \u00fakolu Policejn\u00ed akademie \u010cesk\u00e9 republiky v Praze &#8222;Zkou\u0161ka spolehlivosti &#8211; explikace, aplikace, efektivita&#8220;, kter\u00fd se soust\u0159ed\u00ed na zkoum\u00e1n\u00ed preventivn\u00edch \u00fa\u010dink\u016f tzv. zkou\u0161ek spolehlivosti v \u010cesk\u00e9 republice. C\u00edlem zde prezentovan\u00fdch empirick\u00fdch v\u00fdzkumn\u00fdch krok\u016f je ov\u011b\u0159en\u00ed protikorup\u010dn\u00edho \u00fa\u010dinku zkou\u0161ky spolehlivosti, kdy tentokr\u00e1t zaujala \u00fast\u0159edn\u00ed m\u00edsto explorativn\u00ed metoda konkr\u00e9tn\u011b technika dotazov\u00e1n\u00ed a nestandardizovan\u00e9ho rozhovoru.<br \/>\n<strong>Kl\u00ed\u010dov\u00e1 slova:<\/strong>\u00a0zkou\u0161ka spolehlivosti, Gener\u00e1ln\u00ed inspekce bezpe\u010dnostn\u00edch sbor\u016f, korupce, protikorup\u010dn\u00ed \u00fa\u010dinek.<i><br \/>\n<\/i><\/p>\n<p><a href=\"https:\/\/veda.polac.cz\/?page_id=715\">01\/2015<\/a><\/p>\n","protected":false},"excerpt":{"rendered":"<p>Resum\u00e9 \u010dl\u00e1nku Ov\u011b\u0159en\u00ed protikorup\u010dn\u00edho \u00fa\u010dinku zkou\u0161ky spolehlivosti &#8211; dotazn\u00edkov\u00e9 \u0161et\u0159en\u00ed pplk. JUDr. Josef Hrudka, Ph.D., Fakulta bezpe\u010dnostn\u011b pr\u00e1vn\u00ed PA \u010cR v Praze, katedra policejn\u00edch \u010dinnost\u00ed Tento v\u011bdeck\u00fd \u010dl\u00e1nek je pokra\u010dov\u00e1n\u00edm v\u011bdeck\u00e9ho \u010dl\u00e1nku &#8222;Ov\u011b\u0159en\u00ed protikorup\u010dn\u00edho \u00fa\u010dinku zkou\u0161ky spolehlivosti &#8211; anal\u00fdza \u010dasov\u00fdch \u0159ad&#8220; a je v\u00fdstupem \u0159e\u0161en\u00ed d\u00edl\u010d\u00edho v\u011bdecko-v\u00fdzkumn\u00e9ho \u00fakolu Policejn\u00ed akademie \u010cesk\u00e9 republiky v Praze &#8222;Zkou\u0161ka [&hellip;]<\/p>\n","protected":false},"author":2,"featured_media":0,"parent":715,"menu_order":3,"comment_status":"closed","ping_status":"closed","template":"","meta":{"footnotes":""},"class_list":["post-721","page","type-page","status-publish","hentry"],"_links":{"self":[{"href":"https:\/\/veda.polac.cz\/index.php?rest_route=\/wp\/v2\/pages\/721","targetHints":{"allow":["GET"]}}],"collection":[{"href":"https:\/\/veda.polac.cz\/index.php?rest_route=\/wp\/v2\/pages"}],"about":[{"href":"https:\/\/veda.polac.cz\/index.php?rest_route=\/wp\/v2\/types\/page"}],"author":[{"embeddable":true,"href":"https:\/\/veda.polac.cz\/index.php?rest_route=\/wp\/v2\/users\/2"}],"replies":[{"embeddable":true,"href":"https:\/\/veda.polac.cz\/index.php?rest_route=%2Fwp%2Fv2%2Fcomments&post=721"}],"version-history":[{"count":2,"href":"https:\/\/veda.polac.cz\/index.php?rest_route=\/wp\/v2\/pages\/721\/revisions"}],"predecessor-version":[{"id":740,"href":"https:\/\/veda.polac.cz\/index.php?rest_route=\/wp\/v2\/pages\/721\/revisions\/740"}],"up":[{"embeddable":true,"href":"https:\/\/veda.polac.cz\/index.php?rest_route=\/wp\/v2\/pages\/715"}],"wp:attachment":[{"href":"https:\/\/veda.polac.cz\/index.php?rest_route=%2Fwp%2Fv2%2Fmedia&parent=721"}],"curies":[{"name":"wp","href":"https:\/\/api.w.org\/{rel}","templated":true}]}}