{"id":7170,"date":"2023-10-02T12:42:07","date_gmt":"2023-10-02T12:42:07","guid":{"rendered":"https:\/\/veda.polac.cz\/?page_id=7170"},"modified":"2023-10-02T12:42:07","modified_gmt":"2023-10-02T12:42:07","slug":"7170-2","status":"publish","type":"page","link":"https:\/\/veda.polac.cz\/?page_id=7170","title":{"rendered":""},"content":{"rendered":"<p style=\"text-align: center;\">Resum\u00e9 \u010dl\u00e1nku<\/p>\n<p><strong>Vybran\u00e9 aspekty z\u00e1kona o soukrom\u00e9 bezpe\u010dnostn\u00ed \u010dinnosti podnikaj\u00edc\u00edch osob<\/strong><\/p>\n<p><em>pplk. Mgr. Renata Jamelsk\u00e1, Policejn\u00ed akademie \u010cesk\u00e9 republiky v\u00a0Praze, fakulta bezpe\u010dnostn\u011b pr\u00e1vn\u00ed, katedra policejn\u00edch \u010dinnost\u00ed<\/em><\/p>\n<p>Oblast komer\u010dn\u00ed bezpe\u010dnosti vykazuje ur\u010dit\u00e9 specifick\u00e9 a zvl\u00e1\u0161tn\u00ed \u010dinnosti, kter\u00e9 nejsou nikde definovan\u00e9 a nelze je zam\u011b\u0148ovat za jin\u00e9 podnikatelsk\u00e9 obory \u2013 \u010dinnosti. \u010cl\u00e1nek se nezab\u00fdv\u00e1 jen anal\u00fdzou zji\u0161t\u011bn\u00fdch probl\u00e9m\u016f soukrom\u00e9 bezpe\u010dnostn\u00ed \u010dinnosti, ale poukazuje na pot\u0159ebnost kontroly, regulace a jasn\u011b stanoven\u00fdch pravidel jak pro z\u00edsk\u00e1n\u00ed licence v\u00a0tomto oboru, tak komplexn\u00edm v\u00fd\u010dtem povinnosti a opat\u0159en\u00ed p\u0159i v\u00fdkonu t\u011bchto \u010dinnost\u00ed. Soukrom\u00e1 bezpe\u010dnostn\u00ed \u010dinnost je \u00fastavou a dal\u0161\u00edmi z\u00e1kony zaru\u010den\u00e9 pr\u00e1vo pro fyzick\u00e9 a pr\u00e1vnick\u00e9 osoby br\u00e1nit sebe, sv\u016fj majetek a chr\u00e1nit st\u00e1tem zaru\u010den\u00e1 pr\u00e1va. Nov\u00fd n\u00e1vrh z\u00e1kona a jeho pr\u00e1vn\u00ed \u00faprava je v\u00a0souladu se z\u00e1sadami z\u00e1konnosti, legitimity a p\u0159im\u011b\u0159enosti a v\u00a0souladu s\u00a0\u00fastavn\u00edm po\u0159\u00e1dkem \u010cR a d\u00e1le v\u00a0souladu s\u00a0mezin\u00e1rodn\u00edmi smlouvami, kter\u00fdmi je \u010cesk\u00e1 republika v\u00e1z\u00e1na.<\/p>\n<p><strong>Kl\u00ed\u010dov\u00e1 slova:<\/strong> soukrom\u00e9 bezpe\u010dnostn\u00ed slu\u017eby, povinnosti, opat\u0159en\u00ed, licence, profesn\u00ed kvalifikace, sou\u010dasn\u00e1 anal\u00fdza bezpe\u010dnostn\u00edch slu\u017eeb, bezpe\u010dnostn\u00ed rada.<\/p>\n<hr \/>\n<p><a href=\"https:\/\/veda.polac.cz\/?page_id=7155\">Zp\u011bt<\/a><\/p>\n","protected":false},"excerpt":{"rendered":"<p>Resum\u00e9 \u010dl\u00e1nku Vybran\u00e9 aspekty z\u00e1kona o soukrom\u00e9 bezpe\u010dnostn\u00ed \u010dinnosti podnikaj\u00edc\u00edch osob pplk. Mgr. Renata Jamelsk\u00e1, Policejn\u00ed akademie \u010cesk\u00e9 republiky v\u00a0Praze, fakulta bezpe\u010dnostn\u011b pr\u00e1vn\u00ed, katedra policejn\u00edch \u010dinnost\u00ed Oblast komer\u010dn\u00ed bezpe\u010dnosti vykazuje ur\u010dit\u00e9 specifick\u00e9 a zvl\u00e1\u0161tn\u00ed \u010dinnosti, kter\u00e9 nejsou nikde definovan\u00e9 a nelze je zam\u011b\u0148ovat za jin\u00e9 podnikatelsk\u00e9 obory \u2013 \u010dinnosti. \u010cl\u00e1nek se nezab\u00fdv\u00e1 jen anal\u00fdzou zji\u0161t\u011bn\u00fdch [&hellip;]<\/p>\n","protected":false},"author":6,"featured_media":0,"parent":0,"menu_order":0,"comment_status":"closed","ping_status":"closed","template":"","meta":{"footnotes":""},"class_list":["post-7170","page","type-page","status-publish","hentry"],"_links":{"self":[{"href":"https:\/\/veda.polac.cz\/index.php?rest_route=\/wp\/v2\/pages\/7170","targetHints":{"allow":["GET"]}}],"collection":[{"href":"https:\/\/veda.polac.cz\/index.php?rest_route=\/wp\/v2\/pages"}],"about":[{"href":"https:\/\/veda.polac.cz\/index.php?rest_route=\/wp\/v2\/types\/page"}],"author":[{"embeddable":true,"href":"https:\/\/veda.polac.cz\/index.php?rest_route=\/wp\/v2\/users\/6"}],"replies":[{"embeddable":true,"href":"https:\/\/veda.polac.cz\/index.php?rest_route=%2Fwp%2Fv2%2Fcomments&post=7170"}],"version-history":[{"count":1,"href":"https:\/\/veda.polac.cz\/index.php?rest_route=\/wp\/v2\/pages\/7170\/revisions"}],"predecessor-version":[{"id":7171,"href":"https:\/\/veda.polac.cz\/index.php?rest_route=\/wp\/v2\/pages\/7170\/revisions\/7171"}],"wp:attachment":[{"href":"https:\/\/veda.polac.cz\/index.php?rest_route=%2Fwp%2Fv2%2Fmedia&parent=7170"}],"curies":[{"name":"wp","href":"https:\/\/api.w.org\/{rel}","templated":true}]}}