{"id":7168,"date":"2023-10-02T12:40:17","date_gmt":"2023-10-02T12:40:17","guid":{"rendered":"https:\/\/veda.polac.cz\/?page_id=7168"},"modified":"2023-10-02T12:40:17","modified_gmt":"2023-10-02T12:40:17","slug":"7168-2","status":"publish","type":"page","link":"https:\/\/veda.polac.cz\/?page_id=7168","title":{"rendered":""},"content":{"rendered":"<p style=\"text-align: center;\">Resum\u00e9 \u010d\u00edsla<\/p>\n<p><strong>Mo\u017en\u00e9 p\u0159\u00ed\u010diny n\u00e1siln\u00fdch trestn\u00fdch \u010din\u016f na z\u00e1klad\u011b zku\u0161enost\u00ed proba\u010dn\u00edho \u00fa\u0159edn\u00edka<\/strong><\/p>\n<p><em>Mate Hollosvolgyi, <\/em><em>Szombathely National\u00a0Prison, Hungary, <\/em><em>proba\u010dn\u00ed \u00fa\u0159edn\u00edk<\/em><\/p>\n<p>Po\u010det n\u00e1siln\u00fdch trestn\u00fdch \u010din\u016f vykazuje v\u00a0dom\u00e1c\u00edm kontextu klesaj\u00edc\u00ed tendenci, co\u017e je podle policie p\u0159isuzov\u00e1no odborn\u00e9mu zdokonalen\u00ed kriminalistick\u00e9 techniky a\u00a0efektivn\u011bj\u0161\u00edmu forenzn\u00edmu vy\u0161et\u0159ov\u00e1n\u00ed. N\u00edzk\u00e9 vzd\u011bl\u00e1n\u00ed a\u00a0soci\u00e1ln\u00ed postaven\u00ed, jako\u017e i\u00a0nedostate\u010dn\u00e1 rodi\u010dovsk\u00e1 p\u00e9\u010de a\u00a0v\u00fdchova pat\u0159\u00ed mezi hlavn\u00ed determinanty deviace a\u00a0n\u00e1siln\u00e9 trestn\u00e9 \u010dinnosti, z\u00a0nich\u017e lze vyvozovat a\u00a0odvozovat ve\u0161ker\u00e9 \u010diny, kter\u00e9 nejsou v\u00a0souladu se soci\u00e1ln\u00edmi normami. Ve sv\u00e9 studii zkoum\u00e1m p\u0159\u00ed\u010diny n\u00e1siln\u00fdch trestn\u00fdch \u010din\u016f na z\u00e1klad\u011b p\u0159ehledu literatury a\u00a0dostupn\u00fdch statistick\u00fdch \u00fadaj\u016f, jako\u017e i\u00a0prost\u0159ednictv\u00edm anal\u00fdzy vzd\u011bl\u00e1vac\u00edho z\u00e1zem\u00ed v\u011bz\u0148\u016f pod proba\u010dn\u00edm dohledem.<\/p>\n<p><strong>Kl\u00ed\u010dov\u00e1 slova:<\/strong> Probace, n\u00e1siln\u00e1 trestn\u00e1 \u010dinnost, \u00farove\u0148 vzd\u011bl\u00e1n\u00ed, deviace.<\/p>\n<hr \/>\n<p><a href=\"https:\/\/veda.polac.cz\/?page_id=7155\">Zp\u011bt<\/a><\/p>\n","protected":false},"excerpt":{"rendered":"<p>Resum\u00e9 \u010d\u00edsla Mo\u017en\u00e9 p\u0159\u00ed\u010diny n\u00e1siln\u00fdch trestn\u00fdch \u010din\u016f na z\u00e1klad\u011b zku\u0161enost\u00ed proba\u010dn\u00edho \u00fa\u0159edn\u00edka Mate Hollosvolgyi, Szombathely National\u00a0Prison, Hungary, proba\u010dn\u00ed \u00fa\u0159edn\u00edk Po\u010det n\u00e1siln\u00fdch trestn\u00fdch \u010din\u016f vykazuje v\u00a0dom\u00e1c\u00edm kontextu klesaj\u00edc\u00ed tendenci, co\u017e je podle policie p\u0159isuzov\u00e1no odborn\u00e9mu zdokonalen\u00ed kriminalistick\u00e9 techniky a\u00a0efektivn\u011bj\u0161\u00edmu forenzn\u00edmu vy\u0161et\u0159ov\u00e1n\u00ed. N\u00edzk\u00e9 vzd\u011bl\u00e1n\u00ed a\u00a0soci\u00e1ln\u00ed postaven\u00ed, jako\u017e i\u00a0nedostate\u010dn\u00e1 rodi\u010dovsk\u00e1 p\u00e9\u010de a\u00a0v\u00fdchova pat\u0159\u00ed mezi hlavn\u00ed determinanty deviace a\u00a0n\u00e1siln\u00e9 [&hellip;]<\/p>\n","protected":false},"author":6,"featured_media":0,"parent":0,"menu_order":0,"comment_status":"closed","ping_status":"closed","template":"","meta":{"footnotes":""},"class_list":["post-7168","page","type-page","status-publish","hentry"],"_links":{"self":[{"href":"https:\/\/veda.polac.cz\/index.php?rest_route=\/wp\/v2\/pages\/7168","targetHints":{"allow":["GET"]}}],"collection":[{"href":"https:\/\/veda.polac.cz\/index.php?rest_route=\/wp\/v2\/pages"}],"about":[{"href":"https:\/\/veda.polac.cz\/index.php?rest_route=\/wp\/v2\/types\/page"}],"author":[{"embeddable":true,"href":"https:\/\/veda.polac.cz\/index.php?rest_route=\/wp\/v2\/users\/6"}],"replies":[{"embeddable":true,"href":"https:\/\/veda.polac.cz\/index.php?rest_route=%2Fwp%2Fv2%2Fcomments&post=7168"}],"version-history":[{"count":1,"href":"https:\/\/veda.polac.cz\/index.php?rest_route=\/wp\/v2\/pages\/7168\/revisions"}],"predecessor-version":[{"id":7169,"href":"https:\/\/veda.polac.cz\/index.php?rest_route=\/wp\/v2\/pages\/7168\/revisions\/7169"}],"wp:attachment":[{"href":"https:\/\/veda.polac.cz\/index.php?rest_route=%2Fwp%2Fv2%2Fmedia&parent=7168"}],"curies":[{"name":"wp","href":"https:\/\/api.w.org\/{rel}","templated":true}]}}