{"id":7166,"date":"2023-10-02T12:36:15","date_gmt":"2023-10-02T12:36:15","guid":{"rendered":"https:\/\/veda.polac.cz\/?page_id=7166"},"modified":"2023-10-02T12:43:40","modified_gmt":"2023-10-02T12:43:40","slug":"7166-2","status":"publish","type":"page","link":"https:\/\/veda.polac.cz\/?page_id=7166","title":{"rendered":""},"content":{"rendered":"<p style=\"text-align: center;\">Resum\u00e9 \u010dl\u00e1nku<\/p>\n<p><strong>V\u00edzov\u00e1 digitalizace jako n\u00e1stroj bezpe\u010dnostn\u00ed praxe<\/strong><\/p>\n<p><em>JUDr. Miloslav Smetana, Policejn\u00ed akademie \u010cesk\u00e9 republiky v\u00a0Praze, fakulta bezpe\u010dnostn\u011b pr\u00e1vn\u00ed, katedra policejn\u00edch \u010dinnost\u00ed<\/em><\/p>\n<p>P\u0159edkl\u00e1dan\u00fd \u010dl\u00e1nek je pr\u00e1vn\u00ed anal\u00fdzou d\u00edl\u010d\u00edch v\u00fdsledk\u016f Evropsk\u00e9 unie dosa\u017een\u00fdch v\u00a0p\u0159ipravovan\u00e9m projektu v\u00edzov\u00e9 digitalizace, a\u00a0p\u0159edev\u0161\u00edm jeho dopad\u016f na zv\u00fd\u0161en\u00ed bezpe\u010dnostn\u00ed praxe prost\u0159ednictv\u00edm nov\u00e9ho zp\u016fsobu ud\u011blov\u00e1n\u00ed kr\u00e1tkodob\u00fdch schengensk\u00fdch v\u00edz. Byl zpracov\u00e1n v\u00a0r\u00e1mci v\u00fdzkumn\u00e9ho projektu programu Fakulty bezpe\u010dnostn\u011b pr\u00e1vn\u00ed Policejn\u00ed akademie \u010cesk\u00e9 republiky v\u00a0Praze pro rok 2017\u20132023 <em>\u201eAktu\u00e1ln\u00ed bezpe\u010dnostn\u00ed hrozby antropogenn\u00edho charakteru a\u00a0mo\u017enosti jejich eliminace\u201c<\/em> (v\u00fdzkumn\u00fd sm\u011br \u201e<em>Pot\u0159eby a\u00a0formy pos\u00edlen\u00ed kompetenc\u00ed a\u00a0spolupr\u00e1ce bezpe\u010dnostn\u00edch subjekt\u016f\u201c<\/em>). Konkr\u00e9tn\u011b se jedn\u00e1 o\u00a0v\u011bdeckov\u00fdzkumn\u00fd \u00fakol \u010d.\u00a03.1 s\u00a0n\u00e1zvem <em>\u201eAnal\u00fdza a\u00a0o\u010dek\u00e1van\u00fd v\u00fdvoj kompetenc\u00ed Policie \u010cesk\u00e9 republiky a\u00a0policejn\u011b bezpe\u010dnostn\u00edch subjekt\u016f ve vybran\u00fdch oblastech\u201c<\/em>. Nov\u011b p\u0159ipravovan\u00fd projekt pro ud\u011blov\u00e1n\u00ed digit\u00e1ln\u00edch v\u00edz by se m\u011bl st\u00e1t prost\u0159edkem k\u00a0zamezen\u00ed podvodn\u00fdch jedn\u00e1n\u00ed ve v\u00edzov\u00e9m procesu a\u00a0k\u00a0eliminaci ne\u017e\u00e1douc\u00ed (neregulovan\u00e9) migrace osob do Evropsk\u00e9ho prostoru. Jedn\u00e1 se o\u00a0ambici\u00f3zn\u00ed c\u00edl, jeho\u017e v\u00fdsledkem budou nov\u00e9 postupy v\u00a0re\u017eimu ud\u011blov\u00e1n\u00ed v\u00edz na konzul\u00e1rn\u00edch \u00fasec\u00edch zastupitelsk\u00fdch \u00fa\u0159ad\u016f \u010dlensk\u00fdch st\u00e1t\u016f ve t\u0159et\u00edch zem\u00edch, nov\u00e9 postupy policejn\u00edch (pohrani\u010dn\u00edch) org\u00e1n\u016f na vn\u011bj\u0161\u00edch schengensk\u00fdch hranic\u00edch a\u00a0\u00fatvar\u016f policie ve vnitrozem\u00ed schengensk\u00e9ho prostoru. P\u0159ipravovan\u00e9 zm\u011bny ovlivn\u00ed i\u00a0\u00fakoly pln\u011bn\u00e9 Polici\u00ed \u010cesk\u00e9 republiky, zejm\u00e9na \u00fakoly \u00fatvar\u016f slu\u017eby cizineck\u00e9 policie.<\/p>\n<p><strong>Kl\u00ed\u010dov\u00e1 slova: <\/strong>V\u00edzov\u00e1 digitalizace, kr\u00e1tkodob\u00e9 v\u00edzum, vn\u011bj\u0161\u00ed schengensk\u00e1 hranice, hrani\u010dn\u00ed kontrola, schengensk\u00fd prostor, konzul\u00e1rn\u00ed \u00fa\u0159ady, vnit\u0159n\u00ed bezpe\u010dnost, ve\u0159ejn\u00fd po\u0159\u00e1dek informa\u010dn\u00ed syst\u00e9m ETIAS, v\u00edzov\u00e1 platforma Evropsk\u00e9 unie.<\/p>\n<hr \/>\n<p><a href=\"https:\/\/veda.polac.cz\/?page_id=7155\">Zp\u011bt<\/a><\/p>\n","protected":false},"excerpt":{"rendered":"<p>Resum\u00e9 \u010dl\u00e1nku V\u00edzov\u00e1 digitalizace jako n\u00e1stroj bezpe\u010dnostn\u00ed praxe JUDr. Miloslav Smetana, Policejn\u00ed akademie \u010cesk\u00e9 republiky v\u00a0Praze, fakulta bezpe\u010dnostn\u011b pr\u00e1vn\u00ed, katedra policejn\u00edch \u010dinnost\u00ed P\u0159edkl\u00e1dan\u00fd \u010dl\u00e1nek je pr\u00e1vn\u00ed anal\u00fdzou d\u00edl\u010d\u00edch v\u00fdsledk\u016f Evropsk\u00e9 unie dosa\u017een\u00fdch v\u00a0p\u0159ipravovan\u00e9m projektu v\u00edzov\u00e9 digitalizace, a\u00a0p\u0159edev\u0161\u00edm jeho dopad\u016f na zv\u00fd\u0161en\u00ed bezpe\u010dnostn\u00ed praxe prost\u0159ednictv\u00edm nov\u00e9ho zp\u016fsobu ud\u011blov\u00e1n\u00ed kr\u00e1tkodob\u00fdch schengensk\u00fdch v\u00edz. Byl zpracov\u00e1n v\u00a0r\u00e1mci v\u00fdzkumn\u00e9ho projektu [&hellip;]<\/p>\n","protected":false},"author":6,"featured_media":0,"parent":0,"menu_order":0,"comment_status":"closed","ping_status":"closed","template":"","meta":{"footnotes":""},"class_list":["post-7166","page","type-page","status-publish","hentry"],"_links":{"self":[{"href":"https:\/\/veda.polac.cz\/index.php?rest_route=\/wp\/v2\/pages\/7166","targetHints":{"allow":["GET"]}}],"collection":[{"href":"https:\/\/veda.polac.cz\/index.php?rest_route=\/wp\/v2\/pages"}],"about":[{"href":"https:\/\/veda.polac.cz\/index.php?rest_route=\/wp\/v2\/types\/page"}],"author":[{"embeddable":true,"href":"https:\/\/veda.polac.cz\/index.php?rest_route=\/wp\/v2\/users\/6"}],"replies":[{"embeddable":true,"href":"https:\/\/veda.polac.cz\/index.php?rest_route=%2Fwp%2Fv2%2Fcomments&post=7166"}],"version-history":[{"count":2,"href":"https:\/\/veda.polac.cz\/index.php?rest_route=\/wp\/v2\/pages\/7166\/revisions"}],"predecessor-version":[{"id":7173,"href":"https:\/\/veda.polac.cz\/index.php?rest_route=\/wp\/v2\/pages\/7166\/revisions\/7173"}],"wp:attachment":[{"href":"https:\/\/veda.polac.cz\/index.php?rest_route=%2Fwp%2Fv2%2Fmedia&parent=7166"}],"curies":[{"name":"wp","href":"https:\/\/api.w.org\/{rel}","templated":true}]}}