{"id":7164,"date":"2023-10-02T12:34:04","date_gmt":"2023-10-02T12:34:04","guid":{"rendered":"https:\/\/veda.polac.cz\/?page_id=7164"},"modified":"2023-10-02T12:34:04","modified_gmt":"2023-10-02T12:34:04","slug":"7164-2","status":"publish","type":"page","link":"https:\/\/veda.polac.cz\/?page_id=7164","title":{"rendered":""},"content":{"rendered":"<p style=\"text-align: center;\">Resum\u00e9 \u010dl\u00e1nku<\/p>\n<p><strong>Gadsdenova vlajka a\u00a0jej\u00ed potenci\u00e1l pro pravicov\u00e9 extremisty<\/strong><\/p>\n<p><em>Mgr. Martin Zilvar, Masarykova univerzita, fakulta soci\u00e1ln\u00edch studi\u00ed, katedra politologie<br \/>\n<\/em><em>student doktorsk\u00e9ho studijn\u00edho programu<\/em><\/p>\n<p>\u010cl\u00e1nek prozkoum\u00e1v\u00e1 Gadsdenovu vlajku a\u00a0jej\u00ed potenci\u00e1l pro pravicov\u00e9 extremisty. Ve sv\u00e9m \u00favodu adresuje rozd\u00edly mezi evropsk\u00fdm a\u00a0americk\u00fdm p\u0159\u00edstupem k\u00a0extremismu. \u010cl\u00e1nek konceptualizuje denotaci a\u00a0konotace vlajky na z\u00e1klad\u011b anal\u00fdzy jej\u00edho historick\u00e9ho v\u00fdvoje, sou\u010dasn\u00e9ho vyu\u017eit\u00ed a\u00a0pozorov\u00e1n\u00ed t\u0159\u00ed vybran\u00fdch krajn\u011b pravicov\u00fdch shrom\u00e1\u017ed\u011bn\u00ed. Z\u00e1rove\u0148 p\u0159edstavuje definici extremistick\u00fdch symbol\u016f odvozenou z\u00a0existuj\u00edc\u00ed literatury; jej\u00ed \u010d\u00e1sti z\u00e1rove\u0148 slou\u017e\u00ed jako hodnot\u00edc\u00ed parametry. Ve sv\u00e9m z\u00e1v\u011bru diskutuje pozici Gadsdenovy vlajky mezi ostatn\u00edmi krajn\u011b pravicov\u00fdmi symboly.<\/p>\n<p><strong>Kl\u00ed\u010dov\u00e1 slova:<\/strong> Gadsdenova vlajka, extremistick\u00fd, symbol, krajn\u011b pravicov\u00fd, v\u00fdznam<\/p>\n<hr \/>\n<p><a href=\"https:\/\/veda.polac.cz\/?page_id=7155\">Zp\u011bt<\/a><\/p>\n","protected":false},"excerpt":{"rendered":"<p>Resum\u00e9 \u010dl\u00e1nku Gadsdenova vlajka a\u00a0jej\u00ed potenci\u00e1l pro pravicov\u00e9 extremisty Mgr. Martin Zilvar, Masarykova univerzita, fakulta soci\u00e1ln\u00edch studi\u00ed, katedra politologie student doktorsk\u00e9ho studijn\u00edho programu \u010cl\u00e1nek prozkoum\u00e1v\u00e1 Gadsdenovu vlajku a\u00a0jej\u00ed potenci\u00e1l pro pravicov\u00e9 extremisty. Ve sv\u00e9m \u00favodu adresuje rozd\u00edly mezi evropsk\u00fdm a\u00a0americk\u00fdm p\u0159\u00edstupem k\u00a0extremismu. \u010cl\u00e1nek konceptualizuje denotaci a\u00a0konotace vlajky na z\u00e1klad\u011b anal\u00fdzy jej\u00edho historick\u00e9ho v\u00fdvoje, sou\u010dasn\u00e9ho vyu\u017eit\u00ed [&hellip;]<\/p>\n","protected":false},"author":6,"featured_media":0,"parent":0,"menu_order":0,"comment_status":"closed","ping_status":"closed","template":"","meta":{"footnotes":""},"class_list":["post-7164","page","type-page","status-publish","hentry"],"_links":{"self":[{"href":"https:\/\/veda.polac.cz\/index.php?rest_route=\/wp\/v2\/pages\/7164","targetHints":{"allow":["GET"]}}],"collection":[{"href":"https:\/\/veda.polac.cz\/index.php?rest_route=\/wp\/v2\/pages"}],"about":[{"href":"https:\/\/veda.polac.cz\/index.php?rest_route=\/wp\/v2\/types\/page"}],"author":[{"embeddable":true,"href":"https:\/\/veda.polac.cz\/index.php?rest_route=\/wp\/v2\/users\/6"}],"replies":[{"embeddable":true,"href":"https:\/\/veda.polac.cz\/index.php?rest_route=%2Fwp%2Fv2%2Fcomments&post=7164"}],"version-history":[{"count":1,"href":"https:\/\/veda.polac.cz\/index.php?rest_route=\/wp\/v2\/pages\/7164\/revisions"}],"predecessor-version":[{"id":7165,"href":"https:\/\/veda.polac.cz\/index.php?rest_route=\/wp\/v2\/pages\/7164\/revisions\/7165"}],"wp:attachment":[{"href":"https:\/\/veda.polac.cz\/index.php?rest_route=%2Fwp%2Fv2%2Fmedia&parent=7164"}],"curies":[{"name":"wp","href":"https:\/\/api.w.org\/{rel}","templated":true}]}}