{"id":7159,"date":"2023-10-02T12:27:17","date_gmt":"2023-10-02T12:27:17","guid":{"rendered":"https:\/\/veda.polac.cz\/?page_id=7159"},"modified":"2023-10-02T12:27:17","modified_gmt":"2023-10-02T12:27:17","slug":"7159-2","status":"publish","type":"page","link":"https:\/\/veda.polac.cz\/?page_id=7159","title":{"rendered":""},"content":{"rendered":"<p style=\"text-align: center;\">Resum\u00e9 \u010dl\u00e1nku<\/p>\n<p><strong>Revize pr\u00e1vn\u00ed \u00fapravy st\u00e1tn\u00ed slu\u017eby<\/strong><\/p>\n<p><em>Mgr. Kate\u0159ina Bla\u017ekov\u00e1, Policejn\u00ed akademie \u010cesk\u00e9 republiky v Praze, fakulta bezpe\u010dnostn\u00edho managementu, katedra soukrom\u00e9ho pr\u00e1va<\/em><\/p>\n<p>P\u0159\u00edsp\u011bvek pojedn\u00e1v\u00e1 o\u00a0novele z\u00e1kona o\u00a0st\u00e1tn\u00ed slu\u017eb\u011b s\u00a0\u00fa\u010dinnost\u00ed od 1.\u00a01.\u00a02023 a\u00a0o\u00a0jej\u00edch dopadech, kter\u00e9 mohou ve sv\u00e9m d\u016fsledku ohrozit depolitizaci, efektivnost a\u00a0v\u00fdkonnost, transparentnost, profesionalitu a\u00a0stabilitu, a\u00a0t\u00edm i\u00a0p\u0159\u00edpadn\u011b naru\u0161it bezpe\u010dnost pr\u00e1vn\u00edho st\u00e1tu. Seznamuje \u010dten\u00e1\u0159e s\u00a0nejv\u00fdznamn\u011bj\u0161\u00edmi zm\u011bnami s\u00a0akcentem kladen\u00fdm na jejich pozitiva i\u00a0negativa. Novela z\u00e1kona obsahuje p\u0159\u00ednosn\u00e9 zm\u011bny, v\u010detn\u011b koncep\u010dn\u00edch my\u0161lenek, nicm\u00e9n\u011b bez vhodn\u011b zvolen\u00fdch implementa\u010dn\u00edch prost\u0159edk\u016f.<\/p>\n<p><strong>Kl\u00ed\u010dov\u00e1 slova: <\/strong>St\u00e1tn\u00ed slu\u017eba, slu\u017eebn\u00ed pom\u011br, n\u00e1m\u011bstek ministra, novela z\u00e1kona, st\u00e1tn\u00ed zam\u011bstnanec, slu\u017eebn\u00ed org\u00e1n.<\/p>\n<hr \/>\n<p><a href=\"https:\/\/veda.polac.cz\/?page_id=7155\">Zp\u011bt<\/a><\/p>\n","protected":false},"excerpt":{"rendered":"<p>Resum\u00e9 \u010dl\u00e1nku Revize pr\u00e1vn\u00ed \u00fapravy st\u00e1tn\u00ed slu\u017eby Mgr. Kate\u0159ina Bla\u017ekov\u00e1, Policejn\u00ed akademie \u010cesk\u00e9 republiky v Praze, fakulta bezpe\u010dnostn\u00edho managementu, katedra soukrom\u00e9ho pr\u00e1va P\u0159\u00edsp\u011bvek pojedn\u00e1v\u00e1 o\u00a0novele z\u00e1kona o\u00a0st\u00e1tn\u00ed slu\u017eb\u011b s\u00a0\u00fa\u010dinnost\u00ed od 1.\u00a01.\u00a02023 a\u00a0o\u00a0jej\u00edch dopadech, kter\u00e9 mohou ve sv\u00e9m d\u016fsledku ohrozit depolitizaci, efektivnost a\u00a0v\u00fdkonnost, transparentnost, profesionalitu a\u00a0stabilitu, a\u00a0t\u00edm i\u00a0p\u0159\u00edpadn\u011b naru\u0161it bezpe\u010dnost pr\u00e1vn\u00edho st\u00e1tu. Seznamuje \u010dten\u00e1\u0159e s\u00a0nejv\u00fdznamn\u011bj\u0161\u00edmi zm\u011bnami [&hellip;]<\/p>\n","protected":false},"author":6,"featured_media":0,"parent":0,"menu_order":0,"comment_status":"closed","ping_status":"closed","template":"","meta":{"footnotes":""},"class_list":["post-7159","page","type-page","status-publish","hentry"],"_links":{"self":[{"href":"https:\/\/veda.polac.cz\/index.php?rest_route=\/wp\/v2\/pages\/7159","targetHints":{"allow":["GET"]}}],"collection":[{"href":"https:\/\/veda.polac.cz\/index.php?rest_route=\/wp\/v2\/pages"}],"about":[{"href":"https:\/\/veda.polac.cz\/index.php?rest_route=\/wp\/v2\/types\/page"}],"author":[{"embeddable":true,"href":"https:\/\/veda.polac.cz\/index.php?rest_route=\/wp\/v2\/users\/6"}],"replies":[{"embeddable":true,"href":"https:\/\/veda.polac.cz\/index.php?rest_route=%2Fwp%2Fv2%2Fcomments&post=7159"}],"version-history":[{"count":1,"href":"https:\/\/veda.polac.cz\/index.php?rest_route=\/wp\/v2\/pages\/7159\/revisions"}],"predecessor-version":[{"id":7161,"href":"https:\/\/veda.polac.cz\/index.php?rest_route=\/wp\/v2\/pages\/7159\/revisions\/7161"}],"wp:attachment":[{"href":"https:\/\/veda.polac.cz\/index.php?rest_route=%2Fwp%2Fv2%2Fmedia&parent=7159"}],"curies":[{"name":"wp","href":"https:\/\/api.w.org\/{rel}","templated":true}]}}