{"id":7157,"date":"2023-10-02T12:25:08","date_gmt":"2023-10-02T12:25:08","guid":{"rendered":"https:\/\/veda.polac.cz\/?page_id=7157"},"modified":"2023-10-02T12:25:08","modified_gmt":"2023-10-02T12:25:08","slug":"7157-2","status":"publish","type":"page","link":"https:\/\/veda.polac.cz\/?page_id=7157","title":{"rendered":""},"content":{"rendered":"<p style=\"text-align: center;\">Resum\u00e9 \u010dl\u00e1nku<\/p>\n<p><strong>Ochrana ekonomiky pred krimin\u00e1lnym konan\u00edm<\/strong><\/p>\n<p><em>prof. Ing. Miroslav Liso\u0148, PhD., pplk. doc. JUDr. Monika Hullov\u00e1, PhD. Akad\u00e9mia policajn\u00e9ho zboru Bratislava, katedra krimin\u00e1ln\u00ed policie<\/em><\/p>\n<p>Autori v\u00a0predkladanom poznan\u00ed zd\u00f4raz\u0148uj\u00fa, \u017ee realita najefekt\u00edvnej\u0161ej organiz\u00e1cie ochrany ekonomiky pred kriminalitou je tak\u00e1, \u017ee sa st\u00e1le mus\u00ed nach\u00e1dza\u0165 vo v\u00fdvoji. T\u00fato skuto\u010dnos\u0165 re\u0161pektuj\u00fa pri vypracovan\u00ed charakterist\u00edk hrozieb a\u00a0riz\u00edk, ktor\u00e9 s\u00fa sp\u00e1jan\u00e9 s\u00a0kriminalitou v\u00a0ekonomike, osobitne pri spracovan\u00ed koncepci\u00ed, ktor\u00e9 s\u00fa vyu\u017eite\u013en\u00e9 pri zabezpe\u010dovan\u00ed ochrany ekonomiky pred p\u00e1chan\u00fdmi a\u00a0sp\u00e1chan\u00fdmi trestn\u00fdmi \u010dinmi.<\/p>\n<p><strong>K\u013e\u00fa\u010dov\u00e9 slov\u00e1: <\/strong>Ekonomika, ochrana ekonomiky, kriminalita v\u00a0ekonomike, kriminalita bielych golierov, finan\u010dn\u00e1 kriminalita, bezpe\u010dnos\u0165, riziko, anal\u00fdza riz\u00edk, koncepcia.<\/p>\n<hr \/>\n<p><a href=\"https:\/\/veda.polac.cz\/?page_id=7155\">Zp\u011bt<\/a><\/p>\n","protected":false},"excerpt":{"rendered":"<p>Resum\u00e9 \u010dl\u00e1nku Ochrana ekonomiky pred krimin\u00e1lnym konan\u00edm prof. Ing. Miroslav Liso\u0148, PhD., pplk. doc. JUDr. Monika Hullov\u00e1, PhD. Akad\u00e9mia policajn\u00e9ho zboru Bratislava, katedra krimin\u00e1ln\u00ed policie Autori v\u00a0predkladanom poznan\u00ed zd\u00f4raz\u0148uj\u00fa, \u017ee realita najefekt\u00edvnej\u0161ej organiz\u00e1cie ochrany ekonomiky pred kriminalitou je tak\u00e1, \u017ee sa st\u00e1le mus\u00ed nach\u00e1dza\u0165 vo v\u00fdvoji. T\u00fato skuto\u010dnos\u0165 re\u0161pektuj\u00fa pri vypracovan\u00ed charakterist\u00edk hrozieb a\u00a0riz\u00edk, ktor\u00e9 [&hellip;]<\/p>\n","protected":false},"author":6,"featured_media":0,"parent":0,"menu_order":0,"comment_status":"closed","ping_status":"closed","template":"","meta":{"footnotes":""},"class_list":["post-7157","page","type-page","status-publish","hentry"],"_links":{"self":[{"href":"https:\/\/veda.polac.cz\/index.php?rest_route=\/wp\/v2\/pages\/7157","targetHints":{"allow":["GET"]}}],"collection":[{"href":"https:\/\/veda.polac.cz\/index.php?rest_route=\/wp\/v2\/pages"}],"about":[{"href":"https:\/\/veda.polac.cz\/index.php?rest_route=\/wp\/v2\/types\/page"}],"author":[{"embeddable":true,"href":"https:\/\/veda.polac.cz\/index.php?rest_route=\/wp\/v2\/users\/6"}],"replies":[{"embeddable":true,"href":"https:\/\/veda.polac.cz\/index.php?rest_route=%2Fwp%2Fv2%2Fcomments&post=7157"}],"version-history":[{"count":1,"href":"https:\/\/veda.polac.cz\/index.php?rest_route=\/wp\/v2\/pages\/7157\/revisions"}],"predecessor-version":[{"id":7158,"href":"https:\/\/veda.polac.cz\/index.php?rest_route=\/wp\/v2\/pages\/7157\/revisions\/7158"}],"wp:attachment":[{"href":"https:\/\/veda.polac.cz\/index.php?rest_route=%2Fwp%2Fv2%2Fmedia&parent=7157"}],"curies":[{"name":"wp","href":"https:\/\/api.w.org\/{rel}","templated":true}]}}