{"id":7155,"date":"2023-10-02T08:19:49","date_gmt":"2023-10-02T08:19:49","guid":{"rendered":"https:\/\/veda.polac.cz\/?page_id=7155"},"modified":"2023-11-02T13:25:22","modified_gmt":"2023-11-02T13:25:22","slug":"03-2023","status":"publish","type":"page","link":"https:\/\/veda.polac.cz\/?page_id=7155","title":{"rendered":"03\/2023"},"content":{"rendered":"<p><strong><a href=\"https:\/\/veda.polac.cz\/?page_id=7157\">Ochrana ekonomiky pred krimin\u00e1lnym konan\u00edm<\/a><br \/>\n<\/strong>prof. Ing. Miroslav Liso\u0148, PhD., pplk. doc. JUDr. Monika Hullov\u00e1, PhD.,<br \/>\nAkad\u00e9mia Policajn\u00e9ho zboru v\u00a0Bratislave, katedra krimin\u00e1lnej pol\u00edcie<\/p>\n<p><a href=\"https:\/\/veda.polac.cz\/wp-content\/uploads\/2023\/11\/Ochrana-ekonomiky-pred-kriminalnym-konanim.pdf\" target=\"_blank\" rel=\"noopener\">pdf form\u00e1t<\/a><\/p>\n<hr \/>\n<p><a href=\"https:\/\/veda.polac.cz\/?page_id=7159\"><strong>Revize pr\u00e1vn\u00ed \u00fapravy st\u00e1tn\u00ed slu\u017eby<\/strong><\/a><br \/>\nMgr. Kate\u0159ina Bla\u017ekov\u00e1, Policejn\u00ed akademie \u010cesk\u00e9 republiky v Praze,<br \/>\nFakulta bezpe\u010dnostn\u00edho managementu, katedra soukrom\u00e9ho pr\u00e1va<\/p>\n<p><a href=\"https:\/\/veda.polac.cz\/wp-content\/uploads\/2023\/11\/Revize-pravni-upravy-statni-sluzby.pdf\" target=\"_blank\" rel=\"noopener\">pdf form\u00e1t<\/a><\/p>\n<hr \/>\n<p><a href=\"https:\/\/veda.polac.cz\/?page_id=7162\"><strong>Vn\u00edmanie teroristick\u00fdch \u00fatokov mlad\u00fdmi \u013eu\u010fmi ako s\u00fa\u010das\u0165 kvality \u017eivota na Slovensku<\/strong><\/a><br \/>\nIng. Jozef Kub\u00e1s, PhD., \u017dilinsk\u00e1 univerzita v \u017dilin\u011b,<br \/>\nFakulta bezpe\u010dnostn\u00edho in\u017een\u00fdrstv\u00ed, katedra krizov\u00e9ho \u0159\u00edzen\u00ed<br \/>\nBc. Boris Koll\u00e1r, \u017dilinsk\u00e1 univerzita v \u017dilin\u011b,<br \/>\nFakulta bezpe\u010dnostn\u00edho in\u017een\u00fdrstsv\u00ed, katedra krizov\u00e9ho \u0159\u00edzen\u00ed, student<\/p>\n<p><a href=\"https:\/\/veda.polac.cz\/wp-content\/uploads\/2023\/11\/Vnimanie-teroristickych-utokov-mladymi-ludmi-ako-sucast-kvality-zivota-na-Slovensku.pdf\" target=\"_blank\" rel=\"noopener\">pdf form\u00e1t<\/a><\/p>\n<hr \/>\n<p><a href=\"https:\/\/veda.polac.cz\/?page_id=7164\"><strong>Gadsdenova vlajka a jej\u00ed potenci\u00e1l pro pravicov\u00e9 extremisty<\/strong><\/a><br \/>\nMgr. Martin Zilvar, Masarykova univerzita, Fakulta soci\u00e1ln\u00edch studi\u00ed,<br \/>\nkatedra politologie<\/p>\n<p><a href=\"https:\/\/veda.polac.cz\/wp-content\/uploads\/2023\/11\/Gadsdenova-vlajka-a-jeji-potencial-pro-pravicove-extremisty.pdf\" target=\"_blank\" rel=\"noopener\">pdf form\u00e1t<\/a><\/p>\n<hr \/>\n<p><a href=\"https:\/\/veda.polac.cz\/?page_id=7166\"><strong>V\u00edzov\u00e1 digitalizace jako n\u00e1stroj bezpe\u010dnostn\u00ed praxe<\/strong><\/a><br \/>\nJUDr. Miloslav Smetana. Policejn\u00ed akademie \u010cesk\u00e9 republiky v Praze,<br \/>\nFakulta bezpe\u010dnostn\u011b pr\u00e1vn\u00ed, katedra policejn\u00edch \u010dinnost\u00ed<\/p>\n<p><a href=\"https:\/\/veda.polac.cz\/wp-content\/uploads\/2023\/11\/Vizova-digitalizace-jako-nastroj-bezpecnostni-praxe.pdf\" target=\"_blank\" rel=\"noopener\">pdf form\u00e1t<\/a><\/p>\n<hr \/>\n<p><a href=\"https:\/\/veda.polac.cz\/?page_id=7168\"><strong>Mo\u017en\u00e9 p\u0159\u00ed\u010diny n\u00e1siln\u00fdch trestn\u00fdch \u010din\u016f na z\u00e1klad\u011b zku\u0161enost\u00ed proba\u010dn\u00edho \u00fa\u0159edn\u00edka<\/strong><\/a><br \/>\nMate Hollosvolgyi, Szombathely, n\u00e1rodn\u00ed v\u011bznice, proba\u010dn\u00ed \u00fa\u0159edn\u00edk<\/p>\n<p><a href=\"https:\/\/veda.polac.cz\/wp-content\/uploads\/2023\/11\/Mozne-priciny-nasilnych-trestnych-cinu-na-zaklade-zkusenosti-probacniho-urednika.pdf\" target=\"_blank\" rel=\"noopener\">pdf form\u00e1t<\/a><\/p>\n<hr \/>\n<p><a href=\"https:\/\/veda.polac.cz\/?page_id=7170\"><strong>Vybran\u00e9 aspekty z\u00e1kona o soukrom\u00e9 bezpe\u010dnostn\u00ed \u010dinnosti podnikaj\u00edc\u00edch osob<\/strong><\/a><br \/>\npplk. Mgr Renata Jamelsk\u00e1, Policejn\u00ed akademie \u010cesk\u00e9 republiky v Praze,<br \/>\nFakulta bezpe\u010dnostn\u011b pr\u00e1vn\u00ed, katedra policejn\u00edch \u010dinnost\u00ed<\/p>\n<p><a href=\"https:\/\/veda.polac.cz\/wp-content\/uploads\/2023\/11\/Vybrane-aspekty-zakona-o-soukrome-bezpecnostni-cinnosti-podnikajicich-osob.pdf\" target=\"_blank\" rel=\"noopener\">pdf form\u00e1t<\/a><\/p>\n<hr \/>\n","protected":false},"excerpt":{"rendered":"<p>Ochrana ekonomiky pred krimin\u00e1lnym konan\u00edm prof. Ing. Miroslav Liso\u0148, PhD., pplk. doc. JUDr. Monika Hullov\u00e1, PhD., Akad\u00e9mia Policajn\u00e9ho zboru v\u00a0Bratislave, katedra krimin\u00e1lnej pol\u00edcie pdf form\u00e1t Revize pr\u00e1vn\u00ed \u00fapravy st\u00e1tn\u00ed slu\u017eby Mgr. Kate\u0159ina Bla\u017ekov\u00e1, Policejn\u00ed akademie \u010cesk\u00e9 republiky v Praze, Fakulta bezpe\u010dnostn\u00edho managementu, katedra soukrom\u00e9ho pr\u00e1va pdf form\u00e1t Vn\u00edmanie teroristick\u00fdch \u00fatokov mlad\u00fdmi \u013eu\u010fmi ako s\u00fa\u010das\u0165 kvality [&hellip;]<\/p>\n","protected":false},"author":6,"featured_media":0,"parent":0,"menu_order":0,"comment_status":"closed","ping_status":"closed","template":"","meta":{"footnotes":""},"class_list":["post-7155","page","type-page","status-publish","hentry"],"_links":{"self":[{"href":"https:\/\/veda.polac.cz\/index.php?rest_route=\/wp\/v2\/pages\/7155","targetHints":{"allow":["GET"]}}],"collection":[{"href":"https:\/\/veda.polac.cz\/index.php?rest_route=\/wp\/v2\/pages"}],"about":[{"href":"https:\/\/veda.polac.cz\/index.php?rest_route=\/wp\/v2\/types\/page"}],"author":[{"embeddable":true,"href":"https:\/\/veda.polac.cz\/index.php?rest_route=\/wp\/v2\/users\/6"}],"replies":[{"embeddable":true,"href":"https:\/\/veda.polac.cz\/index.php?rest_route=%2Fwp%2Fv2%2Fcomments&post=7155"}],"version-history":[{"count":8,"href":"https:\/\/veda.polac.cz\/index.php?rest_route=\/wp\/v2\/pages\/7155\/revisions"}],"predecessor-version":[{"id":7232,"href":"https:\/\/veda.polac.cz\/index.php?rest_route=\/wp\/v2\/pages\/7155\/revisions\/7232"}],"wp:attachment":[{"href":"https:\/\/veda.polac.cz\/index.php?rest_route=%2Fwp%2Fv2%2Fmedia&parent=7155"}],"curies":[{"name":"wp","href":"https:\/\/api.w.org\/{rel}","templated":true}]}}