{"id":715,"date":"2018-09-13T19:19:18","date_gmt":"2018-09-13T19:19:18","guid":{"rendered":"http:\/\/veda.polac.cz\/?page_id=715"},"modified":"2019-04-18T10:49:58","modified_gmt":"2019-04-18T10:49:58","slug":"01-2015","status":"publish","type":"page","link":"https:\/\/veda.polac.cz\/?page_id=715","title":{"rendered":"01\/2015"},"content":{"rendered":"<p><a href=\"https:\/\/veda.polac.cz\/?page_id=702\"><strong>Anal\u00fdza kointegrace vybran\u00fdch ro\u010dn\u00edch \u010dasov\u00fdch \u0159ad dopravn\u00ed nehodovosti v \u010cesk\u00e9 republice prost\u0159ednictv\u00edm model\u016f vektorov\u00e9 autoregrese (VAR)\u00a0<\/strong><\/a><br \/>\nDr. Zden\u011bk Kova\u0159\u00edk, CSc., pplk. JUDr. Ing. Marek Bla\u017eejovsk\u00fd, Ph.D.<\/p>\n<hr \/>\n<p><a href=\"https:\/\/veda.polac.cz\/?page_id=719\"><strong>Ov\u011b\u0159en\u00ed protikorup\u010dn\u00edho \u00fa\u010dinku zkou\u0161ky spolehlivosti &#8211; anal\u00fdza \u010dasov\u00fdch \u0159ad\u00a0<\/strong><\/a><br \/>\npplk. JUDr. Josef Hrudka, Ph.D.<\/p>\n<hr \/>\n<p><a href=\"https:\/\/veda.polac.cz\/?page_id=721\"><strong>Ov\u011b\u0159en\u00ed protikorup\u010dn\u00edho \u00fa\u010dinku zkou\u0161ky spolehlivosti &#8211; dotazn\u00edkov\u00e9 \u0161et\u0159en\u00ed\u00a0<\/strong><\/a><br \/>\npplk. JUDr. Josef Hrudka, Ph.D.<\/p>\n<hr \/>\n<p><a href=\"https:\/\/veda.polac.cz\/?page_id=723\"><strong>Anal\u00fdza faktor\u016f ovliv\u0148uj\u00edc\u00edch znalosti policist\u016f v oblasti detekce n\u00e1vykov\u00fdch l\u00e1tek v silni\u010dn\u00ed doprav\u011b\u00a0<\/strong><\/a><br \/>\npplk. JUDr. Ing. Marek Bla\u017eejovsk\u00fd, Ph.D., Dr. Zden\u011bk Kova\u0159\u00edk, CSc.<\/p>\n<hr \/>\n<p><a href=\"https:\/\/veda.polac.cz\/?page_id=725\"><strong>Zach\u00e1zen\u00ed s pachateli seniorsk\u00e9ho v\u011bku\u00a0<\/strong><\/a><br \/>\npplk. PhDr. JUDr. Jana Firstov\u00e1, Ph.D.<\/p>\n<hr \/>\n<p><a href=\"https:\/\/veda.polac.cz\/?page_id=727\"><strong>\u00darove\u0148 vzd\u011blanosti osob ve v\u00fdkonu trestu odn\u011bt\u00ed svobody\u00a0<\/strong><\/a><br \/>\nMgr. Eva Biedermanov\u00e1<\/p>\n<hr \/>\n<p><a href=\"https:\/\/veda.polac.cz\/?page_id=729\"><strong>Volebn\u00e9 n\u00e1silie v priestore kraj\u00edn strednej a v\u00fdchodnej Eur\u00f3py\u00a0<\/strong><\/a><br \/>\nMgr. et. Mgr. Michal Moch\u0165ak<\/p>\n<hr \/>\n<p><a href=\"https:\/\/veda.polac.cz\/?page_id=731\"><strong>Nov\u00e1 mezin\u00e1rodn\u00ed doporu\u010den\u00ed proti legalizaci v\u00fdnos\u016f z trestn\u00e9 \u010dinnosti\u00a0<\/strong><\/a><br \/>\nIng. Miroslav \u010cervenka<\/p>\n<hr \/>\n<p><a href=\"https:\/\/veda.polac.cz\/?page_id=733\"><strong>Aktu\u00e1ln\u00ed ot\u00e1zky v\u011bze\u0148stv\u00ed\u00a0<\/strong><\/a><br \/>\npplk. PhDr. JUDr. Jana Firstov\u00e1, Ph.D., prof. PhDr. Pavel M\u00fchlpachr, Ph.D., PhDr. Jan Soch\u016frek, Ph.D.<\/p>\n<hr \/>\n<p><a href=\"https:\/\/veda.polac.cz\/?page_id=235\">Zp\u011bt<\/a><\/p>\n","protected":false},"excerpt":{"rendered":"<p>Anal\u00fdza kointegrace vybran\u00fdch ro\u010dn\u00edch \u010dasov\u00fdch \u0159ad dopravn\u00ed nehodovosti v \u010cesk\u00e9 republice prost\u0159ednictv\u00edm model\u016f vektorov\u00e9 autoregrese (VAR)\u00a0 Dr. Zden\u011bk Kova\u0159\u00edk, CSc., pplk. JUDr. Ing. Marek Bla\u017eejovsk\u00fd, Ph.D. Ov\u011b\u0159en\u00ed protikorup\u010dn\u00edho \u00fa\u010dinku zkou\u0161ky spolehlivosti &#8211; anal\u00fdza \u010dasov\u00fdch \u0159ad\u00a0 pplk. JUDr. Josef Hrudka, Ph.D. Ov\u011b\u0159en\u00ed protikorup\u010dn\u00edho \u00fa\u010dinku zkou\u0161ky spolehlivosti &#8211; dotazn\u00edkov\u00e9 \u0161et\u0159en\u00ed\u00a0 pplk. JUDr. Josef Hrudka, Ph.D. Anal\u00fdza faktor\u016f [&hellip;]<\/p>\n","protected":false},"author":2,"featured_media":0,"parent":235,"menu_order":8,"comment_status":"closed","ping_status":"closed","template":"","meta":{"footnotes":""},"class_list":["post-715","page","type-page","status-publish","hentry"],"_links":{"self":[{"href":"https:\/\/veda.polac.cz\/index.php?rest_route=\/wp\/v2\/pages\/715","targetHints":{"allow":["GET"]}}],"collection":[{"href":"https:\/\/veda.polac.cz\/index.php?rest_route=\/wp\/v2\/pages"}],"about":[{"href":"https:\/\/veda.polac.cz\/index.php?rest_route=\/wp\/v2\/types\/page"}],"author":[{"embeddable":true,"href":"https:\/\/veda.polac.cz\/index.php?rest_route=\/wp\/v2\/users\/2"}],"replies":[{"embeddable":true,"href":"https:\/\/veda.polac.cz\/index.php?rest_route=%2Fwp%2Fv2%2Fcomments&post=715"}],"version-history":[{"count":3,"href":"https:\/\/veda.polac.cz\/index.php?rest_route=\/wp\/v2\/pages\/715\/revisions"}],"predecessor-version":[{"id":2640,"href":"https:\/\/veda.polac.cz\/index.php?rest_route=\/wp\/v2\/pages\/715\/revisions\/2640"}],"up":[{"embeddable":true,"href":"https:\/\/veda.polac.cz\/index.php?rest_route=\/wp\/v2\/pages\/235"}],"wp:attachment":[{"href":"https:\/\/veda.polac.cz\/index.php?rest_route=%2Fwp%2Fv2%2Fmedia&parent=715"}],"curies":[{"name":"wp","href":"https:\/\/api.w.org\/{rel}","templated":true}]}}