{"id":7118,"date":"2023-06-27T09:10:16","date_gmt":"2023-06-27T09:10:16","guid":{"rendered":"https:\/\/veda.polac.cz\/?page_id=7118"},"modified":"2023-06-27T09:10:16","modified_gmt":"2023-06-27T09:10:16","slug":"7118-2","status":"publish","type":"page","link":"https:\/\/veda.polac.cz\/?page_id=7118","title":{"rendered":""},"content":{"rendered":"<p style=\"text-align: center;\">Resum\u00e9 \u010dl\u00e1nku<\/p>\n<p><strong>Probl\u00e9my deradikaliza\u010dn\u00edch program\u016f ve Spojen\u00e9m kr\u00e1lovstv\u00ed<\/strong><\/p>\n<p><em>Bc. Karol\u00edna Kobrov\u00e1, Bc. Petr Ho\u0161ek, Masarykova univerzita, katedra politologie, studenti magistersk\u00e9ho oboru Bezpe\u010dnostn\u00ed a strategick\u00e1 studia<\/em><\/p>\n<p>Tento \u010dl\u00e1nek se zab\u00fdv\u00e1 probl\u00e9my, kter\u00e9 p\u0159edstavuj\u00ed nebo mohou p\u0159edstavovat extr\u00e9mist\u00e9 \u2013 ti, kte\u0159\u00ed pro\u0161li deradikaliza\u010dn\u00edmi programy nebo ti, kte\u0159\u00ed do nich byli pouze navrhnuti nebo jejich sou\u010d\u00e1st\u00ed nikdy nebyli. Nejd\u0159\u00edve je pops\u00e1na strategie CONTEST, p\u0159esn\u011bji tak\u00e9 program Prevent. V\u00a0dal\u0161\u00ed \u010d\u00e1sti je pops\u00e1no p\u011bt p\u0159\u00edpad\u016f \u00fatok\u016f extremist\u016f na jejich z\u00e1klad\u011b jsou pot\u00e9 identifikov\u00e1ny nedostatky programu Prevent a hrozby a\u00a0probl\u00e9my, kter\u00e9 tito extremist\u00e9 p\u0159edstavuj\u00ed.<\/p>\n<p><strong>Kl\u00ed\u010dov\u00e1 slova: <\/strong>Radikalizace, de-radikaliza\u010dn\u00ed programy, extremistick\u00e9 ideologie, extremismus, terorismus, teroristick\u00e1 recidiva.<\/p>\n<hr \/>\n<p><a href=\"https:\/\/veda.polac.cz\/?page_id=7101\">Zp\u011bt<\/a><\/p>\n","protected":false},"excerpt":{"rendered":"<p>Resum\u00e9 \u010dl\u00e1nku Probl\u00e9my deradikaliza\u010dn\u00edch program\u016f ve Spojen\u00e9m kr\u00e1lovstv\u00ed Bc. Karol\u00edna Kobrov\u00e1, Bc. Petr Ho\u0161ek, Masarykova univerzita, katedra politologie, studenti magistersk\u00e9ho oboru Bezpe\u010dnostn\u00ed a strategick\u00e1 studia Tento \u010dl\u00e1nek se zab\u00fdv\u00e1 probl\u00e9my, kter\u00e9 p\u0159edstavuj\u00ed nebo mohou p\u0159edstavovat extr\u00e9mist\u00e9 \u2013 ti, kte\u0159\u00ed pro\u0161li deradikaliza\u010dn\u00edmi programy nebo ti, kte\u0159\u00ed do nich byli pouze navrhnuti nebo jejich sou\u010d\u00e1st\u00ed nikdy nebyli. [&hellip;]<\/p>\n","protected":false},"author":6,"featured_media":0,"parent":0,"menu_order":0,"comment_status":"closed","ping_status":"closed","template":"","meta":{"footnotes":""},"class_list":["post-7118","page","type-page","status-publish","hentry"],"_links":{"self":[{"href":"https:\/\/veda.polac.cz\/index.php?rest_route=\/wp\/v2\/pages\/7118","targetHints":{"allow":["GET"]}}],"collection":[{"href":"https:\/\/veda.polac.cz\/index.php?rest_route=\/wp\/v2\/pages"}],"about":[{"href":"https:\/\/veda.polac.cz\/index.php?rest_route=\/wp\/v2\/types\/page"}],"author":[{"embeddable":true,"href":"https:\/\/veda.polac.cz\/index.php?rest_route=\/wp\/v2\/users\/6"}],"replies":[{"embeddable":true,"href":"https:\/\/veda.polac.cz\/index.php?rest_route=%2Fwp%2Fv2%2Fcomments&post=7118"}],"version-history":[{"count":1,"href":"https:\/\/veda.polac.cz\/index.php?rest_route=\/wp\/v2\/pages\/7118\/revisions"}],"predecessor-version":[{"id":7119,"href":"https:\/\/veda.polac.cz\/index.php?rest_route=\/wp\/v2\/pages\/7118\/revisions\/7119"}],"wp:attachment":[{"href":"https:\/\/veda.polac.cz\/index.php?rest_route=%2Fwp%2Fv2%2Fmedia&parent=7118"}],"curies":[{"name":"wp","href":"https:\/\/api.w.org\/{rel}","templated":true}]}}