{"id":7116,"date":"2023-06-27T09:07:50","date_gmt":"2023-06-27T09:07:50","guid":{"rendered":"https:\/\/veda.polac.cz\/?page_id=7116"},"modified":"2023-06-27T09:07:50","modified_gmt":"2023-06-27T09:07:50","slug":"7116-2","status":"publish","type":"page","link":"https:\/\/veda.polac.cz\/?page_id=7116","title":{"rendered":""},"content":{"rendered":"<p style=\"text-align: center;\">Resum\u00e9 \u010dl\u00e1nku<\/p>\n<p><strong>K\u00a0\u00fastavn\u011bpr\u00e1vn\u00ed konformit\u011b tzv. zmrazen\u00ed majetku p\u0159i aplikaci mezin\u00e1rodn\u00edch sankc\u00ed<\/strong><\/p>\n<p><em>JUDr. Ji\u0159\u00ed Georgiev, Ph.D., Univerzita Karlova, Pr\u00e1vnick\u00e1 fakulta<br \/>\n<\/em><em>Petr Hreben\u00e1r, Ond\u0159ej Skulina, Univerzita Karlova, Pr\u00e1vnick\u00e1 fakulta<\/em><\/p>\n<p>P\u0159edm\u011btn\u00fd text se zab\u00fdv\u00e1 aktu\u00e1ln\u00edm pr\u00e1vn\u00edm stavem ve\u00a0sf\u00e9\u0159e opat\u0159en\u00ed sm\u011b\u0159uj\u00edc\u00edch k omezen\u00ed vlastnick\u00fdch pr\u00e1v v\u00a0kontextu mezin\u00e1rodn\u00edch sank\u010dn\u00edch re\u017eim\u016f. Auto\u0159i porovn\u00e1vaj\u00ed novou podobu vnitrost\u00e1tn\u00ed \u00fapravy s dosavadn\u00ed prax\u00ed v r\u00e1mci pr\u00e1vn\u00edho \u0159\u00e1du \u010cR a EU v\u00a0n\u00e1vaznosti na judikaturu \u010desk\u00e9ho \u00dastavn\u00edho soudu, Soudn\u00edho dvora Evropsk\u00e9 unie a d\u00e1le t\u00e9\u017e Evropsk\u00e9ho soudu pro lidsk\u00e1 pr\u00e1va, p\u0159i\u010dem\u017e dovozuj\u00ed z\u00e1v\u011bry t\u00fdkaj\u00edc\u00ed se \u00fastavn\u00ed konformity dot\u010den\u00e9 \u00fapravy.<\/p>\n<p><strong>Kl\u00ed\u010dov\u00e1 slova: <\/strong>Mezin\u00e1rodn\u00ed sankce, zmrazen\u00ed prost\u0159edk\u016f, sank\u010dn\u00ed z\u00e1kon, \u00fastavn\u00ed konformita, pr\u00e1vo na ochranu vlastnictv\u00ed, pr\u00e1vo b\u00fdt vyslechnut a\u00a0pr\u00e1vo na \u00fa\u010dinn\u00fd soudn\u00ed p\u0159ezkum.<\/p>\n<hr \/>\n<p><a href=\"https:\/\/veda.polac.cz\/?page_id=7101\">Zp\u011bt<\/a><\/p>\n","protected":false},"excerpt":{"rendered":"<p>Resum\u00e9 \u010dl\u00e1nku K\u00a0\u00fastavn\u011bpr\u00e1vn\u00ed konformit\u011b tzv. zmrazen\u00ed majetku p\u0159i aplikaci mezin\u00e1rodn\u00edch sankc\u00ed JUDr. Ji\u0159\u00ed Georgiev, Ph.D., Univerzita Karlova, Pr\u00e1vnick\u00e1 fakulta Petr Hreben\u00e1r, Ond\u0159ej Skulina, Univerzita Karlova, Pr\u00e1vnick\u00e1 fakulta P\u0159edm\u011btn\u00fd text se zab\u00fdv\u00e1 aktu\u00e1ln\u00edm pr\u00e1vn\u00edm stavem ve\u00a0sf\u00e9\u0159e opat\u0159en\u00ed sm\u011b\u0159uj\u00edc\u00edch k omezen\u00ed vlastnick\u00fdch pr\u00e1v v\u00a0kontextu mezin\u00e1rodn\u00edch sank\u010dn\u00edch re\u017eim\u016f. Auto\u0159i porovn\u00e1vaj\u00ed novou podobu vnitrost\u00e1tn\u00ed \u00fapravy s dosavadn\u00ed prax\u00ed v [&hellip;]<\/p>\n","protected":false},"author":6,"featured_media":0,"parent":0,"menu_order":0,"comment_status":"closed","ping_status":"closed","template":"","meta":{"footnotes":""},"class_list":["post-7116","page","type-page","status-publish","hentry"],"_links":{"self":[{"href":"https:\/\/veda.polac.cz\/index.php?rest_route=\/wp\/v2\/pages\/7116","targetHints":{"allow":["GET"]}}],"collection":[{"href":"https:\/\/veda.polac.cz\/index.php?rest_route=\/wp\/v2\/pages"}],"about":[{"href":"https:\/\/veda.polac.cz\/index.php?rest_route=\/wp\/v2\/types\/page"}],"author":[{"embeddable":true,"href":"https:\/\/veda.polac.cz\/index.php?rest_route=\/wp\/v2\/users\/6"}],"replies":[{"embeddable":true,"href":"https:\/\/veda.polac.cz\/index.php?rest_route=%2Fwp%2Fv2%2Fcomments&post=7116"}],"version-history":[{"count":1,"href":"https:\/\/veda.polac.cz\/index.php?rest_route=\/wp\/v2\/pages\/7116\/revisions"}],"predecessor-version":[{"id":7117,"href":"https:\/\/veda.polac.cz\/index.php?rest_route=\/wp\/v2\/pages\/7116\/revisions\/7117"}],"wp:attachment":[{"href":"https:\/\/veda.polac.cz\/index.php?rest_route=%2Fwp%2Fv2%2Fmedia&parent=7116"}],"curies":[{"name":"wp","href":"https:\/\/api.w.org\/{rel}","templated":true}]}}